{"id":24163,"date":"2025-04-08T19:03:03","date_gmt":"2025-04-08T18:03:03","guid":{"rendered":"https:\/\/gopinkish.com\/?post_type=product&#038;p=24163"},"modified":"2026-01-14T22:35:01","modified_gmt":"2026-01-14T21:35:01","slug":"8809563103430","status":"publish","type":"product","link":"https:\/\/gopinkish.com\/fr\/produit\/8809563103430\/","title":{"rendered":"Cr\u00e8me au bambou pour r\u00e9parer la barri\u00e8re cutan\u00e9e endommag\u00e9e et renforcer l'hydratation"},"content":{"rendered":"<p style=\"text-align: justify;\">Cette cr\u00e8me riche, enrichie d'extrait de bambou Damyang cor\u00e9en et de 100 000 ppm de panth\u00e9nol apaisant, r\u00e9pare la barri\u00e8re cutan\u00e9e endommag\u00e9e. La cr\u00e8me contient \u00e9galement des ingr\u00e9dients hydratants tels que le squalane et le hyaluronate de sodium pour renforcer l'hydratation de la peau. Sans parfum et hypoallerg\u00e9nique, la formule convient \u00e0 tous les types de peau, y compris les peaux sensibles.<\/p>\n<p dir=\"ltr\" style=\"text-align: center;\">\ud83c\uddec\ud83c\udde7 Purito Seoul Mighty Bamboo Panthenol Cream<br \/>\n\ud83c\uddeb\ud83c\uddf7 Cr\u00e8me au Panth\u00e9nol au Bambou Puissant Purito Seoul<\/p>","protected":false},"excerpt":{"rendered":"<p>\u0639\u0627\u0644\u062c\u064a \u062d\u0627\u062c\u0632 \u0627\u0644\u0628\u0634\u0631\u0629 \u0627\u0644\u062a\u0627\u0644\u0641 \u0645\u0639 \u0647\u0630\u0627 \u0627\u0644\u0643\u0631\u064a\u0645 \u0627\u0644\u063a\u0646\u064a\u060c \u0627\u0644\u063a\u0646\u064a \u0628\u0645\u0633\u062a\u062e\u0644\u0635 \u062e\u064a\u0632\u0631\u0627\u0646 \u062f\u0627\u0645\u064a\u0627\u0646\u063a \u0627\u0644\u0643\u0648\u0631\u064a \u0648100,000 \u062c\u0632\u0621 \u0641\u064a \u0627\u0644\u0645\u0644\u064a\u0648\u0646 \u0645\u0646 \u0627\u0644\u0628\u0627\u0646\u062b\u064a\u0646\u0648\u0644 \u0627\u0644\u0645\u0647\u062f\u0626. \u064a\u062d\u062a\u0648\u064a \u0627\u0644\u0643\u0631\u064a\u0645 \u0623\u064a\u0636\u064b\u0627 \u0639\u0644\u0649 \u0645\u0643\u0648\u0646\u0627\u062a \u0645\u0631\u0637\u0628\u0629 \u0645\u062b\u0644 \u0627\u0644\u0633\u0643\u0648\u0627\u0644\u064a\u0646 \u0648\u0647\u064a\u0627\u0644\u0648\u0631\u0648\u0646\u0627\u062a \u0627\u0644\u0635\u0648\u062f\u064a\u0648\u0645 \u0644\u062a\u0639\u0632\u064a\u0632 \u062a\u0631\u0637\u064a\u0628 \u0627\u0644\u0628\u0634\u0631\u0629. \u062a\u0631\u0643\u064a\u0628\u0629 \u062e\u0627\u0644\u064a\u0629 \u0645\u0646 \u0627\u0644\u0639\u0637\u0648\u0631 \u0648\u0645\u0636\u0627\u062f\u0629 \u0644\u0644\u062d\u0633\u0627\u0633\u064a\u0629\u060c \u0645\u0646\u0627\u0633\u0628\u0629 \u0644\u062c\u0645\u064a\u0639 \u0623\u0646\u0648\u0627\u0639 \u0627\u0644\u0628\u0634\u0631\u0629\u060c \u0628\u0645\u0627 \u0641\u064a \u0630\u0644\u0643 \u0627\u0644\u0628\u0634\u0631\u0629 \u0627\u0644\u062d\u0633\u0627\u0633\u0629. \ud83c\uddec\ud83c\udde7 Purito Seoul Mighty Bamboo Panthenol Cream [&hellip;]<\/p>\n","protected":false},"featured_media":24171,"template":"","meta":[],"pwb-brand":[1412],"product_brand":[],"product_cat":[1231,1227],"product_tag":[697],"class_list":{"0":"post-24163","1":"product","2":"type-product","3":"status-publish","4":"has-post-thumbnail","6":"pwb-brand-purito","7":"product_cat-daily-face-care","8":"product_cat-face-renew","9":"product_tag-moisturizing","11":"first","12":"instock","13":"shipping-taxable","14":"purchasable","15":"product-type-variable","16":"has-default-attributes","17":"wvs-archive-product-wrapper"},"brands":[{"id":1412,"name":"Burrito","slug":"purito"}],"_links":{"self":[{"href":"https:\/\/gopinkish.com\/fr\/wp-json\/wp\/v2\/product\/24163","targetHints":{"allow":["GET"]}}],"collection":[{"href":"https:\/\/gopinkish.com\/fr\/wp-json\/wp\/v2\/product"}],"about":[{"href":"https:\/\/gopinkish.com\/fr\/wp-json\/wp\/v2\/types\/product"}],"wp:featuredmedia":[{"embeddable":true,"href":"https:\/\/gopinkish.com\/fr\/wp-json\/wp\/v2\/media\/24171"}],"wp:attachment":[{"href":"https:\/\/gopinkish.com\/fr\/wp-json\/wp\/v2\/media?parent=24163"}],"wp:term":[{"taxonomy":"pwb-brand","embeddable":true,"href":"https:\/\/gopinkish.com\/fr\/wp-json\/wp\/v2\/pwb-brand?post=24163"},{"taxonomy":"product_brand","embeddable":true,"href":"https:\/\/gopinkish.com\/fr\/wp-json\/wp\/v2\/product_brand?post=24163"},{"taxonomy":"product_cat","embeddable":true,"href":"https:\/\/gopinkish.com\/fr\/wp-json\/wp\/v2\/product_cat?post=24163"},{"taxonomy":"product_tag","embeddable":true,"href":"https:\/\/gopinkish.com\/fr\/wp-json\/wp\/v2\/product_tag?post=24163"}],"curies":[{"name":"wp","href":"https:\/\/api.w.org\/{rel}","templated":true}]}}