{"id":24158,"date":"2025-04-08T12:03:30","date_gmt":"2025-04-08T11:03:30","guid":{"rendered":"https:\/\/gopinkish.com\/?post_type=product&#038;p=24158"},"modified":"2026-01-19T11:59:02","modified_gmt":"2026-01-19T10:59:02","slug":"7618900931091","status":"publish","type":"product","link":"https:\/\/gopinkish.com\/fr\/produit\/7618900931091\/","title":{"rendered":"S\u00e9rum pour renforcer, allonger et volumiser les cils"},"content":{"rendered":"<p style=\"text-align: justify;\">Con\u00e7u pour renforcer, gainer et prot\u00e9ger vos cils, les rendant plus \u00e9pais, plus fournis et plus longs. Enrichi en extraits naturels, en vitamines et en prot\u00e9ines, il agit pendant la nuit pour \u00e9paissir, allonger et adoucir visiblement les cils.<\/p>\n<p dir=\"ltr\" style=\"text-align: center;\">\ud83c\uddec\ud83c\udde7 Mavala Double Lash<br \/>\n\ud83c\uddeb\ud83c\uddf7 Double Cils Mavala<\/p>","protected":false},"excerpt":{"rendered":"<p>\u0645\u064f\u0635\u0645\u0645 \u0644\u062a\u0642\u0648\u064a\u0629 \u0631\u0645\u0648\u0634\u0643\u0650 \u0648\u062a\u063a\u0637\u064a\u062a\u0647\u0627 \u0648\u062d\u0645\u0627\u064a\u062a\u0647\u0627\u060c \u0645\u0645\u0627 \u064a\u062c\u0639\u0644\u0647\u0627 \u0623\u0643\u062b\u0631 \u0643\u062b\u0627\u0641\u0629\u064b \u0648\u0627\u0645\u062a\u0644\u0627\u0621\u064b \u0648\u0637\u0648\u0644\u0627\u064b. \u063a\u0646\u064a \u0628\u0645\u0633\u062a\u062e\u0644\u0635\u0627\u062a \u0637\u0628\u064a\u0639\u064a\u0629 \u063a\u0646\u064a\u0629 \u0628\u0627\u0644\u0641\u064a\u062a\u0627\u0645\u064a\u0646\u0627\u062a \u0648\u0627\u0644\u0628\u0631\u0648\u062a\u064a\u0646\u0627\u062a\u060c \u064a\u0639\u0645\u0644 \u0637\u0648\u0627\u0644 \u0627\u0644\u0644\u064a\u0644 \u0639\u0644\u0649 \u062a\u0643\u062b\u064a\u0641 \u0627\u0644\u0631\u0645\u0648\u0634 \u0648\u0625\u0637\u0627\u0644\u062a\u0647\u0627 \u0648\u062a\u0646\u0639\u064a\u0645\u0647\u0627 \u0628\u0634\u0643\u0644 \u0645\u0644\u062d\u0648\u0638. \ud83c\uddec\ud83c\udde7 Mavala Double Lash \ud83c\uddeb\ud83c\uddf7 Double Cils Mavala<\/p>","protected":false},"featured_media":24159,"template":"","meta":[],"pwb-brand":[],"product_brand":[],"product_cat":[1189],"product_tag":[],"class_list":{"0":"post-24158","1":"product","2":"type-product","3":"status-publish","4":"has-post-thumbnail","6":"product_cat-eyes-mascara","8":"first","9":"outofstock","10":"shipping-taxable","11":"product-type-variable","12":"has-default-attributes","13":"wvs-archive-product-wrapper"},"brands":[],"_links":{"self":[{"href":"https:\/\/gopinkish.com\/fr\/wp-json\/wp\/v2\/product\/24158","targetHints":{"allow":["GET"]}}],"collection":[{"href":"https:\/\/gopinkish.com\/fr\/wp-json\/wp\/v2\/product"}],"about":[{"href":"https:\/\/gopinkish.com\/fr\/wp-json\/wp\/v2\/types\/product"}],"wp:featuredmedia":[{"embeddable":true,"href":"https:\/\/gopinkish.com\/fr\/wp-json\/wp\/v2\/media\/24159"}],"wp:attachment":[{"href":"https:\/\/gopinkish.com\/fr\/wp-json\/wp\/v2\/media?parent=24158"}],"wp:term":[{"taxonomy":"pwb-brand","embeddable":true,"href":"https:\/\/gopinkish.com\/fr\/wp-json\/wp\/v2\/pwb-brand?post=24158"},{"taxonomy":"product_brand","embeddable":true,"href":"https:\/\/gopinkish.com\/fr\/wp-json\/wp\/v2\/product_brand?post=24158"},{"taxonomy":"product_cat","embeddable":true,"href":"https:\/\/gopinkish.com\/fr\/wp-json\/wp\/v2\/product_cat?post=24158"},{"taxonomy":"product_tag","embeddable":true,"href":"https:\/\/gopinkish.com\/fr\/wp-json\/wp\/v2\/product_tag?post=24158"}],"curies":[{"name":"wp","href":"https:\/\/api.w.org\/{rel}","templated":true}]}}