{"id":24027,"date":"2025-04-07T23:14:00","date_gmt":"2025-04-07T22:14:00","guid":{"rendered":"https:\/\/gopinkish.com\/?post_type=product&#038;p=24027"},"modified":"2026-01-14T23:37:25","modified_gmt":"2026-01-14T22:37:25","slug":"8809447255286","status":"publish","type":"product","link":"https:\/\/gopinkish.com\/fr\/produit\/8809447255286\/","title":{"rendered":"Un s\u00e9rum doux au r\u00e9tinol pour un soin complet de la peau en cas de rides et ridules"},"content":{"rendered":"<p style=\"text-align: justify;\">0.1% Gentle Retinol Serum est une formule l\u00e9g\u00e8rement irritante con\u00e7ue pour nourrir la peau \u00e9lastique gr\u00e2ce au pouvoir du r\u00e9tinol et du bacuchiol. Ce s\u00e9rum est formul\u00e9 avec un m\u00e9lange soigneusement \u00e9quilibr\u00e9 de bacuchiol, connu pour ses effets \u00e9lastiques sur les pores, et de r\u00e9tinol pur, afin de fournir un soin complet pour l'\u00e9lasticit\u00e9 de la peau. Id\u00e9al pour les peaux sensibles au r\u00e9tinol, l'association du r\u00e9tinol et du bacuchiol maximise son efficacit\u00e9 tout en minimisant les irritations. Enrichie d'ingr\u00e9dients hydratants tels que le panth\u00e9nol, la s\u00e8ve de bouleau et l'huile de soja, elle maintient la peau hydrat\u00e9e tout au long de la journ\u00e9e et pr\u00e9vient le dess\u00e8chement. Sa formule l\u00e9g\u00e8re assure une absorption rapide par la peau et ne laisse aucun r\u00e9sidu.<\/p>\n<p dir=\"ltr\" style=\"text-align: center;\">\ud83c\uddec\ud83c\udde7 Dr Althea 0.1% S\u00e9rum doux au r\u00e9tinol<br \/>\n\ud83c\uddeb\ud83c\uddf7 S\u00e9rum Doux au R\u00e9tinol 0,1 % Dr Althea<\/p>","protected":false},"excerpt":{"rendered":"<p>\u0633\u064a\u0631\u0648\u0645 \u0631\u064a\u062a\u064a\u0646\u0648\u0644 \u0644\u0637\u064a\u0641 \u0628\u062a\u0631\u0643\u064a\u0632 0.1%\u060c \u062a\u0631\u0643\u064a\u0628\u0629 \u062e\u0641\u064a\u0641\u0629 \u0627\u0644\u062a\u0647\u064a\u062c\u060c \u0645\u0635\u0645\u0645\u0629 \u0644\u062a\u063a\u0630\u064a\u0629 \u0628\u0634\u0631\u0629 \u0645\u0631\u0646\u0629 \u0628\u0641\u0636\u0644 \u0642\u0648\u0629 \u0627\u0644\u0631\u064a\u062a\u064a\u0646\u0648\u0644 \u0648\u0627\u0644\u0628\u0627\u0643\u0648\u062a\u0634\u064a\u0648\u0644. \u0635\u064f\u0646\u0639 \u0647\u0630\u0627 \u0627\u0644\u0633\u064a\u0631\u0648\u0645 \u0628\u0645\u0632\u064a\u062c \u0645\u062a\u0648\u0627\u0632\u0646 \u0628\u0639\u0646\u0627\u064a\u0629 \u0645\u0646 \u0627\u0644\u0628\u0627\u0643\u0648\u062a\u0634\u064a\u0648\u0644\u060c \u0627\u0644\u0645\u0639\u0631\u0648\u0641 \u0628\u062a\u0623\u062b\u064a\u0631\u0647 \u0627\u0644\u0645\u0631\u0646 \u0639\u0644\u0649 \u0627\u0644\u0645\u0633\u0627\u0645\u060c \u0648\u0627\u0644\u0631\u064a\u062a\u064a\u0646\u0648\u0644 \u0627\u0644\u0646\u0642\u064a\u060c \u0644\u064a\u0642\u062f\u0645 \u0639\u0646\u0627\u064a\u0629 \u0634\u0627\u0645\u0644\u0629 \u0628\u0645\u0631\u0648\u0646\u0629 \u0627\u0644\u0628\u0634\u0631\u0629. \u0645\u062b\u0627\u0644\u064a \u0644\u0644\u0628\u0634\u0631\u0629 \u0627\u0644\u062d\u0633\u0627\u0633\u0629 \u062a\u062c\u0627\u0647 \u0627\u0644\u0631\u064a\u062a\u064a\u0646\u0648\u0644\u060c \u062d\u064a\u062b \u064a\u0632\u064a\u062f \u0645\u0632\u064a\u062c \u0627\u0644\u0631\u064a\u062a\u064a\u0646\u0648\u0644 \u0648\u0627\u0644\u0628\u0627\u0643\u0648\u062a\u0634\u064a\u0648\u0644 \u0645\u0646 \u0641\u0639\u0627\u0644\u064a\u062a\u0647 \u0645\u0639 \u062a\u0642\u0644\u064a\u0644 \u0627\u0644\u062a\u0647\u064a\u062c. \u0628\u0627\u0644\u0625\u0636\u0627\u0641\u0629 \u0625\u0644\u0649 \u0630\u0644\u0643\u060c \u0641\u0647\u0648 [&hellip;]<\/p>\n","protected":false},"featured_media":24036,"template":"","meta":[],"pwb-brand":[1375],"product_brand":[],"product_cat":[1231,1227,1230],"product_tag":[672,1013,763],"class_list":{"0":"post-24027","1":"product","2":"type-product","3":"status-publish","4":"has-post-thumbnail","6":"pwb-brand-doctor-althea","7":"product_cat-daily-face-care","8":"product_cat-face-renew","9":"product_cat-face-serum","10":"product_tag-wrinkles","11":"product_tag-1013","12":"product_tag-korean-product-2","14":"first","15":"instock","16":"shipping-taxable","17":"purchasable","18":"product-type-variable","19":"has-default-attributes","20":"wvs-archive-product-wrapper"},"brands":[{"id":1375,"name":"Dr. Althea","slug":"docteur-althea"}],"_links":{"self":[{"href":"https:\/\/gopinkish.com\/fr\/wp-json\/wp\/v2\/product\/24027","targetHints":{"allow":["GET"]}}],"collection":[{"href":"https:\/\/gopinkish.com\/fr\/wp-json\/wp\/v2\/product"}],"about":[{"href":"https:\/\/gopinkish.com\/fr\/wp-json\/wp\/v2\/types\/product"}],"wp:featuredmedia":[{"embeddable":true,"href":"https:\/\/gopinkish.com\/fr\/wp-json\/wp\/v2\/media\/24036"}],"wp:attachment":[{"href":"https:\/\/gopinkish.com\/fr\/wp-json\/wp\/v2\/media?parent=24027"}],"wp:term":[{"taxonomy":"pwb-brand","embeddable":true,"href":"https:\/\/gopinkish.com\/fr\/wp-json\/wp\/v2\/pwb-brand?post=24027"},{"taxonomy":"product_brand","embeddable":true,"href":"https:\/\/gopinkish.com\/fr\/wp-json\/wp\/v2\/product_brand?post=24027"},{"taxonomy":"product_cat","embeddable":true,"href":"https:\/\/gopinkish.com\/fr\/wp-json\/wp\/v2\/product_cat?post=24027"},{"taxonomy":"product_tag","embeddable":true,"href":"https:\/\/gopinkish.com\/fr\/wp-json\/wp\/v2\/product_tag?post=24027"}],"curies":[{"name":"wp","href":"https:\/\/api.w.org\/{rel}","templated":true}]}}