{"id":23893,"date":"2025-03-24T02:22:31","date_gmt":"2025-03-24T01:22:31","guid":{"rendered":"https:\/\/gopinkish.com\/?post_type=product&#038;p=23893"},"modified":"2025-04-23T22:58:05","modified_gmt":"2025-04-23T21:58:05","slug":"800897250034","status":"publish","type":"product","link":"https:\/\/gopinkish.com\/fr\/produit\/800897250034\/","title":{"rendered":"Crayon \u00e0 l\u00e8vres ultra-pigment\u00e9 et longue dur\u00e9e"},"content":{"rendered":"<p style=\"text-align: justify;\"><div  class=\"section-element\"><div class=\"row\"><div class=\"large-12 nasa-col columns\"><div class=\"wpb_text_column wpb_content_element\" ><p style=\"text-align: justify;\">Brillance et \u00e9clat ! D\u00e9couvrez un crayon \u00e0 l\u00e8vres longue tenue qui rehausse l'audace de tous vos looks gr\u00e2ce \u00e0 son doux fini mat. Il est temps de dire adieu aux crayons \u00e0 l\u00e8vres d\u00e9mod\u00e9s, durs, secs et sans pigments. Dites bonjour \u00e0 une nouvelle g\u00e9n\u00e9ration de crayons \u00e0 l\u00e8vres ultra-pigment\u00e9s, cr\u00e9meux et confortables ! Sa formule est enrichie en huile de jojoba et en vitamine E pour des l\u00e8vres plus lisses et plus douces. Jamais sec, toujours confortable. La formule cr\u00e9meuse et waterproof glisse en douceur pour une application pr\u00e9cise qui s'estompe facilement. Extr\u00eamement cr\u00e9meux. Extr\u00eamement doux. Extr\u00eamement riche. Prenez soin de vos l\u00e8vres !<\/p>\n<p style=\"text-align: justify;\">\n<\/div><\/div><\/div><\/div><div  class=\"section-element\"><div class=\"row\"><div class=\"large-12 nasa-col columns\"><div class=\"vc_empty_space\"   style=\"height: 32px\"><span class=\"vc_empty_space_inner\"><\/span><\/div>\n\t<div class=\"wpb_video_widget wpb_content_element vc_clearfix   vc_video-aspect-ratio-169 vc_video-el-width-100 vc_video-align-left\" >\n\t\t<div class=\"wpb_wrapper\">\n\t\t\t\n\t\t\t<div class=\"wpb_video_wrapper\"><iframe loading=\"lazy\" title=\"NOUVEAU MAKEUP HOT - LINE LOUD vient de sortir de chez NYX Professional Makeup\" width=\"500\" height=\"281\" src=\"https:\/\/www.youtube.com\/embed\/F0oYzMD2tSQ?feature=oembed\" frameborder=\"0\" allow=\"accelerometer; autoplay; clipboard-write; encrypted-media; gyroscope; picture-in-picture; web-share\" referrerpolicy=\"strict-origin-when-cross-origin\" allowfullscreen><\/iframe><\/div>\n\t\t<\/div>\n\t<\/div>\n<\/div><\/div><\/div>","protected":false},"excerpt":{"rendered":"\u062a\u0623\u0644\u0642\u064a \u0648\u0627\u0628\u062f\u0626\u064a! \u0627\u0643\u062a\u0634\u0641\u064a \u0645\u062d\u062f\u062f \u0627\u0644\u0634\u0641\u0627\u0647 \u0637\u0648\u064a\u0644 \u0627\u0644\u0623\u0645\u062f \u0627\u0644\u0630\u064a \u064a\u0639\u0632\u0632 \u062c\u0631\u0623\u0629 \u062c\u0645\u064a\u0639 \u0625\u0637\u0644\u0627\u0644\u0627\u062a\u0643 \u0628\u0641\u0636\u0644 \u0645\u0644\u0645\u0633\u0647 \u0627\u0644\u0646\u0627\u0639\u0645 \u063a\u064a\u0631 \u0627\u0644\u0644\u0627\u0645\u0639. \u062d\u0627\u0646 \u0648\u0642\u062a \u0648\u062f\u0627\u0639 \u0645\u062d\u062f\u062f\u0627\u062a \u0627\u0644\u0634\u0641\u0627\u0647 \u0627\u0644\u0642\u062f\u064a\u0645\u0629\u060c \u0627\u0644\u0642\u0627\u0633\u064a\u0629\u060c \u0648\u0627\u0644\u062c\u0627\u0641\u0629\u060c \u0648\u0627\u0644\u062e\u0627\u0644\u064a\u0629 \u0645\u0646 \u0627\u0644\u062a\u0635\u0628\u063a\u0627\u062a. \u0631\u062d\u0651\u0628\u064a \u0628\u062c\u064a\u0644 \u062c\u062f\u064a\u062f \u0645\u0646 \u0645\u062d\u062f\u062f\u0627\u062a \u0627\u0644\u0634\u0641\u0627\u0647 \u0641\u0627\u0626\u0642\u0629 \u0627\u0644\u062a\u0635\u0628\u063a\u060c \u0627\u0644\u0643\u0631\u064a\u0645\u064a\u0629\u060c \u0648\u0627\u0644\u0645\u0631\u064a\u062d\u0629! \u062a\u0631\u0643\u064a\u0628\u062a\u0647 \u063a\u0646\u064a\u0629 \u0628\u0632\u064a\u062a \u0627\u0644\u062c\u0648\u062c\u0648\u0628\u0627 \u0648\u0641\u064a\u062a\u0627\u0645\u064a\u0646 E \u0644\u0634\u0641\u0627\u0647 \u0623\u0643\u062b\u0631 \u0646\u0639\u0648\u0645\u0629 \u0648\u0646\u0639\u0648\u0645\u0629. \u0644\u0627 \u064a\u062c\u0641 \u0623\u0628\u062f\u064b\u0627\u060c \u0645\u0631\u064a\u062d \u062f\u0627\u0626\u0645\u064b\u0627. \u062a\u0631\u0643\u064a\u0628\u0629 \u0643\u0631\u064a\u0645\u064a\u0629 [...]","protected":false},"featured_media":23900,"template":"","meta":[],"pwb-brand":[767],"product_brand":[],"product_cat":[1179],"product_tag":[],"class_list":{"0":"post-23893","1":"product","2":"type-product","3":"status-publish","4":"has-post-thumbnail","6":"pwb-brand-nyx","7":"product_cat-lips-liner-makeup","9":"first","10":"outofstock","11":"shipping-taxable","12":"product-type-variable","13":"has-default-attributes","14":"wvs-archive-product-wrapper"},"brands":[{"id":767,"name":"Nyx","slug":"nyx"}],"_links":{"self":[{"href":"https:\/\/gopinkish.com\/fr\/wp-json\/wp\/v2\/product\/23893","targetHints":{"allow":["GET"]}}],"collection":[{"href":"https:\/\/gopinkish.com\/fr\/wp-json\/wp\/v2\/product"}],"about":[{"href":"https:\/\/gopinkish.com\/fr\/wp-json\/wp\/v2\/types\/product"}],"wp:featuredmedia":[{"embeddable":true,"href":"https:\/\/gopinkish.com\/fr\/wp-json\/wp\/v2\/media\/23900"}],"wp:attachment":[{"href":"https:\/\/gopinkish.com\/fr\/wp-json\/wp\/v2\/media?parent=23893"}],"wp:term":[{"taxonomy":"pwb-brand","embeddable":true,"href":"https:\/\/gopinkish.com\/fr\/wp-json\/wp\/v2\/pwb-brand?post=23893"},{"taxonomy":"product_brand","embeddable":true,"href":"https:\/\/gopinkish.com\/fr\/wp-json\/wp\/v2\/product_brand?post=23893"},{"taxonomy":"product_cat","embeddable":true,"href":"https:\/\/gopinkish.com\/fr\/wp-json\/wp\/v2\/product_cat?post=23893"},{"taxonomy":"product_tag","embeddable":true,"href":"https:\/\/gopinkish.com\/fr\/wp-json\/wp\/v2\/product_tag?post=23893"}],"curies":[{"name":"wp","href":"https:\/\/api.w.org\/{rel}","templated":true}]}}