{"id":23818,"date":"2025-03-22T02:22:11","date_gmt":"2025-03-22T01:22:11","guid":{"rendered":"https:\/\/gopinkish.com\/?post_type=product&#038;p=23818"},"modified":"2026-04-13T13:37:19","modified_gmt":"2026-04-13T12:37:19","slug":"3378872132820","status":"publish","type":"product","link":"https:\/\/gopinkish.com\/fr\/produit\/3378872132820\/","title":{"rendered":"Palette d'ombres \u00e0 paupi\u00e8res Holographic Nudes - 6"},"content":{"rendered":"<p style=\"text-align: justify;\">Une mini palette avec 4 ombres \u00e0 paupi\u00e8res nude et 2 top coats holographiques pour cr\u00e9er toutes sortes de looks, du classique au glamour.<\/p>\n<p style=\"text-align: justify;\">Inspir\u00e9e par le reflet de la lune et des \u00e9toiles scintillantes, cette palette offre une nouvelle gamme de couleurs, puissante et efficace en un seul coup de pinceau. Ajoutez une touche de glamour \u00e0 votre look avec une palette de 4 teintes naturelles faciles \u00e0 porter, comprenant deux top coats hologrammes rose et bleu, avec des reflets roses et bleus.<\/p>\n<p dir=\"ltr\" style=\"text-align: center;\">\ud83c\uddec\ud83c\udde7 Sephora Collection Palette d'ombres \u00e0 paupi\u00e8res Nudes Holographiques<br \/>\n\ud83c\uddeb\ud83c\uddf7 Palette Fards \u00e0 Paupi\u00e8res Sephora Collection Holographic Nudes<\/p>","protected":false},"excerpt":{"rendered":"<p>\u0644\u0648\u062d\u0629 \u0623\u0644\u0648\u0627\u0646 \u0635\u063a\u064a\u0631\u0629 \u062a\u062d\u062a\u0648\u064a \u0639\u0644\u0649 4 \u0638\u0644\u0627\u0644 \u0639\u064a\u0648\u0646 \u0628\u0644\u0648\u0646 \u0637\u0628\u064a\u0639\u064a \u0648\u0637\u0628\u0642\u062a\u064a\u0646 \u0639\u0644\u0648\u064a\u062a\u064a\u0646 \u0628\u0644\u0648\u0646 \u0627\u0644\u0647\u0648\u0644\u0648\u063a\u0631\u0627\u0645\u060c \u0644\u062a\u0628\u062a\u0643\u0631\u064a \u062c\u0645\u064a\u0639 \u0623\u0646\u0648\u0627\u0639 \u0627\u0644\u0625\u0637\u0644\u0627\u0644\u0627\u062a\u060c \u0645\u0646 \u0627\u0644\u0643\u0644\u0627\u0633\u064a\u0643\u064a\u0629 \u0625\u0644\u0649 \u0627\u0644\u062c\u0630\u0627\u0628\u0629. \u0645\u0633\u062a\u0648\u062d\u0627\u0629 \u0645\u0646 \u0627\u0646\u0639\u0643\u0627\u0633 \u0627\u0644\u0642\u0645\u0631 \u0648\u0627\u0644\u0646\u062c\u0648\u0645 \u0627\u0644\u0645\u062a\u0644\u0623\u0644\u0626\u0629\u060c \u062a\u0642\u062f\u0645 \u0644\u0643\u0650 \u0647\u0630\u0647 \u0627\u0644\u0644\u0648\u062d\u0629 \u062a\u0634\u0643\u064a\u0644\u0629 \u062c\u062f\u064a\u062f\u0629 \u0645\u0646 \u0627\u0644\u0623\u0644\u0648\u0627\u0646\u060c \u0642\u0648\u064a\u0629 \u0648\u0641\u0639\u0651\u0627\u0644\u0629 \u0628\u0644\u0645\u0633\u0629 \u0648\u0627\u062d\u062f\u0629. \u0623\u0636\u064a\u0641\u064a \u0644\u0645\u0633\u0629 \u0633\u0627\u062d\u0631\u0629 \u0639\u0644\u0649 \u0625\u0637\u0644\u0627\u0644\u062a\u0643\u0650 \u0645\u0639 \u062a\u062f\u0631\u062c \u0645\u0646 4 \u062f\u0631\u062c\u0627\u062a \u0644\u0648\u0646 \u0637\u0628\u064a\u0639\u064a \u0633\u0647\u0644\u0629 \u0627\u0644\u0627\u0631\u062a\u062f\u0627\u0621\u060c \u062a\u064f\u0646\u0627\u0633\u0628 [&hellip;]<\/p>\n","protected":false},"featured_media":23823,"template":"","meta":[],"pwb-brand":[221],"product_brand":[],"product_cat":[1188,1203,1165,1190],"product_tag":[],"class_list":{"0":"post-23818","1":"product","2":"type-product","3":"status-publish","4":"has-post-thumbnail","6":"pwb-brand-sephora","7":"product_cat-eyes-makeup-palette","8":"product_cat-makeup-palettes","9":"product_cat-makeup-palette","10":"product_cat-eyes-shadow","12":"first","13":"instock","14":"shipping-taxable","15":"purchasable","16":"product-type-variable","17":"has-default-attributes","18":"wvs-archive-product-wrapper"},"brands":[{"id":221,"name":"Sephora","slug":"sephora"}],"_links":{"self":[{"href":"https:\/\/gopinkish.com\/fr\/wp-json\/wp\/v2\/product\/23818","targetHints":{"allow":["GET"]}}],"collection":[{"href":"https:\/\/gopinkish.com\/fr\/wp-json\/wp\/v2\/product"}],"about":[{"href":"https:\/\/gopinkish.com\/fr\/wp-json\/wp\/v2\/types\/product"}],"wp:featuredmedia":[{"embeddable":true,"href":"https:\/\/gopinkish.com\/fr\/wp-json\/wp\/v2\/media\/23823"}],"wp:attachment":[{"href":"https:\/\/gopinkish.com\/fr\/wp-json\/wp\/v2\/media?parent=23818"}],"wp:term":[{"taxonomy":"pwb-brand","embeddable":true,"href":"https:\/\/gopinkish.com\/fr\/wp-json\/wp\/v2\/pwb-brand?post=23818"},{"taxonomy":"product_brand","embeddable":true,"href":"https:\/\/gopinkish.com\/fr\/wp-json\/wp\/v2\/product_brand?post=23818"},{"taxonomy":"product_cat","embeddable":true,"href":"https:\/\/gopinkish.com\/fr\/wp-json\/wp\/v2\/product_cat?post=23818"},{"taxonomy":"product_tag","embeddable":true,"href":"https:\/\/gopinkish.com\/fr\/wp-json\/wp\/v2\/product_tag?post=23818"}],"curies":[{"name":"wp","href":"https:\/\/api.w.org\/{rel}","templated":true}]}}