{"id":23698,"date":"2025-03-10T17:45:13","date_gmt":"2025-03-10T16:45:13","guid":{"rendered":"https:\/\/gopinkish.com\/?post_type=product&#038;p=23698"},"modified":"2025-05-15T16:40:04","modified_gmt":"2025-05-15T15:40:04","slug":"3282770104738","status":"publish","type":"product","link":"https:\/\/gopinkish.com\/fr\/produit\/3282770104738\/","title":{"rendered":"Savon super hydratant et soignant pour b\u00e9b\u00e9s et enfants"},"content":{"rendered":"<p style=\"text-align: justify;\">Ce savon doux et ultra-hydratant s'utilise quotidiennement pour nettoyer le visage et le corps des jeunes enfants. Il est un compagnon pratique pour la toilette des peaux normales ou sensibles des b\u00e9b\u00e9s, d\u00e8s la naissance. Sa formule biod\u00e9gradable, enrichie en fleur de calendula apaisante et en 97% d'ingr\u00e9dients naturels, est extr\u00eamement douce et pr\u00e9serve l'\u00e9quilibre naturel de la peau. Apaise et nourrit la peau de b\u00e9b\u00e9.<\/p>\n<p style=\"text-align: justify;\">La douceur de ce savon ultra-hydratant est due \u00e0 son m\u00e9lange d'actifs nourrissants et protecteurs. Il favorise l'hydratation de la peau gr\u00e2ce \u00e0 son parfum d\u00e9licat et \u00e0 ses propri\u00e9t\u00e9s apaisantes.<\/p>\n<p style=\"text-align: justify;\"><strong>- Nettoyeur :<\/strong> Nettoie en douceur la peau du corps et du visage sans provoquer d'irritation ni de s\u00e9cheresse.<br \/>\n- <strong>Tranquillisant :<\/strong> Le savon ultra-hydratant soulage les tiraillements et apaise la peau gr\u00e2ce \u00e0 ses ingr\u00e9dients hydratants, dont l'huile de cameline naturelle et l'extrait de calendula apaisant issu de fleurs biologiques.<br \/>\n- <strong>Nourrissant :<\/strong> Sa formule ultra-hydratante prot\u00e8ge la peau des agressions ext\u00e9rieures et renforce la couche lipidique.<\/p>\n<p style=\"text-align: justify;\">Convient aux b\u00e9b\u00e9s d\u00e8s la naissance : \u00c2ge \u00e0 partir de 0 mois<\/p>\n<p style=\"text-align: justify;\">Type de peau : Normal<\/p>\n<p style=\"text-align: justify;\">Apaiser - R\u00e9conforter - Nettoyer<\/p>","protected":false},"excerpt":{"rendered":"<p>\u064a\u064f\u0633\u062a\u062e\u062f\u0645 \u0647\u0630\u0627 \u0627\u0644\u0635\u0627\u0628\u0648\u0646 \u0627\u0644\u0644\u0637\u064a\u0641 \u0641\u0627\u0626\u0642 \u0627\u0644\u062a\u0631\u0637\u064a\u0628 \u064a\u0648\u0645\u064a\u064b\u0627 \u0644\u062a\u0646\u0638\u064a\u0641 \u0648\u062c\u0647 \u0648\u062c\u0633\u0645 \u0627\u0644\u0623\u0637\u0641\u0627\u0644 \u0627\u0644\u0635\u063a\u0627\u0631. \u0625\u0646\u0647 \u0631\u0641\u064a\u0642 \u0639\u0645\u0644\u064a \u0644\u063a\u0633\u0644 \u0628\u0634\u0631\u0629 \u0627\u0644\u0623\u0637\u0641\u0627\u0644 \u0627\u0644\u0639\u0627\u062f\u064a\u0629 \u0623\u0648 \u0627\u0644\u062d\u0633\u0627\u0633\u0629\u060c \u0648\u0647\u0648 \u0645\u0646\u0627\u0633\u0628 \u0645\u0646\u0630 \u0627\u0644\u0648\u0644\u0627\u062f\u0629. \u062a\u0631\u0643\u064a\u0628\u062a\u0647 \u0627\u0644\u0642\u0627\u0628\u0644\u0629 \u0644\u0644\u062a\u062d\u0644\u0644 \u0627\u0644\u062d\u064a\u0648\u064a\u060c \u0648\u0627\u0644\u0645\u064f\u0639\u0632\u0632\u0629 \u0628\u0632\u0647\u0631\u0629 \u0627\u0644\u0622\u0630\u0631\u064a\u0648\u0646 \u0627\u0644\u0645\u064f\u0647\u062f\u0626\u0629\u060c \u0648\u0627\u0644\u0645\u0643\u0648\u0646\u0629 \u0645\u0646 97% \u0645\u0646 \u0627\u0644\u0645\u0643\u0648\u0646\u0627\u062a \u0627\u0644\u0637\u0628\u064a\u0639\u064a\u0629\u060c \u0644\u0637\u064a\u0641\u0629 \u0644\u0644\u063a\u0627\u064a\u0629\u060c \u0648\u062a\u062d\u0627\u0641\u0638 \u0639\u0644\u0649 \u062a\u0648\u0627\u0632\u0646 \u0627\u0644\u0628\u0634\u0631\u0629 \u0627\u0644\u0637\u0628\u064a\u0639\u064a. \u062a\u064f\u0647\u062f\u0626 \u0628\u0634\u0631\u0629 \u0627\u0644\u0637\u0641\u0644 \u0648\u062a\u064f\u063a\u0630\u064a\u0647\u0627. \u064a\u0639\u0648\u062f \u0627\u0644\u0641\u0636\u0644 \u0641\u064a \u0646\u0639\u0648\u0645\u0629 \u0627\u0644\u0635\u0627\u0628\u0648\u0646 [&hellip;]<\/p>\n","protected":false},"featured_media":23699,"template":"","meta":[],"pwb-brand":[],"product_brand":[],"product_cat":[1138,1162],"product_tag":[1036,1031],"class_list":{"0":"post-23698","1":"product","2":"type-product","3":"status-publish","4":"has-post-thumbnail","6":"product_cat-bath-and-shower","7":"product_cat-mom-baby","8":"product_tag-1036","9":"product_tag-1031","11":"first","12":"outofstock","13":"shipping-taxable","14":"product-type-variable","15":"has-default-attributes","16":"wvs-archive-product-wrapper"},"brands":[],"_links":{"self":[{"href":"https:\/\/gopinkish.com\/fr\/wp-json\/wp\/v2\/product\/23698","targetHints":{"allow":["GET"]}}],"collection":[{"href":"https:\/\/gopinkish.com\/fr\/wp-json\/wp\/v2\/product"}],"about":[{"href":"https:\/\/gopinkish.com\/fr\/wp-json\/wp\/v2\/types\/product"}],"wp:featuredmedia":[{"embeddable":true,"href":"https:\/\/gopinkish.com\/fr\/wp-json\/wp\/v2\/media\/23699"}],"wp:attachment":[{"href":"https:\/\/gopinkish.com\/fr\/wp-json\/wp\/v2\/media?parent=23698"}],"wp:term":[{"taxonomy":"pwb-brand","embeddable":true,"href":"https:\/\/gopinkish.com\/fr\/wp-json\/wp\/v2\/pwb-brand?post=23698"},{"taxonomy":"product_brand","embeddable":true,"href":"https:\/\/gopinkish.com\/fr\/wp-json\/wp\/v2\/product_brand?post=23698"},{"taxonomy":"product_cat","embeddable":true,"href":"https:\/\/gopinkish.com\/fr\/wp-json\/wp\/v2\/product_cat?post=23698"},{"taxonomy":"product_tag","embeddable":true,"href":"https:\/\/gopinkish.com\/fr\/wp-json\/wp\/v2\/product_tag?post=23698"}],"curies":[{"name":"wp","href":"https:\/\/api.w.org\/{rel}","templated":true}]}}