{"id":23632,"date":"2025-02-21T15:33:03","date_gmt":"2025-02-21T14:33:03","guid":{"rendered":"https:\/\/gopinkish.com\/?post_type=product&#038;p=23632"},"modified":"2025-07-29T09:42:22","modified_gmt":"2025-07-29T08:42:22","slug":"3662361000890","status":"publish","type":"product","link":"https:\/\/gopinkish.com\/fr\/produit\/3662361000890\/","title":{"rendered":"Cr\u00e8me de soin intensif teint\u00e9e et tonifiante pour les peaux sensibles et acn\u00e9iques"},"content":{"rendered":"<p style=\"text-align: justify;\">\u0639\u0644\u0627\u062c \u0645\u0644\u0648\u0651\u0646 \u0644\u0644\u0628\u0634\u0631\u0629\u060c \u064a\u064f\u0646\u0627\u0633\u0628 \u0627\u0644\u0628\u0642\u0639 \u0648\u0627\u0644\u0631\u0624\u0648\u0633 \u0627\u0644\u0633\u0648\u062f\u0627\u0621 \u0648\u0627\u0644\u0639\u0644\u0627\u0645\u0627\u062a\u060c \u0644\u0644\u0628\u0634\u0631\u0629 \u0627\u0644\u062d\u0633\u0627\u0633\u0629 \u0648\u0627\u0644\u0645\u0639\u0631\u0636\u0629 \u0644\u062d\u0628 \u0627\u0644\u0634\u0628\u0627\u0628. \u062a\u0631\u0643\u064a\u0628\u062a\u0647 \u0627\u0644\u0645\u0631\u0643\u0632\u0629 \u0644\u0627 \u062a\u064f\u062e\u0641\u064a \u0627\u0644\u0639\u064a\u0648\u0628 \u0641\u064a \u0648\u0642\u062a \u0642\u064a\u0627\u0633\u064a \u0641\u062d\u0633\u0628\u060c \u0628\u0644 \u062a\u064f\u062e\u0641\u064a\u0647\u0627 \u0623\u064a\u0636\u064b\u0627 \u0628\u0641\u0636\u0644 \u0627\u0644\u0635\u0628\u063a\u0627\u062a \u0627\u0644\u0645\u0639\u062f\u0646\u064a\u0629 \u0627\u0644\u062f\u0642\u064a\u0642\u0629. \u0645\u0632\u0627\u064a\u0627\u0647\u061f \u0642\u0648\u0627\u0645 \u062e\u0641\u064a\u0641\u060c \u063a\u064a\u0631 \u062f\u0647\u0646\u064a\u060c \u0648\u063a\u064a\u0631 \u0644\u0632\u062c\u060c \u0645\u0639 \u062a\u063a\u0637\u064a\u0629 \u062a\u064f\u0635\u062d\u062d \u0627\u0644\u0639\u064a\u0648\u0628 \u0628\u0634\u0643\u0644 \u0637\u0628\u064a\u0639\u064a. \u0644\u0648\u0646 \u0639\u0627\u0644\u0645\u064a \u064a\u062f\u0648\u0645 \u0637\u0648\u064a\u0644\u064b\u0627\u060c \u0645\u064f\u062e\u062a\u0628\u0631 \u0648\u0645\u0639\u062a\u0645\u062f!<\/p>","protected":false},"excerpt":{"rendered":"<p><span style=\"color: #ff0000;\"><strong>\u062a\u0627\u0631\u064a\u062e \u0625\u0646\u062a\u0647\u0627\u0621 \u0627\u0644\u0635\u0644\u0627\u062d\u064a\u0629 : 07\/2025<\/strong><\/span><\/p>","protected":false},"featured_media":23636,"template":"","meta":[],"pwb-brand":[266],"product_brand":[],"product_cat":[1231,1225],"product_tag":[698,675,683],"class_list":{"0":"post-23632","1":"product","2":"type-product","3":"status-publish","4":"has-post-thumbnail","6":"pwb-brand-svr","7":"product_cat-daily-face-care","8":"product_cat-sale","9":"product_tag-blackheads","10":"product_tag-spots","11":"product_tag-acne","13":"first","14":"outofstock","15":"shipping-taxable","16":"product-type-variable","17":"has-default-attributes","18":"wvs-archive-product-wrapper"},"brands":[{"id":266,"name":"SVR","slug":"svr"}],"_links":{"self":[{"href":"https:\/\/gopinkish.com\/fr\/wp-json\/wp\/v2\/product\/23632","targetHints":{"allow":["GET"]}}],"collection":[{"href":"https:\/\/gopinkish.com\/fr\/wp-json\/wp\/v2\/product"}],"about":[{"href":"https:\/\/gopinkish.com\/fr\/wp-json\/wp\/v2\/types\/product"}],"wp:featuredmedia":[{"embeddable":true,"href":"https:\/\/gopinkish.com\/fr\/wp-json\/wp\/v2\/media\/23636"}],"wp:attachment":[{"href":"https:\/\/gopinkish.com\/fr\/wp-json\/wp\/v2\/media?parent=23632"}],"wp:term":[{"taxonomy":"pwb-brand","embeddable":true,"href":"https:\/\/gopinkish.com\/fr\/wp-json\/wp\/v2\/pwb-brand?post=23632"},{"taxonomy":"product_brand","embeddable":true,"href":"https:\/\/gopinkish.com\/fr\/wp-json\/wp\/v2\/product_brand?post=23632"},{"taxonomy":"product_cat","embeddable":true,"href":"https:\/\/gopinkish.com\/fr\/wp-json\/wp\/v2\/product_cat?post=23632"},{"taxonomy":"product_tag","embeddable":true,"href":"https:\/\/gopinkish.com\/fr\/wp-json\/wp\/v2\/product_tag?post=23632"}],"curies":[{"name":"wp","href":"https:\/\/api.w.org\/{rel}","templated":true}]}}