{"id":23603,"date":"2025-03-15T04:18:08","date_gmt":"2025-03-15T03:18:08","guid":{"rendered":"https:\/\/gopinkish.com\/?post_type=product&#038;p=23603"},"modified":"2025-08-03T21:14:09","modified_gmt":"2025-08-03T20:14:09","slug":"8714789260532","status":"publish","type":"product","link":"https:\/\/gopinkish.com\/fr\/produit\/8714789260532\/","title":{"rendered":"Brosse \u00e0 dents Colgate \u00e0 piles - Baby Barbie"},"content":{"rendered":"<p style=\"text-align: justify;\">Rendez le brossage des dents de votre enfant amusant avec la brosse \u00e0 dents \u00e0 piles Colgate Barbie Kids. La brosse est dot\u00e9e d'une petite t\u00eate en forme de bobine et de poils extra souples qui \u00e9liminent d\u00e9licatement la plaque dentaire tout en prot\u00e9geant les gencives.<\/p>\n<p style=\"text-align: justify;\">Poign\u00e9e fine et facile \u00e0 saisir, bouton marche\/arr\u00eat facile \u00e0 utiliser, id\u00e9al pour les enfants \u00e0 partir de 3 ans.<\/p>\n<p style=\"text-align: justify;\">Pile incluse.<\/p>\n<p dir=\"ltr\" style=\"text-align: center;\">\ud83c\uddec\ud83c\udde7 Brosse \u00e0 dents \u00e0 piles Colgate 360 Sonic Kids\u2019 Barbie<br \/>\n\ud83c\uddeb\ud83c\uddf7 Brosse \u00e0 Dents \u00c9lectrique Enfant Barbie Colgate<\/p>","protected":false},"excerpt":{"rendered":"<p>\u0627\u062c\u0639\u0644\u0648 \u062a\u0646\u0638\u064a\u0641 \u0623\u0633\u0646\u0627\u0646 \u0623\u0628\u0646\u0627\u0626\u0643\u0645 \u0645\u0645\u062a\u0639\u064b\u0627 \u0644\u0647\u0645 \u0645\u0639 \u0641\u0631\u0634\u0627\u0629 \u0623\u0633\u0646\u0627\u0646 \u0643\u0648\u0644\u062c\u064a\u062a \u0628\u0627\u0631\u0628\u064a \u0644\u0644\u0623\u0637\u0641\u0627\u0644 \u0627\u0644\u062a\u064a \u062a\u0639\u0645\u0644 \u0628\u0627\u0644\u0628\u0637\u0627\u0631\u064a\u0629.\u00a0\u062a\u062a\u0645\u064a\u0632 \u0627\u0644\u0641\u0631\u0634\u0627\u0629 \u0628\u0631\u0623\u0633 \u0645\u062a\u0630\u0628\u0630\u0628 \u0635\u063a\u064a\u0631 \u0648\u0634\u0639\u064a\u0631\u0627\u062a \u0646\u0627\u0639\u0645\u0629 \u0644\u0644\u063a\u0627\u064a\u0629 \u0644\u0625\u0632\u0627\u0644\u0629 \u0627\u0644\u0628\u0644\u0627\u0643 \u0628\u0644\u0637\u0641\u060c \u0645\u0639 \u062d\u0645\u0627\u064a\u0629 \u0627\u0644\u0644\u062b\u0629. \u0645\u0642\u0628\u0636 \u0631\u0641\u064a\u0639 \u0648\u0633\u0647\u0644 \u0627\u0644\u0625\u0645\u0633\u0627\u0643 \u0648\u0632\u0631 \u062a\u0634\u063a\u064a\u0644\/\u0625\u064a\u0642\u0627\u0641 \u0633\u0647\u0644 \u0627\u0644\u0627\u0633\u062a\u062e\u062f\u0627\u0645\u060c \u0645\u0645\u0627 \u064a\u062c\u0639\u0644\u0647\u0627 \u0645\u062b\u0627\u0644\u064a\u0629 \u0644\u0644\u0623\u0637\u0641\u0627\u0644 \u0645\u0646 \u0633\u0646 3 \u0633\u0646\u0648\u0627\u062a \u0641\u0645\u0627 \u0641\u0648\u0642. \u062a\u062a\u0636\u0645\u0646 \u0628\u0637\u0627\u0631\u064a\u0629 \u0645\u0631\u0641\u0642\u0629. \ud83c\uddec\ud83c\udde7 Colgate 360 Sonic Kids\u2019 Barbie [&hellip;]<\/p>\n","protected":false},"featured_media":23606,"template":"","meta":[],"pwb-brand":[705],"product_brand":[],"product_cat":[1132],"product_tag":[1036],"class_list":{"0":"post-23603","1":"product","2":"type-product","3":"status-publish","4":"has-post-thumbnail","6":"pwb-brand-colgate","7":"product_cat-tooth-brush","8":"product_tag-1036","10":"first","11":"instock","12":"shipping-taxable","13":"purchasable","14":"product-type-variable","15":"has-default-attributes","16":"wvs-archive-product-wrapper"},"brands":[{"id":705,"name":"Colgate","slug":"colgate"}],"_links":{"self":[{"href":"https:\/\/gopinkish.com\/fr\/wp-json\/wp\/v2\/product\/23603","targetHints":{"allow":["GET"]}}],"collection":[{"href":"https:\/\/gopinkish.com\/fr\/wp-json\/wp\/v2\/product"}],"about":[{"href":"https:\/\/gopinkish.com\/fr\/wp-json\/wp\/v2\/types\/product"}],"wp:featuredmedia":[{"embeddable":true,"href":"https:\/\/gopinkish.com\/fr\/wp-json\/wp\/v2\/media\/23606"}],"wp:attachment":[{"href":"https:\/\/gopinkish.com\/fr\/wp-json\/wp\/v2\/media?parent=23603"}],"wp:term":[{"taxonomy":"pwb-brand","embeddable":true,"href":"https:\/\/gopinkish.com\/fr\/wp-json\/wp\/v2\/pwb-brand?post=23603"},{"taxonomy":"product_brand","embeddable":true,"href":"https:\/\/gopinkish.com\/fr\/wp-json\/wp\/v2\/product_brand?post=23603"},{"taxonomy":"product_cat","embeddable":true,"href":"https:\/\/gopinkish.com\/fr\/wp-json\/wp\/v2\/product_cat?post=23603"},{"taxonomy":"product_tag","embeddable":true,"href":"https:\/\/gopinkish.com\/fr\/wp-json\/wp\/v2\/product_tag?post=23603"}],"curies":[{"name":"wp","href":"https:\/\/api.w.org\/{rel}","templated":true}]}}