{"id":23592,"date":"2025-02-21T04:00:28","date_gmt":"2025-02-21T03:00:28","guid":{"rendered":"https:\/\/gopinkish.com\/?post_type=product&#038;p=23592"},"modified":"2025-11-18T20:18:38","modified_gmt":"2025-11-18T19:18:38","slug":"8410751090212","status":"publish","type":"product","link":"https:\/\/gopinkish.com\/fr\/produit\/8410751090212\/","title":{"rendered":"Shampooing micellaire clarifiant aux extraits de menthe poivr\u00e9e et d'eucalyptus"},"content":{"rendered":"<p style=\"text-align: justify;\">Ce shampooing micellaire clarifiant nettoie en profondeur les cheveux et le cuir chevelu et leur donne un aspect brillant gr\u00e2ce \u00e0 l'extrait de menthe poivr\u00e9e qui aide \u00e0 \u00e9liminer les impuret\u00e9s provenant de l'environnement et des facteurs externes. L'eucalyptus nettoie \u00e9galement l'exc\u00e8s de s\u00e9bum accumul\u00e9 dans les cheveux, minimisant ainsi leur \u00e9paisseur et leur poids.<\/p>","protected":false},"excerpt":{"rendered":"<p>Ce shampooing micellaire clarifiant nettoie en profondeur les cheveux et le cuir chevelu et leur donne un aspect brillant gr\u00e2ce \u00e0 l'extrait de menthe poivr\u00e9e qui aide \u00e0 \u00e9liminer les impuret\u00e9s provenant de l'environnement et des facteurs externes. L'eucalyptus nettoie \u00e9galement l'exc\u00e8s de s\u00e9bum accumul\u00e9 dans les cheveux, minimisant ainsi leur \u00e9paisseur et leur poids.<\/p>","protected":false},"featured_media":23596,"template":"","meta":[],"pwb-brand":[1407],"product_brand":[],"product_cat":[1148],"product_tag":[],"class_list":{"0":"post-23592","1":"product","2":"type-product","3":"status-publish","4":"has-post-thumbnail","6":"pwb-brand-tulipan-negro","7":"product_cat-hair-shampoo","9":"first","10":"instock","11":"shipping-taxable","12":"purchasable","13":"product-type-variable","14":"has-default-attributes","15":"wvs-archive-product-wrapper"},"brands":[{"id":1407,"name":"Tulipan Negro","slug":"tulipan-negro"}],"_links":{"self":[{"href":"https:\/\/gopinkish.com\/fr\/wp-json\/wp\/v2\/product\/23592","targetHints":{"allow":["GET"]}}],"collection":[{"href":"https:\/\/gopinkish.com\/fr\/wp-json\/wp\/v2\/product"}],"about":[{"href":"https:\/\/gopinkish.com\/fr\/wp-json\/wp\/v2\/types\/product"}],"wp:featuredmedia":[{"embeddable":true,"href":"https:\/\/gopinkish.com\/fr\/wp-json\/wp\/v2\/media\/23596"}],"wp:attachment":[{"href":"https:\/\/gopinkish.com\/fr\/wp-json\/wp\/v2\/media?parent=23592"}],"wp:term":[{"taxonomy":"pwb-brand","embeddable":true,"href":"https:\/\/gopinkish.com\/fr\/wp-json\/wp\/v2\/pwb-brand?post=23592"},{"taxonomy":"product_brand","embeddable":true,"href":"https:\/\/gopinkish.com\/fr\/wp-json\/wp\/v2\/product_brand?post=23592"},{"taxonomy":"product_cat","embeddable":true,"href":"https:\/\/gopinkish.com\/fr\/wp-json\/wp\/v2\/product_cat?post=23592"},{"taxonomy":"product_tag","embeddable":true,"href":"https:\/\/gopinkish.com\/fr\/wp-json\/wp\/v2\/product_tag?post=23592"}],"curies":[{"name":"wp","href":"https:\/\/api.w.org\/{rel}","templated":true}]}}