{"id":23583,"date":"2025-02-21T03:46:28","date_gmt":"2025-02-21T02:46:28","guid":{"rendered":"https:\/\/gopinkish.com\/?post_type=product&#038;p=23583"},"modified":"2025-12-13T21:40:48","modified_gmt":"2025-12-13T20:40:48","slug":"8410751090267","status":"publish","type":"product","link":"https:\/\/gopinkish.com\/fr\/produit\/8410751090267\/","title":{"rendered":"Shampooing micellaire \u00e9nergisant et fortifiant au serenoa et au ginseng"},"content":{"rendered":"<p style=\"text-align: justify;\">Ce shampooing micellaire revitalisant et fortifiant nourrit et renforce les cheveux en profondeur et leur redonne leur \u00e9clat. Sp\u00e9cialement formul\u00e9 pour les cheveux normaux \u00e0 secs qui ont tendance \u00e0 tomber et \u00e0 manquer de brillance. Formul\u00e9 avec du Serenoa et du Ginseng, il est riche en propri\u00e9t\u00e9s antioxydantes et, gr\u00e2ce aux extraits de cr\u00e9atine, il pr\u00e9vient les cheveux secs et cassants.<\/p>","protected":false},"excerpt":{"rendered":"<p>Ce shampooing micellaire revitalisant et fortifiant nourrit et renforce les cheveux en profondeur et leur redonne leur \u00e9clat. Sp\u00e9cialement formul\u00e9 pour les cheveux normaux \u00e0 secs qui ont tendance \u00e0 tomber et \u00e0 manquer de brillance. Formul\u00e9 avec du Serenoa et du Ginseng, il est riche en propri\u00e9t\u00e9s antioxydantes et, gr\u00e2ce aux extraits de cr\u00e9atine, il pr\u00e9vient les cheveux secs et cassants.<\/p>","protected":false},"featured_media":23586,"template":"","meta":[],"pwb-brand":[1407],"product_brand":[],"product_cat":[1148],"product_tag":[],"class_list":{"0":"post-23583","1":"product","2":"type-product","3":"status-publish","4":"has-post-thumbnail","6":"pwb-brand-tulipan-negro","7":"product_cat-hair-shampoo","9":"first","10":"instock","11":"shipping-taxable","12":"purchasable","13":"product-type-variable","14":"has-default-attributes","15":"wvs-archive-product-wrapper"},"brands":[{"id":1407,"name":"Tulipan Negro","slug":"tulipan-negro"}],"_links":{"self":[{"href":"https:\/\/gopinkish.com\/fr\/wp-json\/wp\/v2\/product\/23583","targetHints":{"allow":["GET"]}}],"collection":[{"href":"https:\/\/gopinkish.com\/fr\/wp-json\/wp\/v2\/product"}],"about":[{"href":"https:\/\/gopinkish.com\/fr\/wp-json\/wp\/v2\/types\/product"}],"wp:featuredmedia":[{"embeddable":true,"href":"https:\/\/gopinkish.com\/fr\/wp-json\/wp\/v2\/media\/23586"}],"wp:attachment":[{"href":"https:\/\/gopinkish.com\/fr\/wp-json\/wp\/v2\/media?parent=23583"}],"wp:term":[{"taxonomy":"pwb-brand","embeddable":true,"href":"https:\/\/gopinkish.com\/fr\/wp-json\/wp\/v2\/pwb-brand?post=23583"},{"taxonomy":"product_brand","embeddable":true,"href":"https:\/\/gopinkish.com\/fr\/wp-json\/wp\/v2\/product_brand?post=23583"},{"taxonomy":"product_cat","embeddable":true,"href":"https:\/\/gopinkish.com\/fr\/wp-json\/wp\/v2\/product_cat?post=23583"},{"taxonomy":"product_tag","embeddable":true,"href":"https:\/\/gopinkish.com\/fr\/wp-json\/wp\/v2\/product_tag?post=23583"}],"curies":[{"name":"wp","href":"https:\/\/api.w.org\/{rel}","templated":true}]}}