{"id":23521,"date":"2025-03-21T01:31:21","date_gmt":"2025-03-21T00:31:21","guid":{"rendered":"https:\/\/gopinkish.com\/?post_type=product&#038;p=23521"},"modified":"2026-03-31T22:55:39","modified_gmt":"2026-03-31T21:55:39","slug":"3350900002794","status":"publish","type":"product","link":"https:\/\/gopinkish.com\/fr\/produit\/3350900002794\/","title":{"rendered":"Gel-cr\u00e8me anti-rougeurs \u00e0 l'abricot et d\u00e9toxification"},"content":{"rendered":"<p style=\"text-align: justify;\"><strong>Eclat dor\u00e9 instantan\u00e9<\/strong> Apricot Redness Treatment est une cr\u00e8me de jour d\u00e9toxifiante qui s'applique comme une cr\u00e8me hydratante sur l'ensemble du visage, y compris le contour des yeux, pour un teint frais et un \u00e9clat naturel en quelques secondes.<\/p>\n<p style=\"text-align: justify;\">Combinant soins et maquillage, ces traitements s'adaptent \u00e0 la peau pour att\u00e9nuer les cernes et les poches et donner instantan\u00e9ment un coup d'\u00e9clat.<\/p>\n<p>&nbsp;<\/p>\n<p dir=\"ltr\" style=\"text-align: center;\">Embryolisse Soin Blush de Peau<\/p>","protected":false},"excerpt":{"rendered":"<p>\u062a\u0648\u0647\u062c \u0630\u0647\u0628\u064a \u0641\u0648\u0631\u064a \u0639\u0644\u0627\u062c \u0627\u062d\u0645\u0631\u0627\u0631 \u0627\u0644\u0628\u0634\u0631\u0629 \u0628\u0627\u0644\u0645\u0634\u0645\u0634 \u0647\u0648 \u0643\u0631\u064a\u0645 \u0646\u0647\u0627\u0631\u064a \u0644\u0625\u0632\u0627\u0644\u0629 \u0627\u0644\u0633\u0645\u0648\u0645 \u064a\u062a\u0645 \u062a\u0637\u0628\u064a\u0642\u0647 \u0645\u062b\u0644 \u0627\u0644\u0645\u0631\u0637\u0628 \u0639\u0644\u0649 \u0643\u0627\u0645\u0644 \u0627\u0644\u0648\u062c\u0647 \u0628\u0645\u0627 \u0641\u064a \u0630\u0644\u0643 \u0645\u0646\u0637\u0642\u0629 \u0627\u0644\u0639\u064a\u0646 \u0644\u0644\u062d\u0635\u0648\u0644 \u0639\u0644\u0649 \u0628\u0634\u0631\u0629 \u0646\u0636\u0631\u0629 \u0648\u062a\u0648\u0647\u062c \u0637\u0628\u064a\u0639\u064a \u0641\u064a \u062b\u0648\u0627\u0646\u064d. \u062a\u062c\u0645\u0639 \u0647\u0630\u0647 \u0627\u0644\u0639\u0644\u0627\u062c\u0627\u062a \u0628\u064a\u0646 \u0627\u0644\u0639\u0646\u0627\u064a\u0629 \u0628\u0627\u0644\u0628\u0634\u0631\u0629 \u0648\u0627\u0644\u0645\u0643\u064a\u0627\u062c\u060c \u0648\u062a\u062a\u0648\u0627\u0641\u0642 \u0645\u0639 \u0627\u0644\u0628\u0634\u0631\u0629 \u0644\u062a\u0642\u0644\u064a\u0644 \u0627\u0644\u0647\u0627\u0644\u0627\u062a \u0627\u0644\u0633\u0648\u062f\u0627\u0621 \u0648\u0627\u0644\u0627\u0646\u062a\u0641\u0627\u062e\u0627\u062a\u060c \u0645\u0645\u0627 \u064a\u0648\u0641\u0631 \u062a\u0648\u0647\u062c\u064b\u0627 \u0635\u062d\u064a\u064b\u0627 \u0641\u0648\u0631\u064a\u064b\u0627. &nbsp; Embryolisse Soin Blush [&hellip;]<\/p>\n","protected":false},"featured_media":23532,"template":"","meta":[],"pwb-brand":[1032],"product_brand":[],"product_cat":[1231],"product_tag":[679],"class_list":{"0":"post-23521","1":"product","2":"type-product","3":"status-publish","4":"has-post-thumbnail","6":"pwb-brand-embryolisse","7":"product_cat-daily-face-care","8":"product_tag-darkcircles","10":"first","11":"instock","12":"shipping-taxable","13":"purchasable","14":"product-type-variable","15":"has-default-attributes","16":"wvs-archive-product-wrapper"},"brands":[{"id":1032,"name":"Embryolisse","slug":"embryolisse"}],"_links":{"self":[{"href":"https:\/\/gopinkish.com\/fr\/wp-json\/wp\/v2\/product\/23521","targetHints":{"allow":["GET"]}}],"collection":[{"href":"https:\/\/gopinkish.com\/fr\/wp-json\/wp\/v2\/product"}],"about":[{"href":"https:\/\/gopinkish.com\/fr\/wp-json\/wp\/v2\/types\/product"}],"wp:featuredmedia":[{"embeddable":true,"href":"https:\/\/gopinkish.com\/fr\/wp-json\/wp\/v2\/media\/23532"}],"wp:attachment":[{"href":"https:\/\/gopinkish.com\/fr\/wp-json\/wp\/v2\/media?parent=23521"}],"wp:term":[{"taxonomy":"pwb-brand","embeddable":true,"href":"https:\/\/gopinkish.com\/fr\/wp-json\/wp\/v2\/pwb-brand?post=23521"},{"taxonomy":"product_brand","embeddable":true,"href":"https:\/\/gopinkish.com\/fr\/wp-json\/wp\/v2\/product_brand?post=23521"},{"taxonomy":"product_cat","embeddable":true,"href":"https:\/\/gopinkish.com\/fr\/wp-json\/wp\/v2\/product_cat?post=23521"},{"taxonomy":"product_tag","embeddable":true,"href":"https:\/\/gopinkish.com\/fr\/wp-json\/wp\/v2\/product_tag?post=23521"}],"curies":[{"name":"wp","href":"https:\/\/api.w.org\/{rel}","templated":true}]}}