{"id":23488,"date":"2025-03-21T00:12:50","date_gmt":"2025-03-20T23:12:50","guid":{"rendered":"https:\/\/gopinkish.com\/?post_type=product&#038;p=23488"},"modified":"2025-08-08T21:13:38","modified_gmt":"2025-08-08T20:13:38","slug":"889809011130","status":"publish","type":"product","link":"https:\/\/gopinkish.com\/fr\/produit\/889809011130\/","title":{"rendered":"S\u00e9rum jeunesse riche en peptides pour r\u00e9g\u00e9n\u00e9rer les cellules de la peau et soutenir le collag\u00e8ne naturel"},"content":{"rendered":"<p style=\"text-align: justify;\">\u0647\u0630\u0627 \u0627\u0644\u0633\u064a\u0631\u0648\u0645 \u0627\u0644\u063a\u0646\u064a \u0628\u0627\u0644\u0628\u0628\u062a\u064a\u062f\u0627\u062a \u064a\u064f\u062d\u0633\u0651\u0646 \u0645\u0638\u0647\u0631 \u0627\u0644\u0628\u0634\u0631\u0629 \u0648\u064a\u0645\u0646\u062d\u0643\u0650 \u0628\u0634\u0631\u0629 \u0623\u0643\u062b\u0631 \u0634\u0628\u0627\u0628\u064b\u0627.<\/p>\n<p style=\"text-align: justify;\">\u064a\u064f\u0639\u064a\u062f \u064a\u0648\u062b\u0628\u0648\u0634\u0646\u060c \u0627\u0644\u0645\u064f\u0643\u0648\u0651\u0646 \u0645\u0646 \u0645\u0632\u064a\u062c \u0641\u0631\u064a\u062f \u0645\u0646 \u0645\u0633\u062a\u062e\u0644\u0635 \u0623\u0648\u0631\u0627\u0642 \u0627\u0644\u062a\u0648\u062a\u060c \u0625\u0634\u0631\u0627\u0642\u0629 \u0627\u0644\u0628\u0634\u0631\u0629 \u0645\u0646 \u0623\u0648\u0644 \u0627\u0633\u062a\u062e\u062f\u0627\u0645. \u0645\u0639 \u0645\u0631\u0648\u0631 \u0627\u0644\u0648\u0642\u062a\u060c \u064a\u064f\u0634\u062f\u0651 \u0647\u0630\u0627 \u0627\u0644\u0633\u064a\u0631\u0648\u0645 \u0627\u0644\u062e\u0641\u064a\u0641 \u0627\u0644\u0628\u0634\u0631\u0629\u060c \u0648\u064a\u064f\u0642\u0644\u0651\u0644 \u0645\u0646 \u0638\u0647\u0648\u0631 \u0627\u0644\u062e\u0637\u0648\u0637 \u0627\u0644\u062f\u0642\u064a\u0642\u0629 \u0648\u0627\u0644\u062a\u062c\u0627\u0639\u064a\u062f\u060c \u0648\u064a\u064f\u0633\u0627\u0639\u062f \u0639\u0644\u0649 \u0627\u0633\u062a\u0639\u0627\u062f\u0629 \u0645\u0631\u0648\u0646\u062a\u0647\u0627.<\/p>\n<p style=\"text-align: justify;\">\u0628\u0641\u0636\u0644 \u0645\u0632\u064a\u062c \u0645\u0646 \u062b\u0644\u0627\u062b \u062c\u0632\u064a\u0626\u0627\u062a \u0645\u062e\u062a\u0644\u0641\u0629 \u0627\u0644\u0623\u062d\u062c\u0627\u0645 \u0645\u0646 \u062d\u0645\u0636 \u0627\u0644\u0647\u064a\u0627\u0644\u0648\u0631\u0648\u0646\u064a\u0643\u060c \u0648\u0627\u0644\u0637\u062d\u0627\u0644\u0628 \u0627\u0644\u062d\u0645\u0631\u0627\u0621\u060c \u0648\u0627\u0644\u0633\u0643\u0648\u0627\u0644\u064a\u0646\u060c \u062a\u064f\u0635\u0628\u062d \u0627\u0644\u0628\u0634\u0631\u0629 \u0645\u064f\u0631\u0637\u0628\u0629 \u0648\u0645\u064f\u063a\u0630\u0651\u0627\u0629 \u0648\u0645\u0645\u062a\u0644\u0626\u0629.<\/p>\n<p style=\"text-align: justify;\"><strong>\u0627\u062f\u0639\u0645\u064a \u0625\u0646\u062a\u0627\u062c \u0627\u0644\u0643\u0648\u0644\u0627\u062c\u064a\u0646 \u0627\u0644\u0637\u0628\u064a\u0639\u064a \u0645\u0639 \u0633\u064a\u0631\u0648\u0645 \u062c\u0644\u0627\u0645 \u062c\u0644\u0648 \u064a\u0648\u062b\u0628\u0648\u0634\u0646\u2122 \u0627\u0644\u0645\u064f\u062c\u062f\u062f \u0644\u0644\u0628\u0628\u062a\u064a\u062f\u0627\u062a.<\/strong><\/p>\n<p style=\"text-align: justify;\">\u062e\u0641\u064a\u0641 \u0627\u0644\u0648\u0632\u0646 \u0648\u0633\u0647\u0644 \u0627\u0644\u0627\u0633\u062a\u062e\u062f\u0627\u0645\u060c \u064a\u0639\u0645\u0644 \u0647\u0630\u0627 \u0627\u0644\u0633\u064a\u0631\u0648\u0645 \u0627\u0644\u0642\u0648\u064a \u0639\u0644\u0649 \u062a\u0646\u0639\u064a\u0645 \u0627\u0644\u0628\u0634\u0631\u0629 \u0648\u0634\u062f\u0647\u0627 \u0645\u0646 \u062e\u0644\u0627\u0644 \u062f\u0639\u0645 \u0625\u0646\u062a\u0627\u062c \u0627\u0644\u0643\u0648\u0644\u0627\u062c\u064a\u0646 \u0627\u0644\u0637\u0628\u064a\u0639\u064a. \u064a\u062d\u062a\u0648\u064a \u0639\u0644\u0649 \u0628\u0628\u062a\u064a\u062f\u0627\u062a \u062f\u0627\u0639\u0645\u0629 \u0648\u062e\u0644\u0627\u064a\u0627 \u062c\u0630\u0639\u064a\u0629 \u0645\u0646 \u0627\u0644\u062a\u0648\u062a \u0644\u062a\u0639\u0632\u064a\u0632 \u0645\u0638\u0647\u0631 \u0623\u0643\u062b\u0631 \u0634\u0628\u0627\u0628\u064b\u0627\u060c \u0648\u062a\u0639\u0645\u0644 \u062a\u0631\u0643\u064a\u0628\u062a\u0647 \u0627\u0644\u0641\u0631\u064a\u062f\u0629 \u0639\u0644\u0649 \u0627\u0633\u062a\u0639\u0627\u062f\u0629 \u062a\u0645\u0627\u0633\u0643 \u0627\u0644\u0628\u0634\u0631\u0629 \u0628\u0634\u0643\u0644 \u0648\u0627\u0636\u062d \u0645\u0639 \u062a\u0642\u0644\u064a\u0644 \u0638\u0647\u0648\u0631 \u0627\u0644\u062e\u0637\u0648\u0637 \u0627\u0644\u062f\u0642\u064a\u0642\u0629 \u0648\u0627\u0644\u062a\u062c\u0627\u0639\u064a\u062f.<\/p>\n<p style=\"text-align: justify;\"><strong>Les principales caract\u00e9ristiques :<\/strong><\/p>\n<p style=\"text-align: justify;\">\u062e\u0627\u0644\u064d \u0645\u0646 \u0627\u0644\u0633\u064a\u0644\u064a\u0643\u0648\u0646 \u0648\u0627\u0644\u0641\u062b\u0627\u0644\u0627\u062a \u0648\u0627\u0644\u0628\u0627\u0631\u0627\u0628\u064a\u0646 \u0648\u0627\u0644\u0643\u0628\u0631\u064a\u062a\u0627\u062a \u0648\u0627\u0644\u0632\u064a\u0648\u062a \u0627\u0644\u0645\u0639\u062f\u0646\u064a\u0629 \u0648\u0627\u0644\u0643\u062d\u0648\u0644.<\/p>\n<p style=\"text-align: justify;\">\u064a\u0633\u0627\u0639\u062f \u062d\u0645\u0636 \u0627\u0644\u0647\u064a\u0627\u0644\u0648\u0631\u0648\u0646\u064a\u0643 \u0639\u0644\u0649 \u062a\u0631\u0637\u064a\u0628 \u0627\u0644\u0628\u0634\u0631\u0629 \u0648\u062a\u062d\u0633\u064a\u0646 \u0645\u0633\u062a\u0648\u064a\u0627\u062a \u0627\u0644\u062a\u0631\u0637\u064a\u0628.<\/p>\n<p style=\"text-align: justify;\">\u062a\u062c\u062f\u062f \u062e\u0644\u0627\u064a\u0627 \u062c\u0630\u0639\u064a\u0629 \u0645\u0646 \u0627\u0644\u062a\u0648\u062a \u0634\u0628\u0627\u0628\u0647\u0627 \u0628\u0634\u0643\u0644 \u0641\u0648\u0631\u064a \u0648\u062a\u062f\u0639\u0645 \u0628\u0646\u064a\u0629 \u0627\u0644\u062e\u0644\u0627\u064a\u0627 \u0627\u0644\u0637\u0628\u064a\u0639\u064a\u0629.<\/p>\n<p style=\"text-align: justify;\">\u062a\u0633\u0627\u0639\u062f \u0627\u0644\u0628\u0628\u062a\u064a\u062f\u0627\u062a \u0627\u0644\u0628\u0634\u0631\u0629 \u0639\u0644\u0649 \u0627\u0644\u0638\u0647\u0648\u0631 \u0628\u0645\u0638\u0647\u0631 \u0623\u0643\u062b\u0631 \u0634\u0628\u0627\u0628\u064b\u0627 \u0645\u0639 \u062a\u0639\u0632\u064a\u0632 \u0625\u0646\u062a\u0627\u062c \u0627\u0644\u0643\u0648\u0644\u0627\u062c\u064a\u0646 \u0627\u0644\u0637\u0628\u064a\u0639\u064a.<\/p>\n<p dir=\"ltr\" style=\"text-align: center;\">\ud83c\uddec\ud83c\udde7 GlamGlow Youthpotion Rejuvenating Peptide Serum<br \/>\n\ud83c\uddeb\ud83c\uddf7 S\u00e9rum Rajeunissant GlamGlow Youthpotion Peptides<\/p>","protected":false},"excerpt":{"rendered":"<p>\u0647\u0630\u0627 \u0627\u0644\u0633\u064a\u0631\u0648\u0645 \u0627\u0644\u063a\u0646\u064a \u0628\u0627\u0644\u0628\u0628\u062a\u064a\u062f\u0627\u062a \u064a\u064f\u062d\u0633\u0651\u0646 \u0645\u0638\u0647\u0631 \u0627\u0644\u0628\u0634\u0631\u0629 \u0648\u064a\u0645\u0646\u062d\u0643\u0650 \u0628\u0634\u0631\u0629 \u0623\u0643\u062b\u0631 \u0634\u0628\u0627\u0628\u064b\u0627. \u064a\u064f\u0639\u064a\u062f \u064a\u0648\u062b\u0628\u0648\u0634\u0646\u060c \u0627\u0644\u0645\u064f\u0643\u0648\u0651\u0646 \u0645\u0646 \u0645\u0632\u064a\u062c \u0641\u0631\u064a\u062f \u0645\u0646 \u0645\u0633\u062a\u062e\u0644\u0635 \u0623\u0648\u0631\u0627\u0642 \u0627\u0644\u062a\u0648\u062a\u060c \u0625\u0634\u0631\u0627\u0642\u0629 \u0627\u0644\u0628\u0634\u0631\u0629 \u0645\u0646 \u0623\u0648\u0644 \u0627\u0633\u062a\u062e\u062f\u0627\u0645. \u0645\u0639 \u0645\u0631\u0648\u0631 \u0627\u0644\u0648\u0642\u062a\u060c \u064a\u064f\u0634\u062f\u0651 \u0647\u0630\u0627 \u0627\u0644\u0633\u064a\u0631\u0648\u0645 \u0627\u0644\u062e\u0641\u064a\u0641 \u0627\u0644\u0628\u0634\u0631\u0629\u060c \u0648\u064a\u064f\u0642\u0644\u0651\u0644 \u0645\u0646 \u0638\u0647\u0648\u0631 \u0627\u0644\u062e\u0637\u0648\u0637 \u0627\u0644\u062f\u0642\u064a\u0642\u0629 \u0648\u0627\u0644\u062a\u062c\u0627\u0639\u064a\u062f\u060c \u0648\u064a\u064f\u0633\u0627\u0639\u062f \u0639\u0644\u0649 \u0627\u0633\u062a\u0639\u0627\u062f\u0629 \u0645\u0631\u0648\u0646\u062a\u0647\u0627. \u0628\u0641\u0636\u0644 \u0645\u0632\u064a\u062c \u0645\u0646 \u062b\u0644\u0627\u062b \u062c\u0632\u064a\u0626\u0627\u062a \u0645\u062e\u062a\u0644\u0641\u0629 \u0627\u0644\u0623\u062d\u062c\u0627\u0645 \u0645\u0646 \u062d\u0645\u0636 \u0627\u0644\u0647\u064a\u0627\u0644\u0648\u0631\u0648\u0646\u064a\u0643\u060c \u0648\u0627\u0644\u0637\u062d\u0627\u0644\u0628 [&hellip;]<\/p>\n","protected":false},"featured_media":23494,"template":"","meta":[],"pwb-brand":[1406],"product_brand":[],"product_cat":[1227,1230],"product_tag":[1013],"class_list":{"0":"post-23488","1":"product","2":"type-product","3":"status-publish","4":"has-post-thumbnail","6":"pwb-brand-glam-glow","7":"product_cat-face-renew","8":"product_cat-face-serum","9":"product_tag-1013","11":"first","12":"outofstock","13":"featured","14":"shipping-taxable","15":"product-type-variable","16":"has-default-attributes","17":"wvs-archive-product-wrapper"},"brands":[{"id":1406,"name":"Glam Glow","slug":"eclat-glamour"}],"_links":{"self":[{"href":"https:\/\/gopinkish.com\/fr\/wp-json\/wp\/v2\/product\/23488","targetHints":{"allow":["GET"]}}],"collection":[{"href":"https:\/\/gopinkish.com\/fr\/wp-json\/wp\/v2\/product"}],"about":[{"href":"https:\/\/gopinkish.com\/fr\/wp-json\/wp\/v2\/types\/product"}],"wp:featuredmedia":[{"embeddable":true,"href":"https:\/\/gopinkish.com\/fr\/wp-json\/wp\/v2\/media\/23494"}],"wp:attachment":[{"href":"https:\/\/gopinkish.com\/fr\/wp-json\/wp\/v2\/media?parent=23488"}],"wp:term":[{"taxonomy":"pwb-brand","embeddable":true,"href":"https:\/\/gopinkish.com\/fr\/wp-json\/wp\/v2\/pwb-brand?post=23488"},{"taxonomy":"product_brand","embeddable":true,"href":"https:\/\/gopinkish.com\/fr\/wp-json\/wp\/v2\/product_brand?post=23488"},{"taxonomy":"product_cat","embeddable":true,"href":"https:\/\/gopinkish.com\/fr\/wp-json\/wp\/v2\/product_cat?post=23488"},{"taxonomy":"product_tag","embeddable":true,"href":"https:\/\/gopinkish.com\/fr\/wp-json\/wp\/v2\/product_tag?post=23488"}],"curies":[{"name":"wp","href":"https:\/\/api.w.org\/{rel}","templated":true}]}}