{"id":23463,"date":"2025-03-20T23:21:41","date_gmt":"2025-03-20T22:21:41","guid":{"rendered":"https:\/\/gopinkish.com\/?post_type=product&#038;p=23463"},"modified":"2026-03-01T14:26:31","modified_gmt":"2026-03-01T13:26:31","slug":"3248140650571","status":"publish","type":"product","link":"https:\/\/gopinkish.com\/fr\/produit\/3248140650571\/","title":{"rendered":"Shampooing au beurre de karit\u00e9 pour cheveux secs"},"content":{"rendered":"<p style=\"text-align: justify;\">Le shampooing doux au beurre de karit\u00e9 de Luvia nettoie les cheveux en douceur, les laissant doux et nourris. Convient aux cheveux secs ou ab\u00eem\u00e9s. Redonne aux cheveux leur douceur naturelle. Enrichi en beurre de karit\u00e9. Contient 95% d'ingr\u00e9dients naturels.<\/p>\n<p style=\"text-align: justify;\">Conditionnement en pompe de 500 ml.<\/p>\n<p dir=\"ltr\" style=\"text-align: center;\">\ud83c\uddec\ud83c\udde7 Shampooing doux Lovea Nature - Beurre de karit\u00e9<br \/>\n\ud83c\uddeb\ud83c\uddf7 Shampooing Douceur Lovea Nature - Karit\u00e9<\/p>","protected":false},"excerpt":{"rendered":"<p>\u0634\u0627\u0645\u0628\u0648 \u0644\u0648\u0641\u064a\u0627 \u0627\u0644\u0644\u0637\u064a\u0641 \u0628\u0632\u0628\u062f\u0629 \u0627\u0644\u0634\u064a\u0627 \u064a\u0646\u0638\u0641 \u0627\u0644\u0634\u0639\u0631 \u0628\u0644\u0637\u0641\u060c \u0648\u064a\u062a\u0631\u0643\u0647 \u0646\u0627\u0639\u0645\u064b\u0627 \u0648\u0645\u063a\u0630\u064a\u064b\u0627. \u0645\u0646\u0627\u0633\u0628 \u0644\u0644\u0634\u0639\u0631 \u0627\u0644\u062c\u0627\u0641 \u0623\u0648 \u0627\u0644\u062a\u0627\u0644\u0641. \u064a\u0633\u062a\u0639\u064a\u062f \u0627\u0644\u0634\u0639\u0631 \u0646\u0639\u0648\u0645\u062a\u0647 \u0627\u0644\u0637\u0628\u064a\u0639\u064a\u0629. \u062a\u0631\u0643\u064a\u0628\u0629 \u063a\u0646\u064a\u0629 \u0628\u0632\u0628\u062f\u0629 \u0627\u0644\u0634\u064a\u0627. \u064a\u062d\u062a\u0648\u064a \u0639\u0644\u0649 95% \u0645\u0646 \u0627\u0644\u0645\u0643\u0648\u0646\u0627\u062a \u0627\u0644\u0637\u0628\u064a\u0639\u064a\u0629. \u0639\u0628\u0648\u0629 \u0645\u0636\u062e\u0629 \u0633\u0639\u0629 500 \u0645\u0644. \ud83c\uddec\ud83c\udde7 Lovea Nature Gentle Shampoo \u2013 Shea Butter \ud83c\uddeb\ud83c\uddf7 Shampooing Douceur Lovea Nature \u2013 Karit\u00e9<\/p>","protected":false},"featured_media":23465,"template":"","meta":[],"pwb-brand":[1453],"product_brand":[],"product_cat":[1148],"product_tag":[],"class_list":{"0":"post-23463","1":"product","2":"type-product","3":"status-publish","4":"has-post-thumbnail","6":"pwb-brand-lovea","7":"product_cat-hair-shampoo","9":"first","10":"instock","11":"shipping-taxable","12":"purchasable","13":"product-type-variable","14":"has-default-attributes","15":"wvs-archive-product-wrapper"},"brands":[{"id":1453,"name":"Lovea","slug":"lovea"}],"_links":{"self":[{"href":"https:\/\/gopinkish.com\/fr\/wp-json\/wp\/v2\/product\/23463","targetHints":{"allow":["GET"]}}],"collection":[{"href":"https:\/\/gopinkish.com\/fr\/wp-json\/wp\/v2\/product"}],"about":[{"href":"https:\/\/gopinkish.com\/fr\/wp-json\/wp\/v2\/types\/product"}],"wp:featuredmedia":[{"embeddable":true,"href":"https:\/\/gopinkish.com\/fr\/wp-json\/wp\/v2\/media\/23465"}],"wp:attachment":[{"href":"https:\/\/gopinkish.com\/fr\/wp-json\/wp\/v2\/media?parent=23463"}],"wp:term":[{"taxonomy":"pwb-brand","embeddable":true,"href":"https:\/\/gopinkish.com\/fr\/wp-json\/wp\/v2\/pwb-brand?post=23463"},{"taxonomy":"product_brand","embeddable":true,"href":"https:\/\/gopinkish.com\/fr\/wp-json\/wp\/v2\/product_brand?post=23463"},{"taxonomy":"product_cat","embeddable":true,"href":"https:\/\/gopinkish.com\/fr\/wp-json\/wp\/v2\/product_cat?post=23463"},{"taxonomy":"product_tag","embeddable":true,"href":"https:\/\/gopinkish.com\/fr\/wp-json\/wp\/v2\/product_tag?post=23463"}],"curies":[{"name":"wp","href":"https:\/\/api.w.org\/{rel}","templated":true}]}}