{"id":23431,"date":"2025-03-20T18:19:00","date_gmt":"2025-03-20T17:19:00","guid":{"rendered":"https:\/\/gopinkish.com\/?post_type=product&#038;p=23431"},"modified":"2025-12-11T16:09:19","modified_gmt":"2025-12-11T15:09:19","slug":"8800240575298","status":"publish","type":"product","link":"https:\/\/gopinkish.com\/fr\/produit\/8800240575298\/","title":{"rendered":"Nettoyant antiseptique non moussant pour \u00e9liminer les poussi\u00e8res fines de la peau et les polluants"},"content":{"rendered":"<p style=\"text-align: justify;\">Soin quotidien des pores - Contient des extraits de coing, de m\u00e9lisse et de fleur d'oranger qui aident \u00e0 resserrer les pores.<\/p>\n<p style=\"text-align: justify;\">Nettoyez votre peau des micro-poussi\u00e8res nocives avec la mousse nettoyante Zero Foam. Nettoyez en profondeur les micropoussi\u00e8res avec PoloShield\u2122. PoloShield\u2122 contient des polym\u00e8res min\u00e9raux ch\u00e9lat\u00e9s et de puissants antioxydants qui emp\u00eachent les polluants atmosph\u00e9riques de p\u00e9n\u00e9trer la barri\u00e8re cutan\u00e9e. Le nettoyant Zero Foam a \u00e9t\u00e9 test\u00e9 cliniquement dans un institut officiellement reconnu et s'est av\u00e9r\u00e9 efficace contre les poussi\u00e8res fines apr\u00e8s un essai.<\/p>\n<p style=\"text-align: justify;\">Mousse riche et souple pour un nettoyage doux et puissant. Sans danger pour les peaux sensibles.<\/p>\n<p style=\"text-align: justify;\">- Nettoyez votre peau des micro-poussi\u00e8res nocives.<br \/>\n- Nettoyage en profondeur sans irritation<\/p>\n<p dir=\"ltr\" style=\"text-align: center;\">\ud83c\uddec\ud83c\udde7 Medicube Zero Mousse nettoyante<br \/>\n\ud83c\uddeb\ud83c\uddf7 Nettoyant Moussant Zero Medicube<\/p>","protected":false},"excerpt":{"rendered":"<p>\u0639\u0646\u0627\u064a\u0629 \u064a\u0648\u0645\u064a\u0629 \u0628\u0627\u0644\u0645\u0633\u0627\u0645 &#8211; \u064a\u062d\u062a\u0648\u064a \u0639\u0644\u0649 \u0645\u0633\u062a\u062e\u0644\u0635\u0627\u062a \u0627\u0644\u0633\u0641\u0631\u062c\u0644\u060c \u0628\u0644\u0633\u0645 \u0627\u0644\u0644\u064a\u0645\u0648\u0646\u060c \u0648\u0632\u0647\u0631 \u0627\u0644\u0628\u0631\u062a\u0642\u0627\u0644 \u0627\u0644\u062a\u064a \u062a\u0633\u0627\u0639\u062f \u0639\u0644\u0649 \u062a\u0636\u064a\u064a\u0642 \u0627\u0644\u0645\u0633\u0627\u0645 \u0646\u0638\u0651\u0641\u064a \u0628\u0634\u0631\u062a\u0643\u0650 \u0645\u0646 \u0627\u0644\u063a\u0628\u0627\u0631 \u0627\u0644\u062f\u0642\u064a\u0642 \u0627\u0644\u0636\u0627\u0631 \u0645\u0639 \u0645\u0646\u0638\u0641 \u0632\u064a\u0631\u0648 \u0641\u0648\u0645. \u062a\u0646\u0638\u064a\u0641 \u0634\u0627\u0645\u0644 \u0628\u0627\u0644\u063a\u0628\u0627\u0631 \u0627\u0644\u062f\u0642\u064a\u0642 \u0645\u0639 \u0628\u0648\u0644\u0648\u0634\u064a\u0644\u062f\u2122. \u064a\u062d\u062a\u0648\u064a \u0628\u0648\u0644\u0648\u0634\u064a\u0644\u062f\u2122 \u0639\u0644\u0649 \u0628\u0648\u0644\u064a\u0645\u0631\u0627\u062a \u0645\u0639\u062f\u0646\u064a\u0629 \u0645\u062e\u0644\u0628\u064a\u0629 \u0648\u0645\u0636\u0627\u062f\u0627\u062a \u0623\u0643\u0633\u062f\u0629 \u0642\u0648\u064a\u0629 \u062a\u0645\u0646\u0639 \u0645\u0644\u0648\u062b\u0627\u062a \u0627\u0644\u0647\u0648\u0627\u0621 \u0645\u0646 \u0627\u0644\u062a\u0633\u0644\u0644 \u0625\u0644\u0649 \u062d\u0627\u062c\u0632 \u0627\u0644\u0628\u0634\u0631\u0629. \u062e\u0636\u0639 \u0645\u0646\u0638\u0641 \u0632\u064a\u0631\u0648 \u0641\u0648\u0645 \u0644\u0627\u062e\u062a\u0628\u0627\u0631\u0627\u062a [&hellip;]<\/p>\n","protected":false},"featured_media":23449,"template":"","meta":[],"pwb-brand":[1393],"product_brand":[],"product_cat":[1119],"product_tag":[673,763],"class_list":{"0":"post-23431","1":"product","2":"type-product","3":"status-publish","4":"has-post-thumbnail","6":"pwb-brand-medicube","7":"product_cat-face-wash","8":"product_tag-pores","9":"product_tag-korean-product-2","11":"first","12":"instock","13":"shipping-taxable","14":"purchasable","15":"product-type-variable","16":"has-default-attributes","17":"wvs-archive-product-wrapper"},"brands":[{"id":1393,"name":"MediCube","slug":"medicube"}],"_links":{"self":[{"href":"https:\/\/gopinkish.com\/fr\/wp-json\/wp\/v2\/product\/23431","targetHints":{"allow":["GET"]}}],"collection":[{"href":"https:\/\/gopinkish.com\/fr\/wp-json\/wp\/v2\/product"}],"about":[{"href":"https:\/\/gopinkish.com\/fr\/wp-json\/wp\/v2\/types\/product"}],"wp:featuredmedia":[{"embeddable":true,"href":"https:\/\/gopinkish.com\/fr\/wp-json\/wp\/v2\/media\/23449"}],"wp:attachment":[{"href":"https:\/\/gopinkish.com\/fr\/wp-json\/wp\/v2\/media?parent=23431"}],"wp:term":[{"taxonomy":"pwb-brand","embeddable":true,"href":"https:\/\/gopinkish.com\/fr\/wp-json\/wp\/v2\/pwb-brand?post=23431"},{"taxonomy":"product_brand","embeddable":true,"href":"https:\/\/gopinkish.com\/fr\/wp-json\/wp\/v2\/product_brand?post=23431"},{"taxonomy":"product_cat","embeddable":true,"href":"https:\/\/gopinkish.com\/fr\/wp-json\/wp\/v2\/product_cat?post=23431"},{"taxonomy":"product_tag","embeddable":true,"href":"https:\/\/gopinkish.com\/fr\/wp-json\/wp\/v2\/product_tag?post=23431"}],"curies":[{"name":"wp","href":"https:\/\/api.w.org\/{rel}","templated":true}]}}