{"id":23415,"date":"2025-03-20T17:22:48","date_gmt":"2025-03-20T16:22:48","guid":{"rendered":"https:\/\/gopinkish.com\/?post_type=product&#038;p=23415"},"modified":"2026-03-02T14:54:05","modified_gmt":"2026-03-02T13:54:05","slug":"3178041354615","status":"publish","type":"product","link":"https:\/\/gopinkish.com\/fr\/produit\/3178041354615\/","title":{"rendered":"S\u00e9rum de rajeunissement cellulaire et de lissage nocturne"},"content":{"rendered":"<p style=\"text-align: justify;\">Laissez votre peau s'adoucir pendant votre sommeil. Dot\u00e9 d'un parfum de lavande doux et apaisant, le s\u00e9rum r\u00e9g\u00e9n\u00e9rant Diadermine Lift+Vegetal Active Night contribue \u00e0 un sommeil sain et \u00e0 un meilleur renouvellement cellulaire. Il r\u00e9g\u00e9n\u00e8re la peau en profondeur tout au long de la nuit et lisse efficacement les rides.<\/p>\n<p dir=\"ltr\" style=\"text-align: center;\">\ud83c\uddec\ud83c\udde7 Diadermine Lift+ V\u00e9g\u00e9tal Actif S\u00e9rum de Nuit R\u00e9g\u00e9n\u00e9rant<br \/>\n\ud83c\uddeb\ud83c\uddf7 S\u00e9rum R\u00e9g\u00e9n\u00e9rant Nuit Diadermine Lift+ V\u00e9g\u00e9tal Actif<\/p>","protected":false},"excerpt":{"rendered":"<p>\u062f\u0639\u064a \u0628\u0634\u0631\u062a\u0643\u0650 \u062a\u0646\u0639\u0645 \u0623\u062b\u0646\u0627\u0621 \u0646\u0648\u0645\u0643\u0650. \u064a\u062a\u0645\u064a\u0632 \u0633\u064a\u0631\u0648\u0645 \u062f\u064a\u0627\u062f\u064a\u0631\u0645\u064a\u0646 \u0644\u064a\u0641\u062a + \u0641\u064a\u062c\u064a\u062a\u0627\u0644 \u0623\u0643\u062a\u064a\u0641 \u0627\u0644\u0644\u064a\u0644\u064a \u0627\u0644\u0645\u064f\u062c\u062f\u062f \u0628\u0631\u0627\u0626\u062d\u0629 \u0627\u0644\u0644\u0627\u0641\u0646\u062f\u0631 \u0627\u0644\u0644\u0637\u064a\u0641\u0629 \u0648\u0627\u0644\u0645\u0647\u062f\u0626\u0629\u060c \u0648\u064a\u0633\u0627\u0647\u0645 \u0641\u064a \u0646\u0648\u0645 \u0635\u062d\u064a \u0648\u0628\u0627\u0644\u062a\u0627\u0644\u064a \u062a\u062c\u062f\u064a\u062f \u0627\u0644\u062e\u0644\u0627\u064a\u0627 \u0628\u0634\u0643\u0644 \u0623\u0641\u0636\u0644. \u064a\u064f\u062c\u062f\u062f \u0627\u0644\u0628\u0634\u0631\u0629 \u0628\u0639\u0645\u0642 \u0637\u0648\u0627\u0644 \u0627\u0644\u0644\u064a\u0644 \u0648\u064a\u064f\u0646\u0639\u0645 \u0627\u0644\u062a\u062c\u0627\u0639\u064a\u062f \u0628\u0641\u0639\u0627\u0644\u064a\u0629. \ud83c\uddec\ud83c\udde7 Diadermine Lift+ V\u00e9g\u00e9tal Actif Regenerating Night Serum \ud83c\uddeb\ud83c\uddf7 S\u00e9rum R\u00e9g\u00e9n\u00e9rant Nuit Diadermine Lift+ V\u00e9g\u00e9tal Actif<\/p>","protected":false},"featured_media":23417,"template":"","meta":[],"pwb-brand":[254],"product_brand":[],"product_cat":[1227],"product_tag":[672,1013],"class_list":{"0":"post-23415","1":"product","2":"type-product","3":"status-publish","4":"has-post-thumbnail","6":"pwb-brand-diadermine","7":"product_cat-face-renew","8":"product_tag-wrinkles","9":"product_tag-1013","11":"first","12":"instock","13":"shipping-taxable","14":"purchasable","15":"product-type-variable","16":"has-default-attributes","17":"wvs-archive-product-wrapper"},"brands":[{"id":254,"name":"Diadermine","slug":"diadermine"}],"_links":{"self":[{"href":"https:\/\/gopinkish.com\/fr\/wp-json\/wp\/v2\/product\/23415","targetHints":{"allow":["GET"]}}],"collection":[{"href":"https:\/\/gopinkish.com\/fr\/wp-json\/wp\/v2\/product"}],"about":[{"href":"https:\/\/gopinkish.com\/fr\/wp-json\/wp\/v2\/types\/product"}],"wp:featuredmedia":[{"embeddable":true,"href":"https:\/\/gopinkish.com\/fr\/wp-json\/wp\/v2\/media\/23417"}],"wp:attachment":[{"href":"https:\/\/gopinkish.com\/fr\/wp-json\/wp\/v2\/media?parent=23415"}],"wp:term":[{"taxonomy":"pwb-brand","embeddable":true,"href":"https:\/\/gopinkish.com\/fr\/wp-json\/wp\/v2\/pwb-brand?post=23415"},{"taxonomy":"product_brand","embeddable":true,"href":"https:\/\/gopinkish.com\/fr\/wp-json\/wp\/v2\/product_brand?post=23415"},{"taxonomy":"product_cat","embeddable":true,"href":"https:\/\/gopinkish.com\/fr\/wp-json\/wp\/v2\/product_cat?post=23415"},{"taxonomy":"product_tag","embeddable":true,"href":"https:\/\/gopinkish.com\/fr\/wp-json\/wp\/v2\/product_tag?post=23415"}],"curies":[{"name":"wp","href":"https:\/\/api.w.org\/{rel}","templated":true}]}}