{"id":23404,"date":"2026-04-24T17:04:21","date_gmt":"2026-04-24T16:04:21","guid":{"rendered":"https:\/\/gopinkish.com\/?post_type=product&#038;p=23404"},"modified":"2026-04-27T20:54:38","modified_gmt":"2026-04-27T19:54:38","slug":"4005800347467","status":"publish","type":"product","link":"https:\/\/gopinkish.com\/fr\/produit\/4005800347467\/","title":{"rendered":"Gel nettoyant anti-pigmentation et anti-taches"},"content":{"rendered":"<p style=\"text-align: justify;\">Un nettoyant quotidien enrichi d'ingr\u00e9dients actifs tels que le Thiamidol\u00ae (l'ingr\u00e9dient exclusif d'\u00e9claircissement des taches) et l'acide salicylique 2% pour aider \u00e0 \u00e9liminer les impuret\u00e9s et \u00e0 purifier la peau. Il nettoie en profondeur, att\u00e9nue la pigmentation et donne \u00e0 la peau un \u00e9clat sain.<\/p>\n<p><strong>Principaux ingr\u00e9dients et caract\u00e9ristiques<\/strong><br \/>\n- Thiamidol\u00ae pour att\u00e9nuer les taches brunes et pr\u00e9venir leur r\u00e9apparition<br \/>\n- 2% d'acide salicylique pour affiner les pores et \u00e9liminer les impuret\u00e9s<br \/>\n- Formule douce convenant aux peaux sensibles<br \/>\n- Texture gel fra\u00eeche et facile \u00e0 utiliser<\/p>\n<p><strong>Principales caract\u00e9ristiques et avantages<\/strong><br \/>\n- Nettoie la peau en profondeur et \u00e9limine les impuret\u00e9s<br \/>\n- Att\u00e9nue les taches brunes et unifie le teint de la peau<br \/>\n- Procure un \u00e9clat sain et naturel<br \/>\n- Convient pour une utilisation quotidienne matin et soir<br \/>\n- Pr\u00e9pare la peau aux soins ult\u00e9rieurs<\/p>\n<p dir=\"ltr\" style=\"text-align: center;\">\ud83c\uddec\ud83c\udde7 Eucerin Gel Nettoyant Anti-Pigments 2% - R\u00e9duction des taches brunes<br \/>\n\ud83c\uddeb\ud83c\uddf7 Eucerin Gel Nettoyant Anti-Pigment 2% - Soin Anti-Taches<\/p>","protected":false},"excerpt":{"rendered":"<p>\u0645\u0646\u0638\u0641 \u064a\u0648\u0645\u064a \u064a\u062d\u062a\u0648\u064a \u0639\u0644\u0649 \u062a\u0631\u0643\u064a\u0628\u0629 \u0645\u062f\u0639\u0645\u0629 \u0628\u0645\u0643\u0648\u0646\u0627\u062a \u0641\u0639\u0651\u0627\u0644\u0629 \u0645\u062b\u0644 Thiamidol\u00ae (\u0627\u0644\u0645\u0643\u0648\u0651\u0646 \u0627\u0644\u062d\u0635\u0631\u064a \u0644\u062a\u0641\u062a\u064a\u062d \u0627\u0644\u0628\u0642\u0639) \u0648 \u062d\u0645\u0636 \u0627\u0644\u0633\u0627\u0644\u064a\u0633\u064a\u0644\u064a\u0643 \u0628\u062a\u0631\u0643\u064a\u0632 2% \u0644\u0644\u0645\u0633\u0627\u0639\u062f\u0629 \u0641\u064a \u0625\u0632\u0627\u0644\u0629 \u0627\u0644\u0634\u0648\u0627\u0626\u0628 \u0648\u062a\u0646\u0642\u064a\u0629 \u0627\u0644\u0628\u0634\u0631\u0629. \u064a\u0639\u0645\u0644 \u0639\u0644\u0649 \u062a\u0646\u0638\u064a\u0641 \u0627\u0644\u0628\u0634\u0631\u0629 \u0628\u0639\u0645\u0642\u060c \u062a\u0642\u0644\u064a\u0644 \u0627\u0644\u062a\u0635\u0628\u063a\u0627\u062a\u060c \u0648\u0645\u0646\u062d\u0647\u0627 \u0625\u0634\u0631\u0627\u0642\u0629 \u0635\u062d\u064a\u0629. \u0627\u0644\u0645\u0643\u0648\u0646\u0627\u062a \u0648\u0627\u0644\u062e\u0635\u0627\u0626\u0635 \u0627\u0644\u0631\u0626\u064a\u0633\u064a\u0629 \u2022 Thiamidol\u00ae \u0644\u062a\u0642\u0644\u064a\u0644 \u0627\u0644\u0628\u0642\u0639 \u0627\u0644\u062f\u0627\u0643\u0646\u0629 \u0648\u0645\u0646\u0639 \u0638\u0647\u0648\u0631\u0647\u0627 \u0645\u062c\u062f\u062f\u064b\u0627 \u2022 \u062d\u0645\u0636 \u0627\u0644\u0633\u0627\u0644\u064a\u0633\u064a\u0644\u064a\u0643 2% \u0644\u062a\u0646\u0642\u064a\u0629 \u0627\u0644\u0645\u0633\u0627\u0645 \u0648\u0625\u0632\u0627\u0644\u0629 \u0627\u0644\u0634\u0648\u0627\u0626\u0628 \u2022 [&hellip;]<\/p>\n","protected":false},"featured_media":23407,"template":"","meta":[],"pwb-brand":[439],"product_brand":[],"product_cat":[1119,1123],"product_tag":[675,671],"class_list":{"0":"post-23404","1":"product","2":"type-product","3":"status-publish","4":"has-post-thumbnail","6":"pwb-brand-eucerin","7":"product_cat-face-wash","8":"product_cat-face-bright","9":"product_tag-spots","10":"product_tag-pigmentation","12":"first","13":"instock","14":"shipping-taxable","15":"purchasable","16":"product-type-variable","17":"has-default-attributes","18":"wvs-archive-product-wrapper"},"brands":[{"id":439,"name":"Eucerin","slug":"eucerin"}],"_links":{"self":[{"href":"https:\/\/gopinkish.com\/fr\/wp-json\/wp\/v2\/product\/23404","targetHints":{"allow":["GET"]}}],"collection":[{"href":"https:\/\/gopinkish.com\/fr\/wp-json\/wp\/v2\/product"}],"about":[{"href":"https:\/\/gopinkish.com\/fr\/wp-json\/wp\/v2\/types\/product"}],"wp:featuredmedia":[{"embeddable":true,"href":"https:\/\/gopinkish.com\/fr\/wp-json\/wp\/v2\/media\/23407"}],"wp:attachment":[{"href":"https:\/\/gopinkish.com\/fr\/wp-json\/wp\/v2\/media?parent=23404"}],"wp:term":[{"taxonomy":"pwb-brand","embeddable":true,"href":"https:\/\/gopinkish.com\/fr\/wp-json\/wp\/v2\/pwb-brand?post=23404"},{"taxonomy":"product_brand","embeddable":true,"href":"https:\/\/gopinkish.com\/fr\/wp-json\/wp\/v2\/product_brand?post=23404"},{"taxonomy":"product_cat","embeddable":true,"href":"https:\/\/gopinkish.com\/fr\/wp-json\/wp\/v2\/product_cat?post=23404"},{"taxonomy":"product_tag","embeddable":true,"href":"https:\/\/gopinkish.com\/fr\/wp-json\/wp\/v2\/product_tag?post=23404"}],"curies":[{"name":"wp","href":"https:\/\/api.w.org\/{rel}","templated":true}]}}