{"id":23374,"date":"2025-03-20T15:34:30","date_gmt":"2025-03-20T14:34:30","guid":{"rendered":"https:\/\/gopinkish.com\/?post_type=product&#038;p=23374"},"modified":"2025-05-14T11:43:26","modified_gmt":"2025-05-14T10:43:26","slug":"3337871322281","status":"publish","type":"product","link":"https:\/\/gopinkish.com\/fr\/produit\/3337871322281\/","title":{"rendered":"Un traitement anti-\u00e2ge qui resserre les pores et \u00e9limine les rides"},"content":{"rendered":"<p style=\"text-align: justify;\"><strong>Efficacit\u00e9 prouv\u00e9e :<\/strong> Formul\u00e9 avec 2% d'acide salicylique, il cible les taches, les pores dilat\u00e9s et les points noirs. La formule r\u00e9gule la s\u00e9cr\u00e9tion de s\u00e9bum et aide \u00e0 minimiser l'apparence des pores.<\/p>\n<p style=\"text-align: justify;\"><strong>Hydrater :<\/strong> L'acide hyaluronique hydrate la peau pendant 24 heures et maintient une hydratation durable. Il r\u00e9g\u00e9n\u00e8re la peau et renforce sa fonction protectrice contre les agressions ext\u00e9rieures.<\/p>\n<p style=\"text-align: justify;\"><strong>Haute endurance :<\/strong> La formule pH-neutralisante est douce pour la peau. Elle ne provoque pas de points noirs, ce qui la rend id\u00e9ale pour les peaux sujettes aux imperfections.<\/p>","protected":false},"excerpt":{"rendered":"<p>\u0641\u0639\u0627\u0644\u064a\u0629 \u0645\u062b\u0628\u062a\u0629: \u062a\u0631\u0643\u064a\u0628\u0629 \u062a\u062d\u062a\u0648\u064a \u0639\u0644\u0649 2\u066a \u0645\u0646 \u062d\u0645\u0636 \u0627\u0644\u0633\u0627\u0644\u064a\u0633\u064a\u0644\u064a\u0643\u060c \u062a\u0633\u062a\u0647\u062f\u0641 \u0627\u0644\u0628\u0642\u0639\u060c \u0648\u0627\u0644\u0645\u0633\u0627\u0645 \u0627\u0644\u0648\u0627\u0633\u0639\u0629\u060c \u0648\u0627\u0644\u0631\u0624\u0648\u0633 \u0627\u0644\u0633\u0648\u062f\u0627\u0621. \u062a\u064f\u0646\u0638\u0645 \u0627\u0644\u062a\u0631\u0643\u064a\u0628\u0629 \u0625\u0641\u0631\u0627\u0632 \u0627\u0644\u062f\u0647\u0648\u0646 \u0648\u062a\u064f\u0633\u0627\u0639\u062f \u0639\u0644\u0649 \u062a\u0642\u0644\u064a\u0644 \u0638\u0647\u0648\u0631 \u0627\u0644\u0645\u0633\u0627\u0645. \u062a\u0631\u0637\u064a\u0628: \u064a\u064f\u0631\u0637\u0628 \u062d\u0645\u0636 \u0627\u0644\u0647\u064a\u0627\u0644\u0648\u0631\u0648\u0646\u064a\u0643 \u0627\u0644\u0628\u0634\u0631\u0629 \u0644\u0645\u062f\u0629 24 \u0633\u0627\u0639\u0629\u060c \u0648\u064a\u062d\u0627\u0641\u0638 \u0639\u0644\u0649 \u0631\u0637\u0648\u0628\u0629 \u062a\u062f\u0648\u0645 \u0637\u0648\u064a\u0644\u064b\u0627. \u064a\u064f\u062c\u062f\u062f \u0627\u0644\u0628\u0634\u0631\u0629 \u0648\u064a\u064f\u0639\u0632\u0632 \u0648\u0638\u064a\u0641\u062a\u0647\u0627 \u0627\u0644\u0648\u0642\u0627\u0626\u064a\u0629 \u0636\u062f \u0627\u0644\u0639\u0648\u0627\u0645\u0644 \u0627\u0644\u062e\u0627\u0631\u062c\u064a\u0629 \u0627\u0644\u0636\u0627\u0631\u0629. \u0642\u062f\u0631\u0629 \u062a\u062d\u0645\u0644 \u0639\u0627\u0644\u064a\u0629: \u062a\u0631\u0643\u064a\u0628\u0629 \u0645\u064f\u062a\u0639\u0627\u062f\u0644\u0629 \u0627\u0644\u062d\u0645\u0648\u0636\u0629 \u0644\u0637\u064a\u0641\u0629 \u0639\u0644\u0649 \u0627\u0644\u0628\u0634\u0631\u0629. [&hellip;]<\/p>\n","protected":false},"featured_media":23380,"template":"","meta":[],"pwb-brand":[243],"product_brand":[],"product_cat":[1227],"product_tag":[672,698,673,689,697,680,1013],"class_list":{"0":"post-23374","1":"product","2":"type-product","3":"status-publish","4":"has-post-thumbnail","6":"pwb-brand-vichy","7":"product_cat-face-renew","8":"product_tag-wrinkles","9":"product_tag-blackheads","10":"product_tag-pores","11":"product_tag-oily","12":"product_tag-moisturizing","13":"product_tag-dryness","14":"product_tag-1013","16":"first","17":"outofstock","18":"shipping-taxable","19":"product-type-variable","20":"has-default-attributes","21":"wvs-archive-product-wrapper"},"brands":[{"id":243,"name":"Vichy","slug":"vichy"}],"_links":{"self":[{"href":"https:\/\/gopinkish.com\/fr\/wp-json\/wp\/v2\/product\/23374","targetHints":{"allow":["GET"]}}],"collection":[{"href":"https:\/\/gopinkish.com\/fr\/wp-json\/wp\/v2\/product"}],"about":[{"href":"https:\/\/gopinkish.com\/fr\/wp-json\/wp\/v2\/types\/product"}],"wp:featuredmedia":[{"embeddable":true,"href":"https:\/\/gopinkish.com\/fr\/wp-json\/wp\/v2\/media\/23380"}],"wp:attachment":[{"href":"https:\/\/gopinkish.com\/fr\/wp-json\/wp\/v2\/media?parent=23374"}],"wp:term":[{"taxonomy":"pwb-brand","embeddable":true,"href":"https:\/\/gopinkish.com\/fr\/wp-json\/wp\/v2\/pwb-brand?post=23374"},{"taxonomy":"product_brand","embeddable":true,"href":"https:\/\/gopinkish.com\/fr\/wp-json\/wp\/v2\/product_brand?post=23374"},{"taxonomy":"product_cat","embeddable":true,"href":"https:\/\/gopinkish.com\/fr\/wp-json\/wp\/v2\/product_cat?post=23374"},{"taxonomy":"product_tag","embeddable":true,"href":"https:\/\/gopinkish.com\/fr\/wp-json\/wp\/v2\/product_tag?post=23374"}],"curies":[{"name":"wp","href":"https:\/\/api.w.org\/{rel}","templated":true}]}}