{"id":23177,"date":"2025-03-04T23:27:25","date_gmt":"2025-03-04T22:27:25","guid":{"rendered":"https:\/\/gopinkish.com\/?post_type=product&#038;p=23177"},"modified":"2026-01-14T16:22:05","modified_gmt":"2026-01-14T15:22:05","slug":"3145891136609","status":"publish","type":"product","link":"https:\/\/gopinkish.com\/fr\/produit\/3145891136609\/","title":{"rendered":"Chanel Coco Noir"},"content":{"rendered":"<p style=\"text-align: justify;\">Chanel a toujours confi\u00e9 \u00e0 la couleur noire un r\u00f4le essentiel : Mettre en lumi\u00e8re les femmes. COCO NOIR c\u00e9l\u00e8bre ce paradoxe et incarne la couleur embl\u00e9matique en utilisant le noir profond pour mettre en valeur l'\u00e9blouissante f\u00e9minit\u00e9.<\/p>\n<p style=\"text-align: justify;\">Intime, sensuel, sexy et ultra-cool, COCO NOIR est l'expression contemporaine d'une sensualit\u00e9 magn\u00e9tique dans un parfum ambr\u00e9 moderne.<\/p>\n<p style=\"text-align: justify;\">La combinaison<br \/>\nEn introduction, la senteur de la bergamote \u00e9veille la curiosit\u00e9 des adeptes. Le c\u0153ur g\u00e9n\u00e9reux r\u00e9v\u00e8le progressivement la sensualit\u00e9 d'une rose de mai et la saveur exquise des feuilles de g\u00e9ranium. Cet aspect floral lumineux cr\u00e9e une pr\u00e9sence saisissante, tandis qu'une trace de f\u00e8ve tonka v\u00e9n\u00e9zu\u00e9lienne et des notes de patchouli indon\u00e9sien donnent de l'allure.<\/p>\n<p dir=\"ltr\" style=\"text-align: center;\">\ud83c\uddec\ud83c\udde7 Chanel Coco Noir Eau de Parfum<br \/>\n\ud83c\uddeb\ud83c\uddf7 Eau de Parfum Chanel Coco Noir<\/p>","protected":false},"excerpt":{"rendered":"<p>\u0644\u0637\u0627\u0644\u0645\u0627 \u0639\u0647\u062f\u062a \u0634\u0627\u0646\u064a\u0644 \u0628\u0627\u0644\u0644\u0648\u0646 \u0627\u0644\u0623\u0633\u0648\u062f \u062f\u0648\u0631\u064b\u0627 \u0623\u0633\u0627\u0633\u064a\u064b\u0627: \u062a\u0633\u0644\u064a\u0637 \u0627\u0644\u0636\u0648\u0621 \u0639\u0644\u0649 \u0627\u0644\u0645\u0631\u0623\u0629. \u064a\u062d\u062a\u0641\u0644 \u0639\u0637\u0631 COCO NOIR \u0628\u0647\u0630\u0647 \u0627\u0644\u0645\u0641\u0627\u0631\u0642\u0629 \u0648\u064a\u062c\u0633\u062f \u0627\u0644\u0644\u0648\u0646 \u0627\u0644\u0623\u064a\u0642\u0648\u0646\u064a \u0628\u0627\u0633\u062a\u062e\u062f\u0627\u0645 \u0627\u0644\u0644\u0648\u0646 \u0627\u0644\u0623\u0633\u0648\u062f \u0627\u0644\u0639\u0645\u064a\u0642 \u0644\u062a\u0633\u0644\u064a\u0637 \u0627\u0644\u0636\u0648\u0621 \u0639\u0644\u0649 \u0627\u0644\u0623\u0646\u0648\u062b\u0629 \u0627\u0644\u0645\u0628\u0647\u0631\u0629. \u064a\u064f\u0639\u062f \u0639\u0637\u0631 COCO NOIR\u060c \u0627\u0644\u062d\u0645\u064a\u0645\u064a \u0648\u0627\u0644\u0645\u062b\u064a\u0631 \u0648\u0627\u0644\u0631\u0627\u0626\u0639 \u0644\u0644\u063a\u0627\u064a\u0629\u060c \u062a\u0639\u0628\u064a\u0631\u064b\u0627 \u0645\u0639\u0627\u0635\u0631\u064b\u0627 \u0639\u0646 \u0627\u0644\u062d\u0633\u064a\u0629 \u0627\u0644\u0645\u063a\u0646\u0627\u0637\u064a\u0633\u064a\u0629 \u0641\u064a \u0639\u0637\u0631 \u0639\u0646\u0628\u0631\u064a \u0639\u0635\u0631\u064a. \u0627\u0644\u062a\u0631\u0643\u064a\u0628\u0629 \u0643\u0645\u0642\u062f\u0645\u0629\u060c \u062a\u062b\u064a\u0631 \u0631\u0627\u0626\u062d\u0629 \u0627\u0644\u0628\u0631\u063a\u0645\u0648\u062a \u0627\u0644\u0641\u0636\u0648\u0644 \u0641\u064a \u0646\u0641\u0648\u0633 \u0627\u0644\u0645\u062a\u0627\u0628\u0639\u064a\u0646. [&hellip;]<\/p>\n","protected":false},"featured_media":23179,"template":"","meta":[],"pwb-brand":[226],"product_brand":[],"product_cat":[1235],"product_tag":[],"class_list":{"0":"post-23177","1":"product","2":"type-product","3":"status-publish","4":"has-post-thumbnail","6":"pwb-brand-chanel","7":"product_cat-western-perfumes","9":"first","10":"instock","11":"shipping-taxable","12":"purchasable","13":"product-type-variable","14":"has-default-attributes","15":"wvs-archive-product-wrapper"},"brands":[{"id":226,"name":"Chanel","slug":"chanel"}],"_links":{"self":[{"href":"https:\/\/gopinkish.com\/fr\/wp-json\/wp\/v2\/product\/23177","targetHints":{"allow":["GET"]}}],"collection":[{"href":"https:\/\/gopinkish.com\/fr\/wp-json\/wp\/v2\/product"}],"about":[{"href":"https:\/\/gopinkish.com\/fr\/wp-json\/wp\/v2\/types\/product"}],"wp:featuredmedia":[{"embeddable":true,"href":"https:\/\/gopinkish.com\/fr\/wp-json\/wp\/v2\/media\/23179"}],"wp:attachment":[{"href":"https:\/\/gopinkish.com\/fr\/wp-json\/wp\/v2\/media?parent=23177"}],"wp:term":[{"taxonomy":"pwb-brand","embeddable":true,"href":"https:\/\/gopinkish.com\/fr\/wp-json\/wp\/v2\/pwb-brand?post=23177"},{"taxonomy":"product_brand","embeddable":true,"href":"https:\/\/gopinkish.com\/fr\/wp-json\/wp\/v2\/product_brand?post=23177"},{"taxonomy":"product_cat","embeddable":true,"href":"https:\/\/gopinkish.com\/fr\/wp-json\/wp\/v2\/product_cat?post=23177"},{"taxonomy":"product_tag","embeddable":true,"href":"https:\/\/gopinkish.com\/fr\/wp-json\/wp\/v2\/product_tag?post=23177"}],"curies":[{"name":"wp","href":"https:\/\/api.w.org\/{rel}","templated":true}]}}