{"id":23171,"date":"2025-03-04T23:20:10","date_gmt":"2025-03-04T22:20:10","guid":{"rendered":"https:\/\/gopinkish.com\/?post_type=product&#038;p=23171"},"modified":"2025-08-03T21:11:06","modified_gmt":"2025-08-03T20:11:06","slug":"3145891205251","status":"publish","type":"product","link":"https:\/\/gopinkish.com\/fr\/produit\/3145891205251\/","title":{"rendered":"Chanel Gabrielle"},"content":{"rendered":"<p style=\"text-align: justify;\">Avant la cr\u00e9ation de Chanel, Coco Gabrielle \u00e9tait Coco Gabriel. Rebelle dans l'\u00e2me... passionn\u00e9e et libre. L'inspiratrice de la fragrance florale lumineuse : Gabrielle Chanel.<\/p>\n<p style=\"text-align: justify;\">Le parfum semble suspendu en apesanteur \u00e0 l'int\u00e9rieur d'un \u00e9tonnant flacon carr\u00e9. Fabriqu\u00e9es en verre ultrafin, les quatre faces transparentes s'effacent pour laisser passer la lumi\u00e8re. L'\u00e9tiquette et le bouchon ont la m\u00eame forme carr\u00e9e et la m\u00eame couleur de lam\u00e9 pr\u00e9cieux, un \u00e9quilibre d\u00e9licat d'or et d'argent, et l'int\u00e9rieur est chaud avec une couleur dor\u00e9e encore plus exquise. Le flacon est soigneusement prot\u00e9g\u00e9 par un manchon imprim\u00e9 de sa silhouette.<\/p>\n<p style=\"text-align: justify;\">La combinaison<br \/>\nLe parfumeur maison Olivier Polge a cr\u00e9\u00e9 ce parfum en forme de fleur imaginaire - une fleur radieuse et purement f\u00e9minine bas\u00e9e sur un bouquet de 4 fleurs blanches vibrantes. Un c\u0153ur riche et expansif de jasmin intense scintille avec les notes vertes fruit\u00e9es de l'ylang-ylang, tandis que la fleur d'oranger fra\u00eeche et p\u00e9tillante brille \u00e0 travers, donnant un aper\u00e7u de la tub\u00e9reuse douce captur\u00e9e \u00e0 son meilleur.<\/p>\n<p dir=\"ltr\" style=\"text-align: center;\">\ud83c\uddec\ud83c\udde7 Gabrielle Chanel Eau de Parfum<br \/>\n\ud83c\uddeb\ud83c\uddf7 Eau de Parfum Gabrielle Chanel<\/p>","protected":false},"excerpt":{"rendered":"<p>\u0642\u0628\u0644 \u0625\u0646\u0634\u0627\u0621 \u062f\u0627\u0631 \u0634\u0627\u0646\u064a\u0644\u060c \u0643\u0627\u0646\u062a \u0643\u0648\u0643\u0648 \u063a\u0627\u0628\u0631\u064a\u064a\u0644. \u0645\u062a\u0645\u0631\u062f\u0629 \u0641\u064a \u0627\u0644\u0642\u0644\u0628&#8230; \u0639\u0627\u0637\u0641\u064a\u0629 \u0648\u062d\u0631\u0629. \u0645\u0635\u062f\u0631 \u0625\u0644\u0647\u0627\u0645 \u0627\u0644\u0639\u0637\u0631 \u0627\u0644\u0632\u0647\u0631\u064a \u0627\u0644\u0645\u0636\u064a\u0621: \u063a\u0627\u0628\u0631\u064a\u064a\u0644 \u0634\u0627\u0646\u064a\u0644. \u064a\u0628\u062f\u0648 \u0627\u0644\u0639\u0637\u0631 \u0645\u0639\u0644\u0642\u064b\u0627 \u0628\u0644\u0627 \u0648\u0632\u0646 \u062f\u0627\u062e\u0644 \u0632\u062c\u0627\u062c\u0629 \u0645\u0631\u0628\u0639\u0629 \u0645\u0630\u0647\u0644\u0629. \u0645\u0635\u0646\u0648\u0639\u0629 \u0645\u0646 \u0632\u062c\u0627\u062c \u0641\u0627\u0626\u0642 \u0627\u0644\u0631\u0642\u0629\u060c \u062a\u062a\u0644\u0627\u0634\u0649 \u0627\u0644\u062c\u0648\u0627\u0646\u0628 \u0627\u0644\u0634\u0641\u0627\u0641\u0629 \u0627\u0644\u0623\u0631\u0628\u0639\u0629 \u0641\u064a \u0627\u0644\u062e\u0644\u0641\u064a\u0629\u060c \u0645\u0645\u0627 \u064a\u0633\u0645\u062d \u0644\u0644\u0636\u0648\u0621 \u0628\u0627\u0644\u0625\u0634\u0639\u0627\u0639 \u0645\u0646 \u062e\u0644\u0627\u0644\u0647\u0627. \u064a\u062a\u0645\u062a\u0639 \u0627\u0644\u0645\u0644\u0635\u0642 \u0648\u0627\u0644\u0633\u062f\u0627\u062f\u0629 \u0628\u0646\u0641\u0633 \u0627\u0644\u0634\u0643\u0644 \u0627\u0644\u0645\u0631\u0628\u0639 \u0648\u0644\u0648\u0646 \u0627\u0644\u0644\u0627\u0645\u064a\u0647 \u0627\u0644\u062b\u0645\u064a\u0646\u060c \u0648\u062a\u0648\u0627\u0632\u0646 [&hellip;]<\/p>\n","protected":false},"featured_media":23174,"template":"","meta":[],"pwb-brand":[226],"product_brand":[],"product_cat":[1235],"product_tag":[],"class_list":{"0":"post-23171","1":"product","2":"type-product","3":"status-publish","4":"has-post-thumbnail","6":"pwb-brand-chanel","7":"product_cat-western-perfumes","9":"first","10":"instock","11":"shipping-taxable","12":"purchasable","13":"product-type-variable","14":"has-default-attributes","15":"wvs-archive-product-wrapper"},"brands":[{"id":226,"name":"Chanel","slug":"chanel"}],"_links":{"self":[{"href":"https:\/\/gopinkish.com\/fr\/wp-json\/wp\/v2\/product\/23171","targetHints":{"allow":["GET"]}}],"collection":[{"href":"https:\/\/gopinkish.com\/fr\/wp-json\/wp\/v2\/product"}],"about":[{"href":"https:\/\/gopinkish.com\/fr\/wp-json\/wp\/v2\/types\/product"}],"wp:featuredmedia":[{"embeddable":true,"href":"https:\/\/gopinkish.com\/fr\/wp-json\/wp\/v2\/media\/23174"}],"wp:attachment":[{"href":"https:\/\/gopinkish.com\/fr\/wp-json\/wp\/v2\/media?parent=23171"}],"wp:term":[{"taxonomy":"pwb-brand","embeddable":true,"href":"https:\/\/gopinkish.com\/fr\/wp-json\/wp\/v2\/pwb-brand?post=23171"},{"taxonomy":"product_brand","embeddable":true,"href":"https:\/\/gopinkish.com\/fr\/wp-json\/wp\/v2\/product_brand?post=23171"},{"taxonomy":"product_cat","embeddable":true,"href":"https:\/\/gopinkish.com\/fr\/wp-json\/wp\/v2\/product_cat?post=23171"},{"taxonomy":"product_tag","embeddable":true,"href":"https:\/\/gopinkish.com\/fr\/wp-json\/wp\/v2\/product_tag?post=23171"}],"curies":[{"name":"wp","href":"https:\/\/api.w.org\/{rel}","templated":true}]}}