{"id":23051,"date":"2025-02-14T00:18:41","date_gmt":"2025-02-13T23:18:41","guid":{"rendered":"https:\/\/gopinkish.com\/?post_type=product&#038;p=23051"},"modified":"2025-05-10T17:20:37","modified_gmt":"2025-05-10T16:20:37","slug":"3574669909594","status":"publish","type":"product","link":"https:\/\/gopinkish.com\/fr\/produit\/3574669909594\/","title":{"rendered":"Huile douce pour b\u00e9b\u00e9 de Johnson's"},"content":{"rendered":"<p style=\"text-align: justify;\">L'huile douce pour b\u00e9b\u00e9 JOHNSON'S permet de nourrir facilement votre enfant avec amour, et votre toucher contribue \u00e0 stimuler ses sens, ce qui est essentiel \u00e0 son d\u00e9veloppement heureux et sain.<\/p>\n<p style=\"text-align: justify;\">La peau de votre b\u00e9b\u00e9 perd son hydratation deux fois plus vite et est plus sujette \u00e0 la s\u00e9cheresse. L'huile pour b\u00e9b\u00e9s JOHNSON'S avec vitamine E est sp\u00e9cialement formul\u00e9e pour les nouveau-n\u00e9s. L'huile pour b\u00e9b\u00e9s JOHNSON'S est si pure que vous pouvez voir \u00e0 travers elle. Sa formule douce nourrit la peau, la laissant douce et lisse. Elle ne colle pas. Ainsi, votre petit ange ne se sentira pas mal \u00e0 l'aise.<\/p>\n<p style=\"text-align: justify;\">L'huile douce pour b\u00e9b\u00e9 de Johnson's vous permet de nourrir votre enfant avec amour et votre toucher contribue \u00e0 stimuler ses sens, ce qui est essentiel \u00e0 son d\u00e9veloppement heureux et sain. Test\u00e9e par des dermatologues et des allergologues. Les mamans font confiance \u00e0 Johnson's - elle est toujours douce et efficace.<\/p>\n<p style=\"text-align: justify;\">Test\u00e9 par des dermatologues et des allergologues.<\/p>","protected":false},"excerpt":{"rendered":"<p>\u0632\u064a\u062a \u0627\u0644\u0623\u0637\u0641\u0627\u0644 \u0627\u0644\u0644\u0637\u064a\u0641 \u0645\u0646 \u062c\u0648\u0646\u0633\u0648\u0646 \u064a\u062c\u0639\u0644 \u0645\u0646 \u0627\u0644\u0633\u0647\u0644 \u0639\u0644\u064a\u0643 \u0625\u0639\u0637\u0627\u0621 \u0637\u0641\u0644\u0643 \u0627\u0644\u0635\u063a\u064a\u0631 \u0627\u0644\u062a\u063a\u0630\u064a\u0629 \u0627\u0644\u0645\u062d\u0628\u0628\u0629\u060c \u0643\u0645\u0627 \u062a\u0633\u0627\u0639\u062f \u0644\u0645\u0633\u062a\u0643 \u0641\u064a \u062a\u062d\u0641\u064a\u0632 \u062d\u0648\u0627\u0633\u0647 \u0648\u0647\u0648 \u0623\u0645\u0631 \u0628\u0627\u0644\u063a \u0627\u0644\u0623\u0647\u0645\u064a\u0629 \u0644\u0646\u0645\u0648\u0647 \u0627\u0644\u0633\u0639\u064a\u062f \u0648\u0627\u0644\u0635\u062d\u064a. \u062a\u0641\u0642\u062f \u0628\u0634\u0631\u0629 \u0637\u0641\u0644\u0643 \u0627\u0644\u0631\u0637\u0648\u0628\u0629 \u0645\u0631\u062a\u064a\u0646 \u0623\u0633\u0631\u0639 \u0648\u062a\u0635\u0628\u062d \u0623\u0643\u062b\u0631 \u0639\u0631\u0636\u0629 \u0644\u0644\u062c\u0641\u0627\u0641. \u062a\u0645 \u062a\u0631\u0643\u064a\u0628 \u0632\u064a\u062a \u0627\u0644\u0623\u0637\u0641\u0627\u0644 \u062c\u0648\u0646\u0633\u0648\u0646 \u0628\u0641\u064a\u062a\u0627\u0645\u064a\u0646 \u0647\u0640 \u062e\u0635\u064a\u0635\u064b\u0627 \u0644\u0644\u0623\u0637\u0641\u0627\u0644 \u062d\u062f\u064a\u062b\u064a \u0627\u0644\u0648\u0644\u0627\u062f\u0629. \u0632\u064a\u062a \u0627\u0644\u0623\u0637\u0641\u0627\u0644 \u062c\u0648\u0646\u0633\u0648\u0646 \u0646\u0642\u064a \u0644\u0644\u063a\u0627\u064a\u0629 \u0648\u064a\u0645\u0643\u0646\u0643 \u0627\u0644\u0631\u0624\u064a\u0629 [&hellip;]<\/p>\n","protected":false},"featured_media":23054,"template":"","meta":[],"pwb-brand":[1401],"product_brand":[],"product_cat":[1162],"product_tag":[1036],"class_list":{"0":"post-23051","1":"product","2":"type-product","3":"status-publish","4":"has-post-thumbnail","6":"pwb-brand-johnsons","7":"product_cat-mom-baby","8":"product_tag-1036","10":"first","11":"outofstock","12":"shipping-taxable","13":"product-type-variable","14":"has-default-attributes","15":"wvs-archive-product-wrapper"},"brands":[{"id":1401,"name":"Johnson's","slug":"johnsons"}],"_links":{"self":[{"href":"https:\/\/gopinkish.com\/fr\/wp-json\/wp\/v2\/product\/23051","targetHints":{"allow":["GET"]}}],"collection":[{"href":"https:\/\/gopinkish.com\/fr\/wp-json\/wp\/v2\/product"}],"about":[{"href":"https:\/\/gopinkish.com\/fr\/wp-json\/wp\/v2\/types\/product"}],"wp:featuredmedia":[{"embeddable":true,"href":"https:\/\/gopinkish.com\/fr\/wp-json\/wp\/v2\/media\/23054"}],"wp:attachment":[{"href":"https:\/\/gopinkish.com\/fr\/wp-json\/wp\/v2\/media?parent=23051"}],"wp:term":[{"taxonomy":"pwb-brand","embeddable":true,"href":"https:\/\/gopinkish.com\/fr\/wp-json\/wp\/v2\/pwb-brand?post=23051"},{"taxonomy":"product_brand","embeddable":true,"href":"https:\/\/gopinkish.com\/fr\/wp-json\/wp\/v2\/product_brand?post=23051"},{"taxonomy":"product_cat","embeddable":true,"href":"https:\/\/gopinkish.com\/fr\/wp-json\/wp\/v2\/product_cat?post=23051"},{"taxonomy":"product_tag","embeddable":true,"href":"https:\/\/gopinkish.com\/fr\/wp-json\/wp\/v2\/product_tag?post=23051"}],"curies":[{"name":"wp","href":"https:\/\/api.w.org\/{rel}","templated":true}]}}