{"id":23046,"date":"2025-02-13T23:37:49","date_gmt":"2025-02-13T22:37:49","guid":{"rendered":"https:\/\/gopinkish.com\/?post_type=product&#038;p=23046"},"modified":"2025-02-13T23:41:51","modified_gmt":"2025-02-13T22:41:51","slug":"3760306530522","status":"publish","type":"product","link":"https:\/\/gopinkish.com\/fr\/produit\/3760306530522\/","title":{"rendered":"Une cr\u00e8me polyvalente pour hydrater et att\u00e9nuer les cicatrices, les taches et les signes de vieillissement."},"content":{"rendered":"<p style=\"text-align: justify;\">Un rem\u00e8de traditionnel mondialement connu aux multiples usages :<\/p>\n<p style=\"text-align: justify;\">R\u00e9duit les taches et les cicatrices.<br \/>\nId\u00e9al pour les zones s\u00e8ches et sensibles du visage et du corps.<br \/>\nFonctionne comme un masque capillaire.<br \/>\nApaise les mains et les pieds secs, y compris les ger\u00e7ures.<br \/>\nSoulage les coups de soleil et les br\u00fblures.<br \/>\nFonctionne comme un d\u00e9maquillant.<br \/>\nAgit comme un lubrifiant et un hydratant vaginal.<br \/>\nBaume \u00e0 l\u00e8vres multi-usages.<br \/>\nSoulage l'ecz\u00e9ma et le psoriasis.<br \/>\nEfficace pour pr\u00e9venir les vergetures pendant la grossesse.<\/p>\n<p style=\"text-align: justify;\"><strong>Avantages :<\/strong><br \/>\nIl agit efficacement comme un hydratant, aidant \u00e0 r\u00e9duire les cicatrices, les rougeurs, les taches et les premiers signes de vieillissement de la peau. En outre, gr\u00e2ce \u00e0 la pr\u00e9sence de miel et de propolis, il offre des propri\u00e9t\u00e9s cicatrisantes exceptionnelles, ce qui en fait un baume particuli\u00e8rement adapt\u00e9 pour soulager les sympt\u00f4mes de l'ecz\u00e9ma et\/ou du psoriasis.<\/p>\n<p style=\"text-align: justify;\"><strong>Mode d'emploi :<br \/>\n<\/strong>Avant utilisation, pr\u00e9levez une petite quantit\u00e9 de produit et r\u00e9chauffez-le en le frottant doucement dans la paume de votre main.<\/p>\n<p style=\"text-align: justify;\"><strong>Pr\u00e9cautions :<\/strong><br \/>\nCe produit est destin\u00e9 \u00e0 un usage externe uniquement.<\/p>","protected":false},"excerpt":{"rendered":"<p>\u0639\u0644\u0627\u062c \u062a\u0642\u0644\u064a\u062f\u064a \u0645\u0634\u0647\u0648\u0631 \u0639\u0627\u0644\u0645\u064a\u064b\u0627 \u0644\u0647 \u0627\u0633\u062a\u062e\u062f\u0627\u0645\u0627\u062a \u0645\u062a\u0639\u062f\u062f\u0629: \u064a\u0642\u0644\u0644 \u0645\u0646 \u0627\u0644\u0628\u0642\u0639 \u0648\u0627\u0644\u0646\u062f\u0628\u0627\u062a. \u0645\u062b\u0627\u0644\u064a \u0644\u0644\u0645\u0646\u0627\u0637\u0642 \u0627\u0644\u062c\u0627\u0641\u0629 \u0648\u0627\u0644\u062d\u0633\u0627\u0633\u0629 \u0641\u064a \u0627\u0644\u0648\u062c\u0647 \u0648\u0627\u0644\u062c\u0633\u0645. \u064a\u0639\u0645\u0644 \u0643\u0642\u0646\u0627\u0639 \u0644\u0644\u0634\u0639\u0631. \u064a\u0647\u062f\u0626 \u0627\u0644\u064a\u062f\u064a\u0646 \u0648\u0627\u0644\u0642\u062f\u0645\u064a\u0646 \u0627\u0644\u062c\u0627\u0641\u062a\u064a\u0646\u060c \u0628\u0645\u0627 \u0641\u064a \u0630\u0644\u0643 \u0627\u0644\u062c\u0644\u062f \u0627\u0644\u0645\u062a\u0634\u0642\u0642. \u064a\u062e\u0641\u0641 \u0645\u0646 \u062d\u0631\u0648\u0642 \u0627\u0644\u0634\u0645\u0633 \u0648\u0627\u0644\u062d\u0631\u0648\u0642. \u064a\u0639\u0645\u0644 \u0643\u0645\u0632\u064a\u0644 \u0644\u0644\u0645\u0643\u064a\u0627\u062c. \u064a\u0639\u0645\u0644 \u0643\u0645\u0631\u0637\u0628 \u0648\u0645\u0632\u0644\u0642 \u0644\u0644\u0645\u0647\u0628\u0644. \u0628\u0644\u0633\u0645 \u0634\u0641\u0627\u0647 \u0645\u062a\u0639\u062f\u062f \u0627\u0644\u0627\u0633\u062a\u062e\u062f\u0627\u0645\u0627\u062a. \u064a\u062e\u0641\u0641 \u0645\u0646 \u0645\u0634\u0627\u0643\u0644 \u0627\u0644\u0625\u0643\u0632\u064a\u0645\u0627 \u0648\u0627\u0644\u0635\u062f\u0641\u064a\u0629. \u0641\u0639\u0627\u0644 \u0641\u064a \u0645\u0646\u0639 \u0639\u0644\u0627\u0645\u0627\u062a [&hellip;]<\/p>\n","protected":false},"featured_media":23047,"template":"","meta":[],"pwb-brand":[],"product_brand":[],"product_cat":[1137,1140,1139,1141],"product_tag":[697],"class_list":{"0":"post-23046","1":"product","2":"type-product","3":"status-publish","4":"has-post-thumbnail","6":"product_cat-body-moist","7":"product_cat-foot-care","8":"product_cat-hands-care","9":"product_cat-sensitive-areas","10":"product_tag-moisturizing","12":"first","13":"instock","14":"shipping-taxable","15":"purchasable","16":"product-type-variable","17":"has-default-attributes","18":"wvs-archive-product-wrapper"},"brands":[],"_links":{"self":[{"href":"https:\/\/gopinkish.com\/fr\/wp-json\/wp\/v2\/product\/23046","targetHints":{"allow":["GET"]}}],"collection":[{"href":"https:\/\/gopinkish.com\/fr\/wp-json\/wp\/v2\/product"}],"about":[{"href":"https:\/\/gopinkish.com\/fr\/wp-json\/wp\/v2\/types\/product"}],"wp:featuredmedia":[{"embeddable":true,"href":"https:\/\/gopinkish.com\/fr\/wp-json\/wp\/v2\/media\/23047"}],"wp:attachment":[{"href":"https:\/\/gopinkish.com\/fr\/wp-json\/wp\/v2\/media?parent=23046"}],"wp:term":[{"taxonomy":"pwb-brand","embeddable":true,"href":"https:\/\/gopinkish.com\/fr\/wp-json\/wp\/v2\/pwb-brand?post=23046"},{"taxonomy":"product_brand","embeddable":true,"href":"https:\/\/gopinkish.com\/fr\/wp-json\/wp\/v2\/product_brand?post=23046"},{"taxonomy":"product_cat","embeddable":true,"href":"https:\/\/gopinkish.com\/fr\/wp-json\/wp\/v2\/product_cat?post=23046"},{"taxonomy":"product_tag","embeddable":true,"href":"https:\/\/gopinkish.com\/fr\/wp-json\/wp\/v2\/product_tag?post=23046"}],"curies":[{"name":"wp","href":"https:\/\/api.w.org\/{rel}","templated":true}]}}