{"id":22997,"date":"2025-02-12T02:57:50","date_gmt":"2025-02-12T01:57:50","guid":{"rendered":"https:\/\/gopinkish.com\/?post_type=product&#038;p=22997"},"modified":"2025-07-20T13:47:03","modified_gmt":"2025-07-20T12:47:03","slug":"8800240566944","status":"publish","type":"product","link":"https:\/\/gopinkish.com\/fr\/produit\/8800240566944\/","title":{"rendered":"Les ampoules de vitamine C am\u00e9liorent le teint de la peau et \u00e9liminent la pigmentation et les cicatrices d'acn\u00e9."},"content":{"rendered":"<p style=\"text-align: justify;\">\u0627\u062d\u0635\u0644\u064a \u0639\u0644\u0649 \u062a\u062d\u0633\u0646 \u0645\u0644\u062d\u0648\u0638 \u0641\u064a \u0644\u0648\u0646 \u0628\u0634\u0631\u062a\u0643 \u062e\u0644\u0627\u0644 7 \u0623\u064a\u0627\u0645 \u0641\u0642\u0637!<\/p>\n<p style=\"text-align: justify;\"><strong>\u0627\u0645\u0646\u062d\u064a \u0628\u0634\u0631\u062a\u0643 \u062f\u0641\u0639\u0629 \u0645\u0646 \u0641\u064a\u062a\u0627\u0645\u064a\u0646 \u0633\u064a!<\/strong> \u064a\u0645\u0646\u062d \u0641\u064a\u062a\u0627\u0645\u064a\u0646 \u0633\u064a \u0627\u0644\u0645\u0631\u0643\u0632 \u0627\u0644\u0628\u0634\u0631\u0629 \u0645\u0638\u0647\u0631\u064b\u0627 \u0623\u0643\u062b\u0631 \u0625\u0634\u0631\u0627\u0642\u064b\u0627 \u0648\u0634\u062f\u064b\u0627 \u0628\u064a\u0646\u0645\u0627 \u064a\u0633\u0627\u0639\u062f \u0623\u064a\u0636\u064b\u0627 \u0641\u064a \u0627\u0644\u062a\u062e\u0644\u0635 \u0645\u0646 \u0627\u0644\u062a\u0635\u0628\u063a \u0645\u062b\u0644 \u0646\u062f\u0628\u0627\u062a \u062d\u0628 \u0627\u0644\u0634\u0628\u0627\u0628 \u0648\u0627\u0644\u0646\u0645\u0634.<\/p>\n<p style=\"text-align: justify;\">\u062e\u0636\u0639\u062a \u0623\u0645\u0628\u0648\u0644\u0629 \u062f\u064a\u0628 \u0641\u064a\u062a\u0627 \u0633\u064a \u0644\u0640 12 \u0627\u062e\u062a\u0628\u0627\u0631\u064b\u0627 \u0633\u0631\u064a\u0631\u064a\u064b\u0627 \u0644\u0636\u0645\u0627\u0646 \u0623\u0646\u0647\u0627 \u0622\u0645\u0646\u0629 \u0644\u0644\u0628\u0634\u0631\u0629 \u0627\u0644\u062d\u0633\u0627\u0633\u0629.<br \/>\n\u062b\u0628\u062a \u0623\u0646\u0647\u0627 \u062a\u0633\u0627\u0639\u062f \u0641\u064a \u0627\u0644\u062a\u062e\u0644\u0635 \u0645\u0646 \u0646\u062f\u0628\u0627\u062a \u062d\u0628 \u0627\u0644\u0634\u0628\u0627\u0628 \u0648\u0627\u0644\u0646\u0645\u0634 \u0648\u0641\u0631\u0637 \u0627\u0644\u062a\u0635\u0628\u063a \u0648\u0628\u0642\u0639 \u0627\u0644\u0634\u064a\u062e\u0648\u062e\u0629 \u0628\u0646\u062a\u0627\u0626\u062c \u0645\u0631\u0626\u064a\u0629 \u0641\u064a 7 \u0623\u064a\u0627\u0645 \u0641\u0642\u0637!<br \/>\n\u0647\u0630\u0627 \u0627\u0644\u0645\u0646\u062a\u062c \u0645\u0639\u062a\u0645\u062f \u0628\u0623\u0646\u0647 \u0645\u0636\u0627\u062f \u0644\u0644\u062d\u0633\u0627\u0633\u064a\u0629 \u0648\u0645\u0644\u064a\u0621 \u0628\u0639\u0648\u0627\u0645\u0644 \u0645\u0631\u0637\u0628\u0629 \u0644\u0644\u062d\u0635\u0648\u0644 \u0639\u0644\u0649 \u0644\u0648\u0646 \u0628\u0634\u0631\u0629 \u0645\u0631\u0637\u0628 \u062e\u0627\u0644\u064d \u0645\u0646 \u0627\u0644\u062a\u0647\u064a\u062c!<\/p>","protected":false},"excerpt":{"rendered":"<p>\u0627\u062d\u0635\u0644\u064a \u0639\u0644\u0649 \u062a\u062d\u0633\u0646 \u0645\u0644\u062d\u0648\u0638 \u0641\u064a \u0644\u0648\u0646 \u0628\u0634\u0631\u062a\u0643 \u062e\u0644\u0627\u0644 7 \u0623\u064a\u0627\u0645 \u0641\u0642\u0637! \u0627\u0645\u0646\u062d\u064a \u0628\u0634\u0631\u062a\u0643 \u062f\u0641\u0639\u0629 \u0645\u0646 \u0641\u064a\u062a\u0627\u0645\u064a\u0646 \u0633\u064a! \u064a\u0645\u0646\u062d \u0641\u064a\u062a\u0627\u0645\u064a\u0646 \u0633\u064a \u0627\u0644\u0645\u0631\u0643\u0632 \u0627\u0644\u0628\u0634\u0631\u0629 \u0645\u0638\u0647\u0631\u064b\u0627 \u0623\u0643\u062b\u0631 \u0625\u0634\u0631\u0627\u0642\u064b\u0627 \u0648\u0634\u062f\u064b\u0627 \u0628\u064a\u0646\u0645\u0627 \u064a\u0633\u0627\u0639\u062f \u0623\u064a\u0636\u064b\u0627 \u0641\u064a \u0627\u0644\u062a\u062e\u0644\u0635 \u0645\u0646 \u0627\u0644\u062a\u0635\u0628\u063a \u0645\u062b\u0644 \u0646\u062f\u0628\u0627\u062a \u062d\u0628 \u0627\u0644\u0634\u0628\u0627\u0628 \u0648\u0627\u0644\u0646\u0645\u0634. \u062e\u0636\u0639\u062a \u0623\u0645\u0628\u0648\u0644\u0629 \u062f\u064a\u0628 \u0641\u064a\u062a\u0627 \u0633\u064a \u0644\u0640 12 \u0627\u062e\u062a\u0628\u0627\u0631\u064b\u0627 \u0633\u0631\u064a\u0631\u064a\u064b\u0627 \u0644\u0636\u0645\u0627\u0646 \u0623\u0646\u0647\u0627 \u0622\u0645\u0646\u0629 \u0644\u0644\u0628\u0634\u0631\u0629 \u0627\u0644\u062d\u0633\u0627\u0633\u0629. \u062b\u0628\u062a \u0623\u0646\u0647\u0627 \u062a\u0633\u0627\u0639\u062f [&hellip;]<\/p>\n","protected":false},"featured_media":22998,"template":"","meta":[],"pwb-brand":[1393],"product_brand":[],"product_cat":[1123,1227],"product_tag":[685,671],"class_list":{"0":"post-22997","1":"product","2":"type-product","3":"status-publish","4":"has-post-thumbnail","6":"pwb-brand-medicube","7":"product_cat-face-bright","8":"product_cat-face-renew","9":"product_tag-brightening","10":"product_tag-pigmentation","12":"first","13":"outofstock","14":"shipping-taxable","15":"product-type-variable","16":"has-default-attributes","17":"wvs-archive-product-wrapper"},"brands":[{"id":1393,"name":"MediCube","slug":"medicube"}],"_links":{"self":[{"href":"https:\/\/gopinkish.com\/fr\/wp-json\/wp\/v2\/product\/22997","targetHints":{"allow":["GET"]}}],"collection":[{"href":"https:\/\/gopinkish.com\/fr\/wp-json\/wp\/v2\/product"}],"about":[{"href":"https:\/\/gopinkish.com\/fr\/wp-json\/wp\/v2\/types\/product"}],"wp:featuredmedia":[{"embeddable":true,"href":"https:\/\/gopinkish.com\/fr\/wp-json\/wp\/v2\/media\/22998"}],"wp:attachment":[{"href":"https:\/\/gopinkish.com\/fr\/wp-json\/wp\/v2\/media?parent=22997"}],"wp:term":[{"taxonomy":"pwb-brand","embeddable":true,"href":"https:\/\/gopinkish.com\/fr\/wp-json\/wp\/v2\/pwb-brand?post=22997"},{"taxonomy":"product_brand","embeddable":true,"href":"https:\/\/gopinkish.com\/fr\/wp-json\/wp\/v2\/product_brand?post=22997"},{"taxonomy":"product_cat","embeddable":true,"href":"https:\/\/gopinkish.com\/fr\/wp-json\/wp\/v2\/product_cat?post=22997"},{"taxonomy":"product_tag","embeddable":true,"href":"https:\/\/gopinkish.com\/fr\/wp-json\/wp\/v2\/product_tag?post=22997"}],"curies":[{"name":"wp","href":"https:\/\/api.w.org\/{rel}","templated":true}]}}