{"id":22989,"date":"2025-02-12T02:43:13","date_gmt":"2025-02-12T01:43:13","guid":{"rendered":"https:\/\/gopinkish.com\/?post_type=product&#038;p=22989"},"modified":"2026-03-26T22:37:05","modified_gmt":"2026-03-26T21:37:05","slug":"8002410064803","status":"publish","type":"product","link":"https:\/\/gopinkish.com\/fr\/produit\/8002410064803\/","title":{"rendered":"Cr\u00e8me cosm\u00e9tique pour l'amincissement et le remodelage du ventre et des fesses"},"content":{"rendered":"<p style=\"text-align: justify;\">Ce traitement est une cr\u00e8me cosm\u00e9tique, sp\u00e9cialement formul\u00e9e pour affiner et remodeler l'abdomen et la zone des hanches. Fruit d'une recherche avanc\u00e9e, ses principaux actifs ont \u00e9t\u00e9 soigneusement s\u00e9lectionn\u00e9s pour aider \u00e0 lutter efficacement contre les amas graisseux localis\u00e9s et \u00e0 ralentir leur r\u00e9apparition. Favorise la r\u00e9duction des amas graisseux localis\u00e9s, agit par lib\u00e9ration progressive pour prolonger l'effet amincissant, m\u00eame apr\u00e8s utilisation, aide \u00e0 pr\u00e9venir la r\u00e9apparition des amas graisseux localis\u00e9s, g\u00e9n\u00e8re un effet thermique rafra\u00eechissant (effet chaud\/froid) qui stimule la microcirculation sous-cutan\u00e9e.<\/p>\n<p style=\"text-align: justify;\">- Pour les femmes qui ont accumul\u00e9 de la graisse au niveau de la taille, de l'abdomen et des hanches (g\u00e9n\u00e9tique, surpoids, post-partum, etc.).<br \/>\n- Pour les femmes qui recherchent un produit qui agit sur ces zones avec un effet durable.<\/p>\n<p style=\"text-align: justify;\"><strong>Mode d'emploi :\u00a0<\/strong><br \/>\nAppliquer une quantit\u00e9 appropri\u00e9e de cr\u00e8me deux fois par jour sur les zones \u00e0 traiter, en massant par mouvements circulaires de bas en haut jusqu'\u00e0 absorption compl\u00e8te. Pour un r\u00e9sultat optimal, il est recommand\u00e9 d'utiliser Somatoline Cosmetic Traitement Ventre et Hanches r\u00e9guli\u00e8rement pendant 28 jours. Une utilisation prolong\u00e9e apr\u00e8s 4 semaines de traitement (environ tous les deux jours) permet de maintenir la silhouette obtenue. Quelques minutes apr\u00e8s le massage, vous pouvez ressentir une sensation de chaleur, \u00e9ventuellement accompagn\u00e9e d'un l\u00e9ger picotement et d'une possible rougeur temporaire. L'apparence et la s\u00e9v\u00e9rit\u00e9 de ces \u00e9ventuelles r\u00e9actions, qui disparaissent dans tous les cas compl\u00e8tement apr\u00e8s 30 minutes, peuvent varier en fonction de la sensibilit\u00e9 individuelle de chaque personne et sont des signes de l'effet cosm\u00e9tique innovant du produit. Ces ph\u00e9nom\u00e8nes sont temporaires et ne doivent pas \u00eatre confondus avec une r\u00e9action d'intol\u00e9rance. En cas de rougeur excessive, laver abondamment \u00e0 l'eau froide. Se laver soigneusement les mains apr\u00e8s l'application.<\/p>\n<p style=\"text-align: justify;\"><strong>Pr\u00e9cautions d'emploi :<\/strong><br \/>\nUne \u00e9tude clinique automatis\u00e9e contr\u00f4l\u00e9e par placebo a \u00e9t\u00e9 men\u00e9e sur 81 femmes pr\u00e9sentant des d\u00e9p\u00f4ts graisseux mod\u00e9r\u00e9s et superficiels, localis\u00e9s au niveau de l'abdomen et des hanches. Les \u00e9valuations cliniques automatis\u00e9es ont prouv\u00e9 que l'utilisation correcte et r\u00e9guli\u00e8re de la cr\u00e8me, par le biais d'un massage appropri\u00e9, produit les effets suivants apr\u00e8s 4 semaines de traitement : Jusqu'\u00e0 4 cm de r\u00e9duction de la circonf\u00e9rence des hanches (sous les fesses) en 4 semaines* avec une application par jour (moyenne obtenue pour 14 femmes sur 41). Moyenne obtenue pour l'ensemble du panel : 2,3 cm, remodelage visuel de la silhouette. *La perte de centim\u00e8tres est due \u00e0 l'action cosm\u00e9tique remodelante du produit lors de son utilisation, ce qui n'implique aucune perte de poids.<\/p>\n<p style=\"text-align: justify;\"><strong>La combinaison :<\/strong><br \/>\nSomatoline Cosmetic Stomach and Hip Treatment contient du Phytoredux, un complexe exclusif de microparticules d'algues marines et d'actifs cosm\u00e9tiques. Ces actifs g\u00e9n\u00e8rent un effet thermique unique (effet chaud\/froid) qui stimule la microcirculation sous-cutan\u00e9e, favorise l'\u00e9limination de l'exc\u00e8s de liquide et am\u00e9liore la tonicit\u00e9 de la peau. Les algues brunes marines contribuent \u00e0 r\u00e9duire l'accumulation des graisses sous-cutan\u00e9es. Pour un effet minceur plus durable, il est enrichi en bourgeons de figuier, un ingr\u00e9dient qui agit par lib\u00e9ration progressive pour prolonger l'effet minceur apr\u00e8s 4 semaines de traitement.<\/p>\n<p dir=\"ltr\" style=\"text-align: center;\">\ud83c\uddec\ud83c\udde7 Somatoline Cosmetic Cryoactive Express Tummy and Hips Cream<br \/>\n\ud83c\uddeb\ud83c\uddf7 Somatoline Cosmetic Cr\u00e8me Ventre et Hanches Cryoactive Express<\/p>","protected":false},"excerpt":{"rendered":"<p>\u0647\u0630\u0627 \u0627\u0644\u0639\u0644\u0627\u062c \u0639\u0628\u0627\u0631\u0629 \u0639\u0646 \u0643\u0631\u064a\u0645 \u062a\u062c\u0645\u064a\u0644\u064a\u060c \u062a\u0645 \u062a\u0631\u0643\u064a\u0628\u0647 \u062e\u0635\u064a\u0635\u064b\u0627 \u0644\u062a\u0646\u062d\u064a\u0641 \u0648\u0625\u0639\u0627\u062f\u0629 \u062a\u0634\u0643\u064a\u0644 \u0645\u0646\u0637\u0642\u0629 \u0627\u0644\u0628\u0637\u0646 \u0648\u0627\u0644\u0648\u0631\u0643. \u0646\u062a\u064a\u062c\u0629 \u0644\u0623\u0628\u062d\u0627\u062b \u0645\u062a\u0642\u062f\u0645\u0629\u060c \u062a\u0645 \u0627\u062e\u062a\u064a\u0627\u0631 \u0645\u0643\u0648\u0646\u0627\u062a\u0647 \u0627\u0644\u0646\u0634\u0637\u0629 \u0627\u0644\u0631\u0626\u064a\u0633\u064a\u0629 \u0628\u0639\u0646\u0627\u064a\u0629 \u0644\u0644\u0645\u0633\u0627\u0639\u062f\u0629 \u0641\u064a \u0645\u0643\u0627\u0641\u062d\u0629 \u0631\u0648\u0627\u0633\u0628 \u0627\u0644\u062f\u0647\u0648\u0646 \u0627\u0644\u0645\u0648\u0636\u0639\u064a\u0629 \u0628\u0634\u0643\u0644 \u0641\u0639\u0627\u0644 \u0648\u0625\u0628\u0637\u0627\u0621 \u0638\u0647\u0648\u0631\u0647\u0627 \u0645\u0631\u0629 \u0623\u062e\u0631\u0649. \u064a\u0639\u0632\u0632 \u062a\u0642\u0644\u064a\u0644 \u0631\u0648\u0627\u0633\u0628 \u0627\u0644\u062f\u0647\u0648\u0646 \u0627\u0644\u0645\u0648\u0636\u0639\u064a\u0629\u060c \u0648\u064a\u0639\u0645\u0644 \u0639\u0646 \u0637\u0631\u064a\u0642 \u0627\u0644\u0625\u0637\u0644\u0627\u0642 \u0627\u0644\u062a\u062f\u0631\u064a\u062c\u064a \u0644\u0625\u0637\u0627\u0644\u0629 \u0641\u0639\u0627\u0644\u064a\u0629 \u0627\u0644\u062a\u0646\u062d\u064a\u0641\u060c \u062d\u062a\u0649 \u0628\u0639\u062f \u0627\u0644\u0627\u0633\u062a\u062e\u062f\u0627\u0645\u060c \u064a\u0633\u0627\u0639\u062f \u0639\u0644\u0649 \u0645\u0646\u0639 [&hellip;]<\/p>\n","protected":false},"featured_media":22995,"template":"","meta":[],"pwb-brand":[],"product_brand":[],"product_cat":[1233],"product_tag":[],"class_list":{"0":"post-22989","1":"product","2":"type-product","3":"status-publish","4":"has-post-thumbnail","6":"product_cat-body-lift","8":"first","9":"outofstock","10":"shipping-taxable","11":"product-type-variable","12":"has-default-attributes","13":"wvs-archive-product-wrapper"},"brands":[],"_links":{"self":[{"href":"https:\/\/gopinkish.com\/fr\/wp-json\/wp\/v2\/product\/22989","targetHints":{"allow":["GET"]}}],"collection":[{"href":"https:\/\/gopinkish.com\/fr\/wp-json\/wp\/v2\/product"}],"about":[{"href":"https:\/\/gopinkish.com\/fr\/wp-json\/wp\/v2\/types\/product"}],"wp:featuredmedia":[{"embeddable":true,"href":"https:\/\/gopinkish.com\/fr\/wp-json\/wp\/v2\/media\/22995"}],"wp:attachment":[{"href":"https:\/\/gopinkish.com\/fr\/wp-json\/wp\/v2\/media?parent=22989"}],"wp:term":[{"taxonomy":"pwb-brand","embeddable":true,"href":"https:\/\/gopinkish.com\/fr\/wp-json\/wp\/v2\/pwb-brand?post=22989"},{"taxonomy":"product_brand","embeddable":true,"href":"https:\/\/gopinkish.com\/fr\/wp-json\/wp\/v2\/product_brand?post=22989"},{"taxonomy":"product_cat","embeddable":true,"href":"https:\/\/gopinkish.com\/fr\/wp-json\/wp\/v2\/product_cat?post=22989"},{"taxonomy":"product_tag","embeddable":true,"href":"https:\/\/gopinkish.com\/fr\/wp-json\/wp\/v2\/product_tag?post=22989"}],"curies":[{"name":"wp","href":"https:\/\/api.w.org\/{rel}","templated":true}]}}