{"id":22982,"date":"2025-02-12T02:32:46","date_gmt":"2025-02-12T01:32:46","guid":{"rendered":"https:\/\/gopinkish.com\/?post_type=product&#038;p=22982"},"modified":"2026-01-14T23:11:42","modified_gmt":"2026-01-14T22:11:42","slug":"8809640732799","status":"publish","type":"product","link":"https:\/\/gopinkish.com\/fr\/produit\/8809640732799\/","title":{"rendered":"Une lotion quotidienne l\u00e9g\u00e8re pour hydrater en profondeur et pr\u00e9venir la perte d'humidit\u00e9."},"content":{"rendered":"<p style=\"text-align: justify;\">Une lotion quotidienne l\u00e9g\u00e8re con\u00e7ue pour offrir une hydratation en profondeur et cr\u00e9er une barri\u00e8re d'hydratation pour pr\u00e9venir la perte d'eau.<\/p>\n<p style=\"text-align: justify;\">Cette lotion nourrissante contient 70% d'extrait de feuille de c\u0153ur, d'extrait de feuille de basilic et trois types d'acide hyaluronique, offrant une hydratation intense ainsi que des bienfaits apaisants et r\u00e9parateurs. Tous les ingr\u00e9dients utilis\u00e9s sont approuv\u00e9s par l'EWG. Les dermatologues ont prouv\u00e9 que ce produit \u00e9tait hypoallerg\u00e9nique.<\/p>\n<p style=\"text-align: justify;\"><strong>Type de peau : <\/strong>Secs, acn\u00e9iques<\/p>\n<p style=\"text-align: justify;\"><strong>Avantages : <\/strong>\u00c9quilibre le pH de la peau et l'hydrate.<\/p>\n<p style=\"text-align: justify;\"><strong>Texture : <\/strong>Lotion lact\u00e9e l\u00e9g\u00e8re<\/p>\n<p dir=\"ltr\" style=\"text-align: center;\">\ud83c\uddec\ud83c\udde7 Anua Heartleaf 70 Lotion quotidienne<br \/>\n\ud83c\uddeb\ud83c\uddf7 Lotion Quotidienne Anua Heartleaf 70<\/p>","protected":false},"excerpt":{"rendered":"<p>\u0644\u0648\u0634\u0646 \u064a\u0648\u0645\u064a \u062e\u0641\u064a\u0641 \u0627\u0644\u0648\u0632\u0646 \u0645\u0635\u0645\u0645 \u0644\u062a\u0648\u0641\u064a\u0631 \u062a\u0631\u0637\u064a\u0628 \u0639\u0645\u064a\u0642 \u0648\u062a\u0643\u0648\u064a\u0646 \u0637\u0628\u0642\u0629 \u062a\u0631\u0637\u064a\u0628 \u0644\u0645\u0646\u0639 \u0641\u0642\u062f\u0627\u0646 \u0627\u0644\u0631\u0637\u0648\u0628\u0629. \u064a\u062d\u062a\u0648\u064a \u0647\u0630\u0627 \u0627\u0644\u0645\u0633\u062a\u062d\u0636\u0631 \u0627\u0644\u0645\u063a\u0630\u064a \u0639\u0644\u0649 70% \u0645\u0646 \u0645\u0633\u062a\u062e\u0644\u0635 \u0623\u0648\u0631\u0627\u0642 \u0627\u0644\u0642\u0644\u0628 \u0648\u0645\u0633\u062a\u062e\u0644\u0635 \u0623\u0648\u0631\u0627\u0642 \u0627\u0644\u0631\u064a\u062d\u0627\u0646 \u0648\u062b\u0644\u0627\u062b\u0629 \u0623\u0646\u0648\u0627\u0639 \u0645\u0646 \u062d\u0645\u0636 \u0627\u0644\u0647\u064a\u0627\u0644\u0648\u0631\u0648\u0646\u064a\u0643\u060c \u0645\u0645\u0627 \u064a\u0648\u0641\u0631 \u062a\u0631\u0637\u064a\u0628\u064b\u0627 \u0645\u0643\u062b\u0641\u064b\u0627 \u0628\u0627\u0644\u0625\u0636\u0627\u0641\u0629 \u0625\u0644\u0649 \u0641\u0648\u0627\u0626\u062f\u0647 \u0627\u0644\u0645\u0647\u062f\u0626\u0629 \u0648\u0627\u0644\u0645\u0635\u0644\u062d\u0647 \u0644\u0644\u062d\u0627\u062c\u0632. \u062c\u0645\u064a\u0639 \u0627\u0644\u0645\u0643\u0648\u0646\u0627\u062a \u0627\u0644\u0645\u0633\u062a\u062e\u062f\u0645\u0629 \u0645\u0639\u062a\u0645\u062f\u0629 \u0645\u0646 \u0642\u0628\u0644 EWG. \u062b\u0628\u062a \u0623\u0646 \u0647\u0630\u0627 \u0627\u0644\u0645\u0633\u062a\u062d\u0636\u0631 \u0645\u0636\u0627\u062f \u0644\u0644\u062d\u0633\u0627\u0633\u064a\u0629 [&hellip;]<\/p>\n","protected":false},"featured_media":22983,"template":"","meta":[],"pwb-brand":[1244],"product_brand":[],"product_cat":[1231,1121],"product_tag":[763],"class_list":{"0":"post-22982","1":"product","2":"type-product","3":"status-publish","4":"has-post-thumbnail","6":"pwb-brand-anua","7":"product_cat-daily-face-care","8":"product_cat-face-moist","9":"product_tag-korean-product-2","11":"first","12":"instock","13":"shipping-taxable","14":"purchasable","15":"product-type-variable","16":"has-default-attributes","17":"wvs-archive-product-wrapper"},"brands":[{"id":1244,"name":"Anua","slug":"anua"}],"_links":{"self":[{"href":"https:\/\/gopinkish.com\/fr\/wp-json\/wp\/v2\/product\/22982","targetHints":{"allow":["GET"]}}],"collection":[{"href":"https:\/\/gopinkish.com\/fr\/wp-json\/wp\/v2\/product"}],"about":[{"href":"https:\/\/gopinkish.com\/fr\/wp-json\/wp\/v2\/types\/product"}],"wp:featuredmedia":[{"embeddable":true,"href":"https:\/\/gopinkish.com\/fr\/wp-json\/wp\/v2\/media\/22983"}],"wp:attachment":[{"href":"https:\/\/gopinkish.com\/fr\/wp-json\/wp\/v2\/media?parent=22982"}],"wp:term":[{"taxonomy":"pwb-brand","embeddable":true,"href":"https:\/\/gopinkish.com\/fr\/wp-json\/wp\/v2\/pwb-brand?post=22982"},{"taxonomy":"product_brand","embeddable":true,"href":"https:\/\/gopinkish.com\/fr\/wp-json\/wp\/v2\/product_brand?post=22982"},{"taxonomy":"product_cat","embeddable":true,"href":"https:\/\/gopinkish.com\/fr\/wp-json\/wp\/v2\/product_cat?post=22982"},{"taxonomy":"product_tag","embeddable":true,"href":"https:\/\/gopinkish.com\/fr\/wp-json\/wp\/v2\/product_tag?post=22982"}],"curies":[{"name":"wp","href":"https:\/\/api.w.org\/{rel}","templated":true}]}}