{"id":22967,"date":"2025-01-01T02:03:03","date_gmt":"2025-01-01T01:03:03","guid":{"rendered":"https:\/\/gopinkish.com\/?post_type=product&#038;p=22967"},"modified":"2025-10-26T15:07:44","modified_gmt":"2025-10-26T14:07:44","slug":"8850722045665","status":"publish","type":"product","link":"https:\/\/gopinkish.com\/fr\/produit\/8850722045665\/","title":{"rendered":"Cr\u00e8me \u00e0 la vitamine E et au collag\u00e8ne pour hydrater, \u00e9claircir et nourrir la peau"},"content":{"rendered":"<p style=\"text-align: justify;\">Une cr\u00e8me pour le corps destin\u00e9e \u00e0 hydrater l'ensemble de la peau du corps, nourrie \u00e0 la vitamine E et au collag\u00e8ne, peut aider la peau \u00e0 \u00eatre satur\u00e9e d'hydratation et \u00e0 para\u00eetre plus ferme et plus lisse. La vitamine C donne \u00e0 la peau un \u00e9clat naturel. Elle associe \u00e9galement l'Arbutine et le Glutathion qui peuvent aider la peau \u00e0 para\u00eetre plus blanche. Elle peut aider \u00e0 prot\u00e9ger la peau des rayons du soleil qui provoquent une peau terne et un vieillissement pr\u00e9matur\u00e9.<\/p>","protected":false},"excerpt":{"rendered":"<p>\u0643\u0631\u064a\u0645 \u0627\u0644\u062c\u0633\u0645 \u0644\u062a\u0631\u0637\u064a\u0628 \u062c\u0645\u064a\u0639 \u0623\u0646\u062d\u0627\u0621 \u0628\u0634\u0631\u0629 \u0627\u0644\u062c\u0633\u0645\u060c \u0645\u0639 \u0627\u0644\u062a\u063a\u0630\u064a\u0629 \u0645\u0646 \u0641\u064a\u062a\u0627\u0645\u064a\u0646 E \u0648\u0627\u0644\u0643\u0648\u0644\u0627\u062c\u064a\u0646 \u064a\u0645\u0643\u0646 \u0623\u0646 \u064a\u0633\u0627\u0639\u062f \u0627\u0644\u0628\u0634\u0631\u0629 \u0639\u0644\u0649 \u0623\u0646 \u062a\u0643\u0648\u0646 \u0645\u0634\u0628\u0639\u0629 \u0628\u0627\u0644\u0631\u0637\u0648\u0628\u0629\u060c \u0648\u062a\u0628\u062f\u0648 \u0623\u0643\u062b\u0631 \u062a\u0645\u0627\u0633\u0643\u064b\u0627 \u0648\u0646\u0639\u0648\u0645\u0629. \u064a\u0633\u0627\u0639\u062f \u0641\u064a\u062a\u0627\u0645\u064a\u0646 C \u0627\u0644\u0628\u0634\u0631\u0629 \u0639\u0644\u0649 \u0623\u0646 \u062a\u0628\u062f\u0648 \u0645\u0634\u0631\u0642\u0629 \u0628\u0634\u0643\u0644 \u0637\u0628\u064a\u0639\u064a. \u064a\u062c\u0645\u0639 \u0623\u064a\u0636\u064b\u0627 \u0628\u064a\u0646 \u0627\u0644\u062a\u063a\u0630\u064a\u0629 \u0645\u0646 \u0627\u0644\u0623\u0631\u0628\u0648\u062a\u064a\u0646 \u0648\u0627\u0644\u062c\u0644\u0648\u062a\u0627\u062b\u064a\u0648\u0646 \u0627\u0644\u062a\u064a \u064a\u0645\u0643\u0646 \u0623\u0646 \u062a\u0633\u0627\u0639\u062f \u0627\u0644\u0628\u0634\u0631\u0629 \u0639\u0644\u0649 \u0623\u0646 \u062a\u0628\u062f\u0648 \u0623\u0643\u062b\u0631 \u0628\u064a\u0627\u0636\u064b\u0627. \u0648\u064a\u0645\u0643\u0646 \u0623\u0646 [&hellip;]<\/p>\n","protected":false},"featured_media":22969,"template":"","meta":[],"pwb-brand":[],"product_brand":[],"product_cat":[1231,1137,1233],"product_tag":[672,685,1013],"class_list":{"0":"post-22967","1":"product","2":"type-product","3":"status-publish","4":"has-post-thumbnail","6":"product_cat-daily-face-care","7":"product_cat-body-moist","8":"product_cat-body-lift","9":"product_tag-wrinkles","10":"product_tag-brightening","11":"product_tag-1013","13":"first","14":"outofstock","15":"shipping-taxable","16":"product-type-variable","17":"has-default-attributes","18":"wvs-archive-product-wrapper"},"brands":[],"_links":{"self":[{"href":"https:\/\/gopinkish.com\/fr\/wp-json\/wp\/v2\/product\/22967","targetHints":{"allow":["GET"]}}],"collection":[{"href":"https:\/\/gopinkish.com\/fr\/wp-json\/wp\/v2\/product"}],"about":[{"href":"https:\/\/gopinkish.com\/fr\/wp-json\/wp\/v2\/types\/product"}],"wp:featuredmedia":[{"embeddable":true,"href":"https:\/\/gopinkish.com\/fr\/wp-json\/wp\/v2\/media\/22969"}],"wp:attachment":[{"href":"https:\/\/gopinkish.com\/fr\/wp-json\/wp\/v2\/media?parent=22967"}],"wp:term":[{"taxonomy":"pwb-brand","embeddable":true,"href":"https:\/\/gopinkish.com\/fr\/wp-json\/wp\/v2\/pwb-brand?post=22967"},{"taxonomy":"product_brand","embeddable":true,"href":"https:\/\/gopinkish.com\/fr\/wp-json\/wp\/v2\/product_brand?post=22967"},{"taxonomy":"product_cat","embeddable":true,"href":"https:\/\/gopinkish.com\/fr\/wp-json\/wp\/v2\/product_cat?post=22967"},{"taxonomy":"product_tag","embeddable":true,"href":"https:\/\/gopinkish.com\/fr\/wp-json\/wp\/v2\/product_tag?post=22967"}],"curies":[{"name":"wp","href":"https:\/\/api.w.org\/{rel}","templated":true}]}}