{"id":22961,"date":"2025-02-12T01:59:03","date_gmt":"2025-02-12T00:59:03","guid":{"rendered":"https:\/\/gopinkish.com\/?post_type=product&#038;p=22961"},"modified":"2025-09-18T11:44:40","modified_gmt":"2025-09-18T10:44:40","slug":"8809862281235","status":"publish","type":"product","link":"https:\/\/gopinkish.com\/fr\/produit\/8809862281235\/","title":{"rendered":"Un nettoyant moussant contenant de la vitamine C pour stimuler l'\u00e9clat et la luminosit\u00e9 de la peau."},"content":{"rendered":"<p style=\"text-align: justify;\">Am\u00e9liorez votre routine de soins avec la mousse nettoyante Goodall Green Tangerine Vita C Cleansing Foam. Enrichie en mandarine verte naturelle, cette formule nourrit et illumine la peau tout en \u00e9liminant efficacement les impuret\u00e9s. \u00c0 chaque utilisation, la peau est plus propre, plus lumineuse et plus saine. Il est scientifiquement prouv\u00e9 que la vitamine C 10% renforce l'\u00e9clat naturel de la peau.<\/p>\n<p dir=\"ltr\" style=\"text-align: center;\">\ud83c\uddec\ud83c\udde7 Goodal Green Tangerine Vita C Cleansing Foam<br \/>\n\ud83c\uddeb\ud83c\uddf7 Mousse Nettoyante Goodal \u00e0 la Mandarine Verte et Vitamine C<\/p>","protected":false},"excerpt":{"rendered":"<p>\u0639\u0632\u0632 \u0631\u0648\u062a\u064a\u0646 \u0627\u0644\u0639\u0646\u0627\u064a\u0629 \u0628\u0627\u0644\u0628\u0634\u0631\u0629 \u0628\u0627\u0633\u062a\u062e\u062f\u0627\u0645 \u0631\u063a\u0648\u0629 \u0627\u0644\u062a\u0646\u0638\u064a\u0641 \u0641\u064a\u062a\u0627 \u0633\u064a \u0645\u0646 \u062c\u0648\u062f\u0627\u0644 \u062c\u0631\u064a\u0646 \u062a\u0627\u0646\u062c\u0631\u064a\u0646. \u062a\u062d\u062a\u0648\u064a \u0647\u0630\u0647 \u0627\u0644\u062a\u0631\u0643\u064a\u0628\u0629 \u0639\u0644\u0649 \u0627\u0644\u064a\u0648\u0633\u0641\u064a \u0627\u0644\u0623\u062e\u0636\u0631 \u0627\u0644\u0637\u0628\u064a\u0639\u064a\u060c \u0648\u0647\u064a \u062a\u063a\u0630\u064a \u0627\u0644\u0628\u0634\u0631\u0629 \u0648\u062a\u0636\u0641\u064a \u0639\u0644\u064a\u0647\u0627 \u0625\u0634\u0631\u0627\u0642\u064b\u0627 \u0645\u0639 \u0625\u0632\u0627\u0644\u0629 \u0627\u0644\u0634\u0648\u0627\u0626\u0628 \u0628\u0641\u0639\u0627\u0644\u064a\u0629. \u0627\u0633\u062a\u0645\u062a\u0639 \u0628\u0628\u0634\u0631\u0629 \u0623\u0646\u0638\u0641 \u0648\u0623\u0643\u062b\u0631 \u0625\u0634\u0631\u0627\u0642\u064b\u0627 \u0648\u0635\u062d\u0629 \u0645\u0639 \u0643\u0644 \u0627\u0633\u062a\u062e\u062f\u0627\u0645. \u062b\u0628\u062a \u0639\u0644\u0645\u064a\u064b\u0627 \u0623\u0646\u0647\u0627 \u062a\u0639\u0632\u0632 \u0625\u0634\u0631\u0627\u0642 \u0627\u0644\u0628\u0634\u0631\u0629 \u0627\u0644\u0637\u0628\u064a\u0639\u064a \u0645\u0639 \u0641\u064a\u062a\u0627\u0645\u064a\u0646 \u0633\u064a \u0628\u0646\u0633\u0628\u0629 10%. \ud83c\uddec\ud83c\udde7 Goodal Green Tangerine [&hellip;]<\/p>\n","protected":false},"featured_media":22965,"template":"","meta":[],"pwb-brand":[1400],"product_brand":[],"product_cat":[1119,1123],"product_tag":[685],"class_list":{"0":"post-22961","1":"product","2":"type-product","3":"status-publish","4":"has-post-thumbnail","6":"pwb-brand-goodal","7":"product_cat-face-wash","8":"product_cat-face-bright","9":"product_tag-brightening","11":"first","12":"outofstock","13":"shipping-taxable","14":"product-type-variable","15":"has-default-attributes","16":"wvs-archive-product-wrapper"},"brands":[{"id":1400,"name":"Goodal","slug":"goodal"}],"_links":{"self":[{"href":"https:\/\/gopinkish.com\/fr\/wp-json\/wp\/v2\/product\/22961","targetHints":{"allow":["GET"]}}],"collection":[{"href":"https:\/\/gopinkish.com\/fr\/wp-json\/wp\/v2\/product"}],"about":[{"href":"https:\/\/gopinkish.com\/fr\/wp-json\/wp\/v2\/types\/product"}],"wp:featuredmedia":[{"embeddable":true,"href":"https:\/\/gopinkish.com\/fr\/wp-json\/wp\/v2\/media\/22965"}],"wp:attachment":[{"href":"https:\/\/gopinkish.com\/fr\/wp-json\/wp\/v2\/media?parent=22961"}],"wp:term":[{"taxonomy":"pwb-brand","embeddable":true,"href":"https:\/\/gopinkish.com\/fr\/wp-json\/wp\/v2\/pwb-brand?post=22961"},{"taxonomy":"product_brand","embeddable":true,"href":"https:\/\/gopinkish.com\/fr\/wp-json\/wp\/v2\/product_brand?post=22961"},{"taxonomy":"product_cat","embeddable":true,"href":"https:\/\/gopinkish.com\/fr\/wp-json\/wp\/v2\/product_cat?post=22961"},{"taxonomy":"product_tag","embeddable":true,"href":"https:\/\/gopinkish.com\/fr\/wp-json\/wp\/v2\/product_tag?post=22961"}],"curies":[{"name":"wp","href":"https:\/\/api.w.org\/{rel}","templated":true}]}}