{"id":22900,"date":"2025-12-30T00:42:49","date_gmt":"2025-12-29T23:42:49","guid":{"rendered":"https:\/\/gopinkish.com\/?post_type=product&#038;p=22900"},"modified":"2026-01-25T18:07:13","modified_gmt":"2026-01-25T17:07:13","slug":"3378872212508","status":"publish","type":"product","link":"https:\/\/gopinkish.com\/fr\/produit\/3378872212508\/","title":{"rendered":"Rouge \u00e0 l\u00e8vres liquide cr\u00e9meux longue tenue"},"content":{"rendered":"<p style=\"text-align: justify;\">Ce rouge \u00e0 l\u00e8vres liquide et cr\u00e9meux est dot\u00e9 d'une formule l\u00e9g\u00e8re qui tient bien sur les l\u00e8vres, avec une couleur riche qui dure des heures sans s'estomper. Il contient des ingr\u00e9dients hydratants tels que l'huile d'avocat et la vitamine E qui aident \u00e0 garder les l\u00e8vres douces et \u00e0 pr\u00e9venir le dess\u00e8chement. Disponible dans une large gamme de couleurs pour convenir \u00e0 tous les looks, du plus naturel au plus audacieux.<\/p>\n<p><strong>Principaux ingr\u00e9dients et caract\u00e9ristiques<\/strong><br \/>\n- Huile d'avocat : Nourrit les l\u00e8vres et les garde douces<br \/>\n- Vitamine E : Un antioxydant qui prot\u00e8ge les l\u00e8vres de la s\u00e9cheresse.<br \/>\n- Formule l\u00e9g\u00e8re et cr\u00e9meuse : Facile \u00e0 appliquer et confortable tout au long de la journ\u00e9e<br \/>\n- Finition mate velout\u00e9e<br \/>\n- Disponible dans une vari\u00e9t\u00e9 de couleurs pour convenir \u00e0 toutes les occasions<\/p>\n<p><strong>Principales caract\u00e9ristiques et avantages<\/strong><br \/>\n- Apporte une couleur riche, intense et durable<br \/>\n- Formule confortable qui ne dess\u00e8che pas les l\u00e8vres<br \/>\n- Finition \u00e9l\u00e9gante en velours mat<br \/>\n- Facile \u00e0 appliquer gr\u00e2ce \u00e0 sa texture cr\u00e9meuse<br \/>\n- Parfait pour les looks de tous les jours et les occasions sp\u00e9ciales<\/p>\n<p dir=\"ltr\" style=\"text-align: center;\">\ud83c\uddec\ud83c\udde7 Sephora Cream Lip Stain - Rouge \u00e0 l\u00e8vres liquide mat longue dur\u00e9e<br \/>\n\ud83c\uddeb\ud83c\uddf7 Sephora Rouge Velout\u00e9 Sans Transfert - Rouge \u00e0 L\u00e8vres Liquide Mat Longue Tenue<\/p>","protected":false},"excerpt":{"rendered":"<p>\u0623\u062d\u0645\u0631 \u0634\u0641\u0627\u0647 \u0633\u0627\u0626\u0644 \u0643\u0631\u064a\u0645\u064a \u064a\u062a\u0645\u064a\u0632 \u0628\u062a\u0631\u0643\u064a\u0628\u0629 \u062e\u0641\u064a\u0641\u0629 \u0648\u0645\u0631\u064a\u062d\u0629 \u0639\u0644\u0649 \u0627\u0644\u0634\u0641\u0627\u0647\u060c \u0645\u0639 \u0644\u0648\u0646 \u063a\u0646\u064a \u064a\u062f\u0648\u0645 \u0644\u0633\u0627\u0639\u0627\u062a \u0637\u0648\u064a\u0644\u0629 \u062f\u0648\u0646 \u062a\u0644\u0637\u062e. \u064a\u062d\u062a\u0648\u064a \u0639\u0644\u0649 \u0645\u0643\u0648\u0646\u0627\u062a \u0645\u0631\u0637\u0628\u0629 \u0645\u062b\u0644 \u0632\u064a\u062a \u0627\u0644\u0623\u0641\u0648\u0643\u0627\u062f\u0648 \u0648\u0641\u064a\u062a\u0627\u0645\u064a\u0646 E \u0627\u0644\u062a\u064a \u062a\u0633\u0627\u0639\u062f \u0639\u0644\u0649 \u0627\u0644\u062d\u0641\u0627\u0638 \u0639\u0644\u0649 \u0646\u0639\u0648\u0645\u0629 \u0627\u0644\u0634\u0641\u0627\u0647 \u0648\u0645\u0646\u0639 \u062c\u0641\u0627\u0641\u0647\u0627. \u064a\u062a\u0648\u0641\u0631 \u0628\u0645\u062c\u0645\u0648\u0639\u0629 \u0648\u0627\u0633\u0639\u0629 \u0645\u0646 \u0627\u0644\u0623\u0644\u0648\u0627\u0646 \u062a\u0646\u0627\u0633\u0628 \u062c\u0645\u064a\u0639 \u0627\u0644\u0625\u0637\u0644\u0627\u0644\u0627\u062a\u060c \u0645\u0646 \u0627\u0644\u0637\u0628\u064a\u0639\u064a\u0629 \u0625\u0644\u0649 \u0627\u0644\u062c\u0631\u064a\u0626\u0629. \u0627\u0644\u0645\u0643\u0648\u0646\u0627\u062a \u0648\u0627\u0644\u062e\u0635\u0627\u0626\u0635 \u0627\u0644\u0631\u0626\u064a\u0633\u064a\u0629 \u2022 \u0632\u064a\u062a \u0627\u0644\u0623\u0641\u0648\u0643\u0627\u062f\u0648: \u064a\u063a\u0630\u064a [&hellip;]<\/p>\n","protected":false},"featured_media":22909,"template":"","meta":[],"pwb-brand":[221],"product_brand":[],"product_cat":[1181],"product_tag":[],"class_list":{"0":"post-22900","1":"product","2":"type-product","3":"status-publish","4":"has-post-thumbnail","6":"pwb-brand-sephora","7":"product_cat-liquid-lipstick-makeup","9":"first","10":"instock","11":"shipping-taxable","12":"purchasable","13":"product-type-variable","14":"has-default-attributes","15":"wvs-archive-product-wrapper"},"brands":[{"id":221,"name":"Sephora","slug":"sephora"}],"_links":{"self":[{"href":"https:\/\/gopinkish.com\/fr\/wp-json\/wp\/v2\/product\/22900","targetHints":{"allow":["GET"]}}],"collection":[{"href":"https:\/\/gopinkish.com\/fr\/wp-json\/wp\/v2\/product"}],"about":[{"href":"https:\/\/gopinkish.com\/fr\/wp-json\/wp\/v2\/types\/product"}],"wp:featuredmedia":[{"embeddable":true,"href":"https:\/\/gopinkish.com\/fr\/wp-json\/wp\/v2\/media\/22909"}],"wp:attachment":[{"href":"https:\/\/gopinkish.com\/fr\/wp-json\/wp\/v2\/media?parent=22900"}],"wp:term":[{"taxonomy":"pwb-brand","embeddable":true,"href":"https:\/\/gopinkish.com\/fr\/wp-json\/wp\/v2\/pwb-brand?post=22900"},{"taxonomy":"product_brand","embeddable":true,"href":"https:\/\/gopinkish.com\/fr\/wp-json\/wp\/v2\/product_brand?post=22900"},{"taxonomy":"product_cat","embeddable":true,"href":"https:\/\/gopinkish.com\/fr\/wp-json\/wp\/v2\/product_cat?post=22900"},{"taxonomy":"product_tag","embeddable":true,"href":"https:\/\/gopinkish.com\/fr\/wp-json\/wp\/v2\/product_tag?post=22900"}],"curies":[{"name":"wp","href":"https:\/\/api.w.org\/{rel}","templated":true}]}}