{"id":22828,"date":"2025-07-28T18:51:34","date_gmt":"2025-07-28T17:51:34","guid":{"rendered":"https:\/\/gopinkish.com\/?post_type=product&#038;p=22828"},"modified":"2026-03-02T14:42:41","modified_gmt":"2026-03-02T13:42:41","slug":"3760245852013","status":"publish","type":"product","link":"https:\/\/gopinkish.com\/fr\/produit\/3760245852013\/","title":{"rendered":"Cr\u00e8me \u00e0 la vitamine A et au r\u00e9tinol pour les rides et ridules"},"content":{"rendered":"<p style=\"text-align: justify;\">A313 est une cr\u00e8me de vitamine A et de r\u00e9tinol de qualit\u00e9 pharmaceutique. Cette cr\u00e8me huileuse (pommade) contient 0,12% de formes plus douces de vitamine A, appel\u00e9es esters de r\u00e9tinol.<\/p>\n<p style=\"text-align: justify;\">0,12% d'esters de r\u00e9tinol n'est pas la m\u00eame chose que 0,1% d'acide r\u00e9tino\u00efque pur.<\/p>\n<p style=\"text-align: justify;\"><strong>Il peut \u00eatre utilis\u00e9 pour traiter :<\/strong><\/p>\n<p style=\"text-align: justify;\">Rides et ridules<br \/>\nPigmentation (\u00e9galement pour les marques post-acn\u00e9iques)<br \/>\nAcn\u00e9, peau grasse, points noirs<br \/>\nK\u00e9ratose radiale<\/p>\n<p style=\"text-align: justify;\">La texture : Une pommade tr\u00e8s \u00e9paisse, cr\u00e9meuse et transparente.<\/p>\n<p dir=\"ltr\" style=\"text-align: center;\">\ud83c\uddec\ud83c\udde7 A313 Cr\u00e8me \u00e0 la vitamine A et au r\u00e9tinol<br \/>\n\ud83c\uddeb\ud83c\uddf7 Cr\u00e8me au R\u00e9tinol A313<\/p>","protected":false},"excerpt":{"rendered":"<p>A313 \u0647\u0648 \u0643\u0631\u064a\u0645 \u0641\u064a\u062a\u0627\u0645\u064a\u0646 \u0623 \u0648\u0627\u0644\u0631\u064a\u062a\u064a\u0646\u0648\u0644 \u0645\u0646 \u0627\u0644\u062f\u0631\u062c\u0629 \u0627\u0644\u0635\u064a\u062f\u0644\u0627\u0646\u064a\u0629. \u064a\u062d\u062a\u0648\u064a \u0647\u0630\u0627 \u0627\u0644\u0643\u0631\u064a\u0645 \u0627\u0644\u0632\u064a\u062a\u064a (\u0627\u0644\u0645\u0631\u0647\u0645) \u0639\u0644\u0649 0.12% \u0645\u0646 \u0627\u0644\u0623\u0634\u0643\u0627\u0644 \u0627\u0644\u0623\u062e\u0641 \u0645\u0646 \u0641\u064a\u062a\u0627\u0645\u064a\u0646 \u0623\u060c \u0648\u0627\u0644\u062a\u064a \u062a\u0633\u0645\u0649 \u0625\u0633\u062a\u0631\u0627\u062a \u0627\u0644\u0631\u064a\u062a\u064a\u0646\u0648\u0644. 0.12% \u0645\u0646 \u0625\u0633\u062a\u0631\u0627\u062a \u0627\u0644\u0631\u064a\u062a\u064a\u0646\u0648\u0644 \u0644\u064a\u0633\u062a \u0645\u062b\u0644 0.1% \u0645\u0646 \u062d\u0645\u0636 \u0627\u0644\u0631\u064a\u062a\u064a\u0646\u0648\u064a\u0643 \u0627\u0644\u0646\u0642\u064a. \u064a\u0645\u0643\u0646 \u0627\u0633\u062a\u062e\u062f\u0627\u0645\u0647 \u0644\u0639\u0644\u0627\u062c: \u0627\u0644\u062e\u0637\u0648\u0637 \u0627\u0644\u062f\u0642\u064a\u0642\u0629 \u0648\u0627\u0644\u062a\u062c\u0627\u0639\u064a\u062f \u0627\u0644\u062a\u0635\u0628\u063a (\u0623\u064a\u0636\u064b\u0627 \u0644\u0639\u0644\u0627\u0645\u0627\u062a \u0645\u0627 \u0628\u0639\u062f \u062d\u0628 \u0627\u0644\u0634\u0628\u0627\u0628) \u062d\u0628 \u0627\u0644\u0634\u0628\u0627\u0628\u060c \u0627\u0644\u0628\u0634\u0631\u0629 \u0627\u0644\u062f\u0647\u0646\u064a\u0629\u060c \u0627\u0644\u0631\u0624\u0648\u0633 [&hellip;]<\/p>\n","protected":false},"featured_media":22831,"template":"","meta":[],"pwb-brand":[],"product_brand":[],"product_cat":[1227],"product_tag":[672,1013],"class_list":{"0":"post-22828","1":"product","2":"type-product","3":"status-publish","4":"has-post-thumbnail","6":"product_cat-face-renew","7":"product_tag-wrinkles","8":"product_tag-1013","10":"first","11":"instock","12":"shipping-taxable","13":"purchasable","14":"product-type-variable","15":"has-default-attributes","16":"wvs-archive-product-wrapper"},"brands":[],"_links":{"self":[{"href":"https:\/\/gopinkish.com\/fr\/wp-json\/wp\/v2\/product\/22828","targetHints":{"allow":["GET"]}}],"collection":[{"href":"https:\/\/gopinkish.com\/fr\/wp-json\/wp\/v2\/product"}],"about":[{"href":"https:\/\/gopinkish.com\/fr\/wp-json\/wp\/v2\/types\/product"}],"wp:featuredmedia":[{"embeddable":true,"href":"https:\/\/gopinkish.com\/fr\/wp-json\/wp\/v2\/media\/22831"}],"wp:attachment":[{"href":"https:\/\/gopinkish.com\/fr\/wp-json\/wp\/v2\/media?parent=22828"}],"wp:term":[{"taxonomy":"pwb-brand","embeddable":true,"href":"https:\/\/gopinkish.com\/fr\/wp-json\/wp\/v2\/pwb-brand?post=22828"},{"taxonomy":"product_brand","embeddable":true,"href":"https:\/\/gopinkish.com\/fr\/wp-json\/wp\/v2\/product_brand?post=22828"},{"taxonomy":"product_cat","embeddable":true,"href":"https:\/\/gopinkish.com\/fr\/wp-json\/wp\/v2\/product_cat?post=22828"},{"taxonomy":"product_tag","embeddable":true,"href":"https:\/\/gopinkish.com\/fr\/wp-json\/wp\/v2\/product_tag?post=22828"}],"curies":[{"name":"wp","href":"https:\/\/api.w.org\/{rel}","templated":true}]}}