{"id":22801,"date":"2025-02-01T16:07:56","date_gmt":"2025-02-01T15:07:56","guid":{"rendered":"https:\/\/gopinkish.com\/?post_type=product&#038;p=22801"},"modified":"2026-01-14T23:43:21","modified_gmt":"2026-01-14T22:43:21","slug":"8809695678363","status":"publish","type":"product","link":"https:\/\/gopinkish.com\/fr\/produit\/8809695678363\/","title":{"rendered":"Un extrait r\u00e9volutionnaire et innovant de soin de la peau aux multiples bienfaits"},"content":{"rendered":"<p style=\"text-align: justify;\">VT Cosmetics Reedle Shot 100 est un extrait innovant qui optimise l'absorption des ingr\u00e9dients actifs dans la peau, favorisant une texture de peau uniforme, la pl\u00e9nitude et l'\u00e9clat comme le microneedling - sans aiguilles !<\/p>\n<p style=\"text-align: justify;\">L'essence contient de minuscules particules CICA REEDLE\u2122 (95 000 ppm) qui sont absorb\u00e9es en profondeur par la peau, optimisant l'absorption des ingr\u00e9dients actifs du produit (tels que l'acide hyaluronique, les acides amin\u00e9s, la niacinamide, la Centella Asiatica et l'extrait de propolis) apporter \u00e0 la peau un traitement apaisant, anti-inflammatoire, repulpant et nourrissant l'hydratation, quel que soit le type de peau.<\/p>\n<p style=\"text-align: justify;\"><strong>Caract\u00e9ristiques :<\/strong><\/p>\n<p style=\"text-align: justify;\"><strong>Adoucit et am\u00e9liore la texture de la peau :<\/strong> Il aide \u00e0 obtenir un teint plus uniforme et plus souple, \u00e0 r\u00e9duire les cicatrices d'acn\u00e9, \u00e0 traiter les boutons, \u00e0 r\u00e9duire la pigmentation et les sillons nasog\u00e9niens.<\/p>\n<p style=\"text-align: justify;\"><strong>Peau de verre cor\u00e9enne :<\/strong> Soutient le processus naturel de r\u00e9g\u00e9n\u00e9ration de la peau et favorise l'\u00e9limination en douceur des impuret\u00e9s accumul\u00e9es au fil du temps, sans laisser de r\u00e9sidus.<\/p>\n<p style=\"text-align: justify;\"><strong>Pour tous les types de peau :<\/strong> Con\u00e7ue pour un \u00e9quilibre d\u00e9licat, elle convient \u00e0 tous les types de peau, y compris les peaux sensibles et acn\u00e9iques.<\/p>\n<p style=\"text-align: justify;\"><strong>Un booster de soins pour la peau :<\/strong> Le VT Reedle Shot en premier, suivi des s\u00e9rums ou des cr\u00e8mes, optimise l'absorption des nutriments de ces produits, garantissant ainsi des b\u00e9n\u00e9fices plus efficaces pour tous les produits de soins de la peau.<\/p>\n<p style=\"text-align: justify;\"><strong>Des soins de la peau faciles et sans effort \u00e0 la maison :<\/strong> Reedle Shot apporte une am\u00e9lioration imm\u00e9diate de la peau, rempla\u00e7ant facilement les traitements inconfortables de soins de la peau \u00e0 domicile.<\/p>\n<p style=\"text-align: justify;\">Formule hypoallerg\u00e9nique, non com\u00e9dog\u00e8ne et sans parfum<\/p>\n<p style=\"text-align: justify;\"><strong>Utilisation :<\/strong> Le soir, imm\u00e9diatement apr\u00e8s le tonique<\/p>\n<p dir=\"ltr\" style=\"text-align: center;\">\ud83c\uddec\ud83c\udde7 VT Cosmetics Reedle Shot 100<br \/>\n\ud83c\uddeb\ud83c\uddf7 VT Cosmetics Reedle Shot 100<\/p>","protected":false},"excerpt":{"rendered":"<p>VT Cosmetics Reedle Shot 100 \u0647\u0648 \u0645\u0633\u062a\u062e\u0644\u0635 \u0645\u0628\u062a\u0643\u0631 \u064a\u062d\u0633\u0646 \u0627\u0645\u062a\u0635\u0627\u0635 \u0627\u0644\u0645\u0643\u0648\u0646\u0627\u062a \u0627\u0644\u0646\u0634\u0637\u0629 \u0641\u064a \u0627\u0644\u062c\u0644\u062f\u060c \u0648\u064a\u0639\u0632\u0632 \u0645\u0644\u0645\u0633 \u0627\u0644\u0628\u0634\u0631\u0629 \u0627\u0644\u0645\u062a\u0633\u0627\u0648\u064a\u060c \u0648\u0627\u0644\u0627\u0645\u062a\u0644\u0627\u0621 \u0648\u0627\u0644\u0625\u0634\u0631\u0627\u0642 \u0645\u062b\u0644 \u0627\u0644\u0648\u062e\u0632 \u0628\u0627\u0644\u0625\u0628\u0631 \u0627\u0644\u062f\u0642\u064a\u0642\u0629 &#8211; \u0628\u062f\u0648\u0646 \u0625\u0628\u0631! \u064a\u062d\u062a\u0648\u064a \u0627\u0644\u062c\u0648\u0647\u0631 \u0639\u0644\u0649 \u062c\u0632\u064a\u0626\u0627\u062a CICA REEDLE\u2122 \u0635\u063a\u064a\u0631\u0629 (95000 \u062c\u0632\u0621 \u0641\u064a \u0627\u0644\u0645\u0644\u064a\u0648\u0646) \u064a\u062a\u0645 \u0627\u0645\u062a\u0635\u0627\u0635\u0647\u0627 \u0628\u0639\u0645\u0642 \u0641\u064a \u0627\u0644\u062c\u0644\u062f\u060c \u0645\u0645\u0627 \u064a\u062d\u0633\u0646 \u0627\u0645\u062a\u0635\u0627\u0635 \u0627\u0644\u0645\u0643\u0648\u0646\u0627\u062a \u0627\u0644\u0646\u0634\u0637\u0629 \u0644\u0644\u0645\u0646\u062a\u062c (\u0645\u062b\u0644 \u062d\u0645\u0636 \u0627\u0644\u0647\u064a\u0627\u0644\u0648\u0631\u0648\u0646\u064a\u0643 \u0648\u0627\u0644\u0623\u062d\u0645\u0627\u0636 \u0627\u0644\u0623\u0645\u064a\u0646\u064a\u0629 \u0648\u0627\u0644\u0646\u064a\u0627\u0633\u064a\u0646\u0627\u0645\u064a\u062f [&hellip;]<\/p>\n","protected":false},"featured_media":22807,"template":"","meta":[],"pwb-brand":[1398],"product_brand":[],"product_cat":[1227,1231],"product_tag":[697,763],"class_list":{"0":"post-22801","1":"product","2":"type-product","3":"status-publish","4":"has-post-thumbnail","6":"pwb-brand-vtcosmetics","7":"product_cat-face-renew","8":"product_cat-daily-face-care","9":"product_tag-moisturizing","10":"product_tag-korean-product-2","12":"first","13":"instock","14":"shipping-taxable","15":"purchasable","16":"product-type-variable","17":"has-default-attributes","18":"wvs-archive-product-wrapper"},"brands":[{"id":1398,"name":"VT Cosmetics","slug":"vtcosmetics"}],"_links":{"self":[{"href":"https:\/\/gopinkish.com\/fr\/wp-json\/wp\/v2\/product\/22801","targetHints":{"allow":["GET"]}}],"collection":[{"href":"https:\/\/gopinkish.com\/fr\/wp-json\/wp\/v2\/product"}],"about":[{"href":"https:\/\/gopinkish.com\/fr\/wp-json\/wp\/v2\/types\/product"}],"wp:featuredmedia":[{"embeddable":true,"href":"https:\/\/gopinkish.com\/fr\/wp-json\/wp\/v2\/media\/22807"}],"wp:attachment":[{"href":"https:\/\/gopinkish.com\/fr\/wp-json\/wp\/v2\/media?parent=22801"}],"wp:term":[{"taxonomy":"pwb-brand","embeddable":true,"href":"https:\/\/gopinkish.com\/fr\/wp-json\/wp\/v2\/pwb-brand?post=22801"},{"taxonomy":"product_brand","embeddable":true,"href":"https:\/\/gopinkish.com\/fr\/wp-json\/wp\/v2\/product_brand?post=22801"},{"taxonomy":"product_cat","embeddable":true,"href":"https:\/\/gopinkish.com\/fr\/wp-json\/wp\/v2\/product_cat?post=22801"},{"taxonomy":"product_tag","embeddable":true,"href":"https:\/\/gopinkish.com\/fr\/wp-json\/wp\/v2\/product_tag?post=22801"}],"curies":[{"name":"wp","href":"https:\/\/api.w.org\/{rel}","templated":true}]}}