{"id":22734,"date":"2024-11-21T09:14:25","date_gmt":"2024-11-21T08:14:25","guid":{"rendered":"https:\/\/gopinkish.com\/?post_type=product&#038;p=22734"},"modified":"2025-03-18T21:30:57","modified_gmt":"2025-03-18T20:30:57","slug":"5029066099082","status":"publish","type":"product","link":"https:\/\/gopinkish.com\/fr\/produit\/5029066099082\/","title":{"rendered":"Palette d'anti-cernes l\u00e9gers et moyens - 8 nuances"},"content":{"rendered":"<p style=\"text-align: justify;\">Contient huit nuances pour une base parfaite. Ces ombres \u00e0 paupi\u00e8res estompables aident \u00e0 dissimuler les imperfections et les taches de la peau pour une base parfaite avant ou apr\u00e8s l'application du fond de teint. Appliquer \u00e0 l'aide d'un pinceau ou du bout des doigts.<\/p>","protected":false},"excerpt":{"rendered":"<p>Contient huit nuances pour une base parfaite. Ces ombres \u00e0 paupi\u00e8res estompables aident \u00e0 dissimuler les imperfections et les taches de la peau pour une base parfaite avant ou apr\u00e8s l'application du fond de teint. Appliquer \u00e0 l'aide d'un pinceau ou du bout des doigts.<\/p>","protected":false},"featured_media":22738,"template":"","meta":[],"pwb-brand":[754],"product_brand":[],"product_cat":[1173,1165],"product_tag":[],"class_list":{"0":"post-22734","1":"product","2":"type-product","3":"status-publish","4":"has-post-thumbnail","6":"pwb-brand-revolution","7":"product_cat-concealer-makeup","8":"product_cat-makeup-palette","10":"first","11":"instock","12":"shipping-taxable","13":"purchasable","14":"product-type-simple"},"brands":[{"id":754,"name":"Revolution","slug":"revolution"}],"_links":{"self":[{"href":"https:\/\/gopinkish.com\/fr\/wp-json\/wp\/v2\/product\/22734","targetHints":{"allow":["GET"]}}],"collection":[{"href":"https:\/\/gopinkish.com\/fr\/wp-json\/wp\/v2\/product"}],"about":[{"href":"https:\/\/gopinkish.com\/fr\/wp-json\/wp\/v2\/types\/product"}],"wp:featuredmedia":[{"embeddable":true,"href":"https:\/\/gopinkish.com\/fr\/wp-json\/wp\/v2\/media\/22738"}],"wp:attachment":[{"href":"https:\/\/gopinkish.com\/fr\/wp-json\/wp\/v2\/media?parent=22734"}],"wp:term":[{"taxonomy":"pwb-brand","embeddable":true,"href":"https:\/\/gopinkish.com\/fr\/wp-json\/wp\/v2\/pwb-brand?post=22734"},{"taxonomy":"product_brand","embeddable":true,"href":"https:\/\/gopinkish.com\/fr\/wp-json\/wp\/v2\/product_brand?post=22734"},{"taxonomy":"product_cat","embeddable":true,"href":"https:\/\/gopinkish.com\/fr\/wp-json\/wp\/v2\/product_cat?post=22734"},{"taxonomy":"product_tag","embeddable":true,"href":"https:\/\/gopinkish.com\/fr\/wp-json\/wp\/v2\/product_tag?post=22734"}],"curies":[{"name":"wp","href":"https:\/\/api.w.org\/{rel}","templated":true}]}}