{"id":22712,"date":"2025-01-15T00:06:09","date_gmt":"2025-01-14T23:06:09","guid":{"rendered":"https:\/\/gopinkish.com\/?post_type=product&#038;p=22712"},"modified":"2025-09-28T13:29:38","modified_gmt":"2025-09-28T12:29:38","slug":"3337875677967","status":"publish","type":"product","link":"https:\/\/gopinkish.com\/fr\/produit\/3337875677967\/","title":{"rendered":"Conditionneur renfor\u00e7ant, renfor\u00e7ant et \u00e9paississant les cheveux"},"content":{"rendered":"<p style=\"text-align: justify;\">\u062a\u0645 \u062a\u0631\u0643\u064a\u0628 \u0628\u0644\u0633\u0645 Densi-Solutions Fortifying Thickening Balm \u0628\u0627\u0633\u062a\u062e\u062f\u0627\u0645 \u0633\u064a\u0631\u0627\u0645\u064a\u062f R \u0648\u0627\u0644\u0631\u0627\u0645\u0646\u0648\u0632 \u0648\u0641\u064a\u062a\u0627\u0645\u064a\u0646 E. \u062a\u0639\u0645\u0644 \u0647\u0630\u0647 \u0627\u0644\u062a\u0631\u0643\u064a\u0628\u0629 \u0639\u0644\u0649 \u0627\u062e\u062a\u0631\u0627\u0642 \u0642\u0634\u0648\u0631 \u0627\u0644\u0634\u0639\u0631 \u0627\u0644\u0636\u0639\u064a\u0641 \u0644\u0627\u0633\u062a\u0639\u0627\u062f\u0629 \u0627\u0644\u0642\u0648\u0629 \u0648\u062a\u0639\u0632\u064a\u0632 \u0628\u0634\u0631\u0629 \u0627\u0644\u0634\u0639\u0631.<\/p>\n<p style=\"text-align: justify;\">\u0643\u062a\u0644\u0629 \u0627\u0644\u0634\u0639\u0631 \u0647\u064a \u0645\u0632\u064a\u062c \u0645\u0646 \u0639\u062f\u062f \u0648\u0633\u0645\u0643 \u0648\u0645\u0642\u0627\u0648\u0645\u0629 \u0627\u0644\u0634\u0639\u0631. \u064a\u0645\u0643\u0646 \u0623\u0646 \u062a\u0642\u0644 \u0643\u062b\u0627\u0641\u062a\u0647 \u062a\u062d\u062a \u062a\u0623\u062b\u064a\u0631 \u062a\u0642\u062f\u0645 \u0639\u0645\u0631 \u0627\u0644\u0634\u0639\u0631 \u0648\u0627\u0644\u0639\u0648\u0627\u0645\u0644 \u0627\u0644\u0628\u064a\u0626\u064a\u0629 \u0627\u0644\u0636\u0627\u0631\u0629. \u064a\u062d\u062a\u0648\u064a \u0647\u0630\u0627 \u0627\u0644\u0628\u0644\u0633\u0645 \u0639\u0644\u0649 \u0633\u064a\u0631\u0627\u0645\u064a\u062f \u0625\u0635\u0644\u0627\u062d\u064a \u0648\u0634\u0645\u0639 \u0643\u0627\u0646\u062f\u064a\u0644\u064a\u0644\u0627 \u0627\u0644\u0645\u0642\u0648\u064a. \u064a\u0631\u0637\u0628 \u0641\u0631\u0648\u0629 \u0627\u0644\u0631\u0623\u0633 \u0645\u0639 \u0627\u0644\u0639\u0646\u0627\u064a\u0629 \u0628\u0627\u0644\u0634\u0639\u0631 \u0648\u0634\u062f\u0651\u0647 \u0648\u0644\u0645\u0639\u0627\u0646\u0647 \u062f\u0648\u0646 \u0625\u062b\u0642\u0627\u0644\u0647.<\/p>\n<p style=\"text-align: justify;\"><strong>R\u00e9sultats :<br \/>\n<\/strong>+62% \u0645\u0646 \u0627\u0644\u062d\u062c\u0645 \u0628\u0639\u062f \u0627\u0633\u062a\u062e\u062f\u0627\u0645 \u0627\u0644\u0634\u0627\u0645\u0628\u0648 \u0645\u0639 \u0628\u0644\u0633\u0645 Dercos Densi-Solutions \u0627\u0644\u0645\u0642\u0648\u064a \u0648\u0627\u0644\u0645\u0643\u062b\u0641 \u0644\u0644\u0634\u0639\u0631<br \/>\n\u0634\u0639\u0631 \u0623\u0643\u062b\u0631 \u0644\u0645\u0639\u0627\u0646\u064b\u0627 \u0628\u0645\u0642\u062f\u0627\u0631 3.8 \u0645\u0631\u0627\u062a \u0628\u0639\u062f \u0627\u0633\u062a\u062e\u062f\u0627\u0645 \u0627\u0644\u0634\u0627\u0645\u0628\u0648 \u0645\u0639 \u0628\u0644\u0633\u0645 Dercos Densi-Solutions \u0627\u0644\u0645\u0642\u0648\u064a \u0648\u0627\u0644\u0645\u0643\u062b\u0641 \u0644\u0644\u0634\u0639\u0631<\/p>\n<p dir=\"ltr\" style=\"text-align: center;\">\ud83c\uddec\ud83c\udde7 Vichy Dercos Densi-Solutions Restoring &amp; Thickening Balm<br \/>\n\ud83c\uddeb\ud83c\uddf7 Baume \u00c9paississant et R\u00e9g\u00e9n\u00e9rant Vichy Dercos Densi-Solutions<\/p>\n<p style=\"text-align: justify;\">","protected":false},"excerpt":{"rendered":"<p>\u062a\u0645 \u062a\u0631\u0643\u064a\u0628 \u0628\u0644\u0633\u0645 Densi-Solutions Fortifying Thickening Balm \u0628\u0627\u0633\u062a\u062e\u062f\u0627\u0645 \u0633\u064a\u0631\u0627\u0645\u064a\u062f R \u0648\u0627\u0644\u0631\u0627\u0645\u0646\u0648\u0632 \u0648\u0641\u064a\u062a\u0627\u0645\u064a\u0646 E. \u062a\u0639\u0645\u0644 \u0647\u0630\u0647 \u0627\u0644\u062a\u0631\u0643\u064a\u0628\u0629 \u0639\u0644\u0649 \u0627\u062e\u062a\u0631\u0627\u0642 \u0642\u0634\u0648\u0631 \u0627\u0644\u0634\u0639\u0631 \u0627\u0644\u0636\u0639\u064a\u0641 \u0644\u0627\u0633\u062a\u0639\u0627\u062f\u0629 \u0627\u0644\u0642\u0648\u0629 \u0648\u062a\u0639\u0632\u064a\u0632 \u0628\u0634\u0631\u0629 \u0627\u0644\u0634\u0639\u0631. \u0643\u062a\u0644\u0629 \u0627\u0644\u0634\u0639\u0631 \u0647\u064a \u0645\u0632\u064a\u062c \u0645\u0646 \u0639\u062f\u062f \u0648\u0633\u0645\u0643 \u0648\u0645\u0642\u0627\u0648\u0645\u0629 \u0627\u0644\u0634\u0639\u0631. \u064a\u0645\u0643\u0646 \u0623\u0646 \u062a\u0642\u0644 \u0643\u062b\u0627\u0641\u062a\u0647 \u062a\u062d\u062a \u062a\u0623\u062b\u064a\u0631 \u062a\u0642\u062f\u0645 \u0639\u0645\u0631 \u0627\u0644\u0634\u0639\u0631 \u0648\u0627\u0644\u0639\u0648\u0627\u0645\u0644 \u0627\u0644\u0628\u064a\u0626\u064a\u0629 \u0627\u0644\u0636\u0627\u0631\u0629. \u064a\u062d\u062a\u0648\u064a \u0647\u0630\u0627 \u0627\u0644\u0628\u0644\u0633\u0645 \u0639\u0644\u0649 \u0633\u064a\u0631\u0627\u0645\u064a\u062f \u0625\u0635\u0644\u0627\u062d\u064a \u0648\u0634\u0645\u0639 \u0643\u0627\u0646\u062f\u064a\u0644\u064a\u0644\u0627 [&hellip;]<\/p>\n","protected":false},"featured_media":22713,"template":"","meta":[],"pwb-brand":[243],"product_brand":[],"product_cat":[1149],"product_tag":[750],"class_list":{"0":"post-22712","1":"product","2":"type-product","3":"status-publish","4":"has-post-thumbnail","6":"pwb-brand-vichy","7":"product_cat-hair-cond","8":"product_tag-750","10":"first","11":"outofstock","12":"shipping-taxable","13":"product-type-variable","14":"has-default-attributes","15":"wvs-archive-product-wrapper"},"brands":[{"id":243,"name":"Vichy","slug":"vichy"}],"_links":{"self":[{"href":"https:\/\/gopinkish.com\/fr\/wp-json\/wp\/v2\/product\/22712","targetHints":{"allow":["GET"]}}],"collection":[{"href":"https:\/\/gopinkish.com\/fr\/wp-json\/wp\/v2\/product"}],"about":[{"href":"https:\/\/gopinkish.com\/fr\/wp-json\/wp\/v2\/types\/product"}],"wp:featuredmedia":[{"embeddable":true,"href":"https:\/\/gopinkish.com\/fr\/wp-json\/wp\/v2\/media\/22713"}],"wp:attachment":[{"href":"https:\/\/gopinkish.com\/fr\/wp-json\/wp\/v2\/media?parent=22712"}],"wp:term":[{"taxonomy":"pwb-brand","embeddable":true,"href":"https:\/\/gopinkish.com\/fr\/wp-json\/wp\/v2\/pwb-brand?post=22712"},{"taxonomy":"product_brand","embeddable":true,"href":"https:\/\/gopinkish.com\/fr\/wp-json\/wp\/v2\/product_brand?post=22712"},{"taxonomy":"product_cat","embeddable":true,"href":"https:\/\/gopinkish.com\/fr\/wp-json\/wp\/v2\/product_cat?post=22712"},{"taxonomy":"product_tag","embeddable":true,"href":"https:\/\/gopinkish.com\/fr\/wp-json\/wp\/v2\/product_tag?post=22712"}],"curies":[{"name":"wp","href":"https:\/\/api.w.org\/{rel}","templated":true}]}}