{"id":22671,"date":"2025-01-29T21:42:33","date_gmt":"2025-01-29T20:42:33","guid":{"rendered":"https:\/\/gopinkish.com\/?post_type=product&#038;p=22671"},"modified":"2025-05-06T10:25:38","modified_gmt":"2025-05-06T09:25:38","slug":"6973474683403","status":"publish","type":"product","link":"https:\/\/gopinkish.com\/fr\/produit\/6973474683403\/","title":{"rendered":"Anti-cernes \u00e0 pointe \u00e9ponge \u00e0 haut pouvoir couvrant"},"content":{"rendered":"<p style=\"text-align: justify;\">Ce correcteur \u00e0 pointe \u00e9ponge est une formule haute couvrance, enrichie en phytost\u00e9rols 100% d\u00e9riv\u00e9s d'olives et en squalane, qui offre une hydratation sup\u00e9rieure tout en donnant \u00e0 votre peau un fini magnifique, naturel et myst\u00e9rieux ! Adapt\u00e9 \u00e0 tous les types de peau, il suffit d'appliquer le produit avec la pointe de l'\u00e9ponge pour l'\u00e9taler comme vous le souhaitez.<\/p>","protected":false},"excerpt":{"rendered":"<p>Ce correcteur \u00e0 pointe \u00e9ponge est une formule haute couvrance, enrichie en phytost\u00e9rols 100% d\u00e9riv\u00e9s d'olives et en squalane, qui offre une hydratation sup\u00e9rieure tout en donnant \u00e0 votre peau un fini magnifique, naturel et myst\u00e9rieux ! Adapt\u00e9 \u00e0 tous les types de peau, il suffit d'appliquer le produit avec la pointe de l'\u00e9ponge pour l'\u00e9taler comme vous le souhaitez.<\/p>","protected":false},"featured_media":22674,"template":"","meta":[],"pwb-brand":[709],"product_brand":[],"product_cat":[1173],"product_tag":[],"class_list":{"0":"post-22671","1":"product","2":"type-product","3":"status-publish","4":"has-post-thumbnail","6":"pwb-brand-sheglam","7":"product_cat-concealer-makeup","9":"first","10":"outofstock","11":"shipping-taxable","12":"product-type-variable","13":"has-default-attributes","14":"wvs-archive-product-wrapper"},"brands":[{"id":709,"name":"Sheglam","slug":"sheglam"}],"_links":{"self":[{"href":"https:\/\/gopinkish.com\/fr\/wp-json\/wp\/v2\/product\/22671","targetHints":{"allow":["GET"]}}],"collection":[{"href":"https:\/\/gopinkish.com\/fr\/wp-json\/wp\/v2\/product"}],"about":[{"href":"https:\/\/gopinkish.com\/fr\/wp-json\/wp\/v2\/types\/product"}],"wp:featuredmedia":[{"embeddable":true,"href":"https:\/\/gopinkish.com\/fr\/wp-json\/wp\/v2\/media\/22674"}],"wp:attachment":[{"href":"https:\/\/gopinkish.com\/fr\/wp-json\/wp\/v2\/media?parent=22671"}],"wp:term":[{"taxonomy":"pwb-brand","embeddable":true,"href":"https:\/\/gopinkish.com\/fr\/wp-json\/wp\/v2\/pwb-brand?post=22671"},{"taxonomy":"product_brand","embeddable":true,"href":"https:\/\/gopinkish.com\/fr\/wp-json\/wp\/v2\/product_brand?post=22671"},{"taxonomy":"product_cat","embeddable":true,"href":"https:\/\/gopinkish.com\/fr\/wp-json\/wp\/v2\/product_cat?post=22671"},{"taxonomy":"product_tag","embeddable":true,"href":"https:\/\/gopinkish.com\/fr\/wp-json\/wp\/v2\/product_tag?post=22671"}],"curies":[{"name":"wp","href":"https:\/\/api.w.org\/{rel}","templated":true}]}}