{"id":22606,"date":"2025-01-29T14:30:21","date_gmt":"2025-01-29T13:30:21","guid":{"rendered":"https:\/\/gopinkish.com\/?post_type=product&#038;p=22606"},"modified":"2026-04-07T12:14:18","modified_gmt":"2026-04-07T11:14:18","slug":"5038483849255","status":"publish","type":"product","link":"https:\/\/gopinkish.com\/fr\/produit\/5038483849255\/","title":{"rendered":"Traitement intensif contre les cors"},"content":{"rendered":"<p style=\"text-align: justify;\">Le traitement intensif anti-calcification des pieds de Scholl's est sp\u00e9cialement formul\u00e9 pour s'adapter parfaitement \u00e0 la peau unique du pied. L'acide salicylique exfolie en douceur les cellules mortes et \u00e9limine efficacement les cors et les callosit\u00e9s du pied. Sp\u00e9cialement formul\u00e9 pour les zones affect\u00e9es par la calcinose sous le talon et le cou-de-pied.<\/p>\n<ul>\n<li style=\"text-align: justify;\">Pour retrouver une peau lisse et douce<\/li>\n<li style=\"text-align: justify;\">Pratique et rapide \u00e0 utiliser<\/li>\n<li style=\"text-align: justify;\">Adoucit la peau et r\u00e9duit efficacement les cors et les callosit\u00e9s d\u00e8s 7 jours<\/li>\n<\/ul>\n<p dir=\"ltr\" style=\"text-align: center;\">\ud83c\uddec\ud83c\udde7 Scholl Traitement intensif anti-callosit\u00e9s<br \/>\n\ud83c\uddeb\ud83c\uddf7 Scholl Traitement Intensif Anti-Callosit\u00e9s<\/p>","protected":false},"excerpt":{"rendered":"<p><span style=\"color: #ff0000;\"><strong>Date d'expiration du produit : ao\u00fbt 2026<\/strong><\/span><\/p>","protected":false},"featured_media":22608,"template":"","meta":[],"pwb-brand":[1451],"product_brand":[],"product_cat":[1140,1225],"product_tag":[],"class_list":{"0":"post-22606","1":"product","2":"type-product","3":"status-publish","4":"has-post-thumbnail","6":"pwb-brand-scholl","7":"product_cat-foot-care","8":"product_cat-sale","10":"first","11":"outofstock","12":"shipping-taxable","13":"product-type-variable","14":"has-default-attributes","15":"wvs-archive-product-wrapper"},"brands":[{"id":1451,"name":"Scholl","slug":"scholl"}],"_links":{"self":[{"href":"https:\/\/gopinkish.com\/fr\/wp-json\/wp\/v2\/product\/22606","targetHints":{"allow":["GET"]}}],"collection":[{"href":"https:\/\/gopinkish.com\/fr\/wp-json\/wp\/v2\/product"}],"about":[{"href":"https:\/\/gopinkish.com\/fr\/wp-json\/wp\/v2\/types\/product"}],"wp:featuredmedia":[{"embeddable":true,"href":"https:\/\/gopinkish.com\/fr\/wp-json\/wp\/v2\/media\/22608"}],"wp:attachment":[{"href":"https:\/\/gopinkish.com\/fr\/wp-json\/wp\/v2\/media?parent=22606"}],"wp:term":[{"taxonomy":"pwb-brand","embeddable":true,"href":"https:\/\/gopinkish.com\/fr\/wp-json\/wp\/v2\/pwb-brand?post=22606"},{"taxonomy":"product_brand","embeddable":true,"href":"https:\/\/gopinkish.com\/fr\/wp-json\/wp\/v2\/product_brand?post=22606"},{"taxonomy":"product_cat","embeddable":true,"href":"https:\/\/gopinkish.com\/fr\/wp-json\/wp\/v2\/product_cat?post=22606"},{"taxonomy":"product_tag","embeddable":true,"href":"https:\/\/gopinkish.com\/fr\/wp-json\/wp\/v2\/product_tag?post=22606"}],"curies":[{"name":"wp","href":"https:\/\/api.w.org\/{rel}","templated":true}]}}