{"id":22584,"date":"2025-01-29T13:55:18","date_gmt":"2025-01-29T12:55:18","guid":{"rendered":"https:\/\/gopinkish.com\/?post_type=product&#038;p=22584"},"modified":"2025-08-03T20:55:08","modified_gmt":"2025-08-03T19:55:08","slug":"071249149768","status":"publish","type":"product","link":"https:\/\/gopinkish.com\/fr\/produit\/071249149768\/","title":{"rendered":"Mascara 2 en 1 pour nourrir et allonger les cils"},"content":{"rendered":"<p style=\"text-align: justify;\">Le mascara Double Extend Topping de L'Or\u00e9al Paris est un mascara allongeant les cils 2-en-1 qui vous donne des cils jusqu'\u00e0 80% plus longs.<\/p>\n<p style=\"text-align: justify;\"><strong>\u00c9tape 1 :<\/strong> Base nourrissante : La base parfaite pour appliquer le tube qui prot\u00e8ge, nourrit et renforce les cils.<\/p>\n<p style=\"text-align: justify;\"><strong>\u00c9tape 2 :<\/strong> Un top coat tubulaire qui allonge les cils : Lorsque le mascara s\u00e8che, il forme des tubes qui agissent comme des extensions de cils. Les cils paraissent jusqu'\u00e0 80% plus longs.<\/p>\n<p style=\"text-align: justify;\">Ce mascara tient toute la journ\u00e9e sans bavure, sans s'\u00e9taler et sans s'\u00e9cailler. Les meilleurs mascaras en tube ont des tubes qui s'enl\u00e8vent \u00e0 l'eau ti\u00e8de, sans n\u00e9cessiter de d\u00e9maquillant. Lorsque vous vous lavez le visage, \u00e9loignez simplement les tubes des cils du bout des doigts ou appliquez un coton imbib\u00e9 d'eau chaude sur les cils pendant 30 secondes.<\/p>\n<p dir=\"ltr\" style=\"text-align: center;\">\ud83c\uddec\ud83c\udde7 L'Or\u00e9al Paris Mascara Double Extend Beauty Tubes<br \/>\n\ud83c\uddeb\ud83c\uddf7 Mascara Double Extension Beauty Tubes L'Or\u00e9al Paris<\/p>","protected":false},"excerpt":{"rendered":"<p>\u0645\u0627\u0633\u0643\u0627\u0631\u0627 \u0644\u0648\u0631\u064a\u0627\u0644 \u0628\u0627\u0631\u064a\u0633 \u062f\u0628\u0644 \u0625\u0643\u0633\u062a\u0646\u062f \u062a\u0648\u0628\u064a\u0646\u062c \u0647\u064a \u0645\u0627\u0633\u0643\u0627\u0631\u0627 2 \u0641\u064a 1 \u0644\u0625\u0637\u0627\u0644\u0629 \u0627\u0644\u0631\u0645\u0648\u0634 \u062a\u0645\u0646\u062d\u0643 \u0631\u0645\u0648\u0634\u064b\u0627 \u062a\u0628\u062f\u0648 \u0623\u0637\u0648\u0644 \u0628\u0646\u0633\u0628\u0629 \u062a\u0635\u0644 \u0625\u0644\u0649 80%. \u0627\u0644\u062e\u0637\u0648\u0629 1: \u0637\u0628\u0642\u0629 \u0623\u0633\u0627\u0633\u064a\u0629 \u0645\u063a\u0630\u064a\u0629: \u0627\u0644\u0642\u0627\u0639\u062f\u0629 \u0627\u0644\u0645\u062b\u0627\u0644\u064a\u0629 \u0644\u062a\u0637\u0628\u064a\u0642 \u0627\u0644\u0623\u0646\u0628\u0648\u0628 \u0644\u062d\u0645\u0627\u064a\u0629 \u0627\u0644\u0631\u0645\u0648\u0634 \u0648\u062a\u063a\u0630\u064a\u062a\u0647\u0627 \u0648\u062a\u0642\u0648\u064a\u062a\u0647\u0627. \u0627\u0644\u062e\u0637\u0648\u0629 2: \u0637\u0628\u0642\u0629 \u0639\u0644\u0648\u064a\u0629 \u0623\u0646\u0628\u0648\u0628\u064a\u0629 \u062a\u0637\u064a\u0644 \u0627\u0644\u0631\u0645\u0648\u0634 \u0628\u0634\u0643\u0644 \u0641\u0627\u0626\u0642: \u0639\u0646\u062f\u0645\u0627 \u062a\u062c\u0641 \u0627\u0644\u0645\u0627\u0633\u0643\u0627\u0631\u0627\u060c \u0641\u0625\u0646\u0647\u0627 \u062a\u0634\u0643\u0644 \u0623\u0646\u0627\u0628\u064a\u0628 \u062a\u0639\u0645\u0644 \u0645\u062b\u0644 \u0648\u0635\u0644\u0627\u062a \u0625\u0637\u0627\u0644\u0629 \u0627\u0644\u0631\u0645\u0648\u0634. \u062a\u0628\u062f\u0648 [&hellip;]<\/p>\n","protected":false},"featured_media":22591,"template":"","meta":[],"pwb-brand":[239],"product_brand":[],"product_cat":[1189],"product_tag":[],"class_list":{"0":"post-22584","1":"product","2":"type-product","3":"status-publish","4":"has-post-thumbnail","6":"pwb-brand-loreal","7":"product_cat-eyes-mascara","9":"first","10":"instock","11":"shipping-taxable","12":"purchasable","13":"product-type-variable","14":"has-default-attributes","15":"wvs-archive-product-wrapper"},"brands":[{"id":239,"name":"L'Or\u00e9al Paris","slug":"loreal"}],"_links":{"self":[{"href":"https:\/\/gopinkish.com\/fr\/wp-json\/wp\/v2\/product\/22584","targetHints":{"allow":["GET"]}}],"collection":[{"href":"https:\/\/gopinkish.com\/fr\/wp-json\/wp\/v2\/product"}],"about":[{"href":"https:\/\/gopinkish.com\/fr\/wp-json\/wp\/v2\/types\/product"}],"wp:featuredmedia":[{"embeddable":true,"href":"https:\/\/gopinkish.com\/fr\/wp-json\/wp\/v2\/media\/22591"}],"wp:attachment":[{"href":"https:\/\/gopinkish.com\/fr\/wp-json\/wp\/v2\/media?parent=22584"}],"wp:term":[{"taxonomy":"pwb-brand","embeddable":true,"href":"https:\/\/gopinkish.com\/fr\/wp-json\/wp\/v2\/pwb-brand?post=22584"},{"taxonomy":"product_brand","embeddable":true,"href":"https:\/\/gopinkish.com\/fr\/wp-json\/wp\/v2\/product_brand?post=22584"},{"taxonomy":"product_cat","embeddable":true,"href":"https:\/\/gopinkish.com\/fr\/wp-json\/wp\/v2\/product_cat?post=22584"},{"taxonomy":"product_tag","embeddable":true,"href":"https:\/\/gopinkish.com\/fr\/wp-json\/wp\/v2\/product_tag?post=22584"}],"curies":[{"name":"wp","href":"https:\/\/api.w.org\/{rel}","templated":true}]}}