{"id":22561,"date":"2025-01-29T13:10:32","date_gmt":"2025-01-29T12:10:32","guid":{"rendered":"https:\/\/gopinkish.com\/?post_type=product&#038;p=22561"},"modified":"2026-04-01T18:43:39","modified_gmt":"2026-04-01T17:43:39","slug":"5057566740234","status":"publish","type":"product","link":"https:\/\/gopinkish.com\/fr\/produit\/5057566740234\/","title":{"rendered":"Rouge \u00e0 l\u00e8vres brillant multicouches"},"content":{"rendered":"<p style=\"text-align: justify;\">Un simple coup de pinceau pour une couleur uniforme tout au long de la journ\u00e9e !<\/p>\n<p style=\"text-align: justify;\">Hydratez et colorez vos l\u00e8vres en un instant avec Revolution Pout Tint, une couleur transparente longue dur\u00e9e au fini irr\u00e9sistiblement brillant.<\/p>\n<p style=\"text-align: justify;\">Le rouge \u00e0 l\u00e8vres parfait, qui ne n\u00e9cessite que peu d'entretien, est dot\u00e9 d'un applicateur surdimensionn\u00e9 qui offre une couvrance maximale en un seul passage. La formule l\u00e9g\u00e8re \u00e0 l'\u00e9clat succulent s\u00e8che en une couleur claire pour laisser vos l\u00e8vres brillantes (aucune touche suppl\u00e9mentaire n'est n\u00e9cessaire).<\/p>\n<p style=\"text-align: justify;\">Personnalisez votre couleur de l\u00e8vres - appliquez une couche pour un soup\u00e7on de pigment, ou appliquez plusieurs couches sur vos l\u00e8vres pour une couleur plus vibrante !<\/p>\n<p style=\"text-align: justify;\"><strong>Caract\u00e9ristiques :<\/strong><br \/>\n- Finition longue dur\u00e9e, l\u00e9g\u00e8re et brillante<br \/>\n- Formule hydratante<br \/>\n- Des l\u00e8vres qui n'ont pas besoin d'en rajouter - appliquez-les et choisissez une couleur \u00e0 l'\u00e9preuve des baisers.<br \/>\n- Couleur personnalisable - superposez vos l\u00e8vres pour plus de pigment<br \/>\n- Finition brillante - laissez votre baiser s'attarder sans perdre de sa couleur<br \/>\n- Applicateur surdimensionn\u00e9 pour une couverture maximale en un seul passage<\/p>\n<p dir=\"ltr\" style=\"text-align: center;\">\ud83c\uddec\ud83c\udde7 Revolution Pout Tint<br \/>\n\ud83c\uddeb\ud83c\uddf7 Revolution Pout Tint<\/p>","protected":false},"excerpt":{"rendered":"<p>\u062a\u0645\u0631\u064a\u0631\u0629 \u0633\u0631\u064a\u0639\u0629 \u0644\u0644\u062d\u0635\u0648\u0644 \u0644\u0648\u0646 \u062b\u0627\u0628\u062a \u0637\u0648\u0627\u0644 \u0627\u0644\u064a\u0648\u0645! \u0642\u0648\u0645\u064a \u0628\u062a\u0631\u0637\u064a\u0628 \u0634\u0641\u062a\u064a\u0643 \u0648\u062a\u0644\u0648\u064a\u0646\u0647\u0627 \u0641\u064a \u0644\u062d\u0638\u0629 \u0628\u0627\u0633\u062a\u062e\u062f\u0627\u0645 Revolution Pout Tint\u061b \u0644\u0648\u0646 \u0634\u0641\u0627\u0641 \u064a\u062f\u0648\u0645 \u0637\u0648\u064a\u0644\u0627\u064b \u0645\u0639 \u0644\u0645\u0633\u0629 \u0646\u0647\u0627\u0626\u064a\u0629 \u0644\u0627\u0645\u0639\u0629 \u0644\u0627 \u062a\u0642\u0627\u0648\u0645. \u0623\u062d\u0645\u0631 \u0627\u0644\u0634\u0641\u0627\u0647 \u0627\u0644\u0645\u062b\u0627\u0644\u064a \u0627\u0644\u0630\u064a \u0644\u0627 \u064a\u062d\u062a\u0627\u062c \u0625\u0644\u0649 \u0639\u0646\u0627\u064a\u0629 \u0643\u0628\u064a\u0631\u0629 \u0645\u0639 \u0623\u062f\u0627\u0629 \u062a\u0637\u0628\u064a\u0642 \u0643\u0628\u064a\u0631\u0629 \u0627\u0644\u062d\u062c\u0645 \u062a\u0645\u0646\u062d\u0643 \u0623\u0642\u0635\u0649 \u0642\u062f\u0631 \u0645\u0646 \u0627\u0644\u062a\u063a\u0637\u064a\u0629 \u0628\u0644\u0645\u0633\u0629 \u0648\u0627\u062d\u062f\u0629 \u0641\u0642\u0637. \u062a\u0631\u0643\u064a\u0628\u0629 \u0627\u0644\u0644\u0645\u0639\u0627\u0646 \u0627\u0644\u062e\u0641\u064a\u0641\u0629 \u0648\u0627\u0644\u0639\u0635\u064a\u0631\u064a\u0629 \u062a\u062c\u0641 \u0625\u0644\u0649 [&hellip;]<\/p>\n","protected":false},"featured_media":22562,"template":"","meta":[],"pwb-brand":[754],"product_brand":[],"product_cat":[1181,1180],"product_tag":[],"class_list":{"0":"post-22561","1":"product","2":"type-product","3":"status-publish","4":"has-post-thumbnail","6":"pwb-brand-revolution","7":"product_cat-liquid-lipstick-makeup","8":"product_cat-lips-gloss-makeup","10":"first","11":"instock","12":"shipping-taxable","13":"purchasable","14":"product-type-variable","15":"has-default-attributes","16":"wvs-archive-product-wrapper"},"brands":[{"id":754,"name":"Revolution","slug":"revolution"}],"_links":{"self":[{"href":"https:\/\/gopinkish.com\/fr\/wp-json\/wp\/v2\/product\/22561","targetHints":{"allow":["GET"]}}],"collection":[{"href":"https:\/\/gopinkish.com\/fr\/wp-json\/wp\/v2\/product"}],"about":[{"href":"https:\/\/gopinkish.com\/fr\/wp-json\/wp\/v2\/types\/product"}],"wp:featuredmedia":[{"embeddable":true,"href":"https:\/\/gopinkish.com\/fr\/wp-json\/wp\/v2\/media\/22562"}],"wp:attachment":[{"href":"https:\/\/gopinkish.com\/fr\/wp-json\/wp\/v2\/media?parent=22561"}],"wp:term":[{"taxonomy":"pwb-brand","embeddable":true,"href":"https:\/\/gopinkish.com\/fr\/wp-json\/wp\/v2\/pwb-brand?post=22561"},{"taxonomy":"product_brand","embeddable":true,"href":"https:\/\/gopinkish.com\/fr\/wp-json\/wp\/v2\/product_brand?post=22561"},{"taxonomy":"product_cat","embeddable":true,"href":"https:\/\/gopinkish.com\/fr\/wp-json\/wp\/v2\/product_cat?post=22561"},{"taxonomy":"product_tag","embeddable":true,"href":"https:\/\/gopinkish.com\/fr\/wp-json\/wp\/v2\/product_tag?post=22561"}],"curies":[{"name":"wp","href":"https:\/\/api.w.org\/{rel}","templated":true}]}}