{"id":22550,"date":"2026-04-20T12:45:55","date_gmt":"2026-04-20T11:45:55","guid":{"rendered":"https:\/\/gopinkish.com\/?post_type=product&#038;p=22550"},"modified":"2026-04-25T22:29:58","modified_gmt":"2026-04-25T21:29:58","slug":"3378872224433","status":"publish","type":"product","link":"https:\/\/gopinkish.com\/fr\/produit\/3378872224433\/","title":{"rendered":"Brillant \u00e0 l\u00e8vres bouffant et ultra-brillant \u00e0 l'huile de menthe poivr\u00e9e et \u00e0 l'extrait de piment."},"content":{"rendered":"<div  class=\"section-element\"><div class=\"row\"><div class=\"large-12 nasa-col columns\"><div class=\"wpb_text_column wpb_content_element\" ><p style=\"text-align: justify;\">SEPHORA COLLECTION OUTRAGEOUS INTENSE LIP PLUMPER est un gloss \u00e0 effet repulpant instantan\u00e9. Sa formule innovante cr\u00e9e une l\u00e9g\u00e8re sensation de picotement qui stimule les l\u00e8vres et leur donne un volume naturel. Il donne aux l\u00e8vres une jolie brillance miroir et les nourrit en m\u00eame temps. Texture confortable et non collante. Disponible dans une vari\u00e9t\u00e9 de teintes. Application facile \u00e0 l'aide d'un pinceau \u00e9ponge. Id\u00e9al comme simple gloss ou par-dessus le rouge \u00e0 l\u00e8vres.<\/p>\n<p><strong>Principaux ingr\u00e9dients et caract\u00e9ristiques<\/strong><\/p>\n<ul>\n<li>Formule naturelle pour le gonflement<\/li>\n<li>Ingr\u00e9dients nourrissants pour les l\u00e8vres<\/li>\n<li>Brillance miroir attrayante<\/li>\n<li>Texture non collante<\/li>\n<li>Pinceau \u00e9ponge facile \u00e0 appliquer<\/li>\n<\/ul>\n<p><strong>Principales caract\u00e9ristiques et avantages<\/strong><\/p>\n<ul>\n<li>Volume instantan\u00e9 des l\u00e8vres<\/li>\n<li>Brillance miroir attrayante et intense<\/li>\n<li>Nourrit et hydrate les l\u00e8vres<\/li>\n<li>Une l\u00e9g\u00e8re piq\u00fbre pour stimuler la pl\u00e9nitude<\/li>\n<li>A porter seul ou sur le rouge \u00e0 l\u00e8vres<\/li>\n<li>Confortable et non collant<\/li>\n<\/ul>\n<p style=\"text-align: center;\">\ud83c\uddec\ud83c\udde7 SEPHORA COLLECTION Produit - SEPHORA COLLECTION OUTRAGEOUS INTENSE LIP PLUMPER 03 FLAME<\/p>\n<p style=\"text-align: center;\">\ud83c\uddeb\ud83c\uddf7 SEPHORA COLLECTION Produit - SEPHORA COLLECTION OUTRAGEOUS INTENSE LIP PLUMPER 03 FLAME<\/p>\n<\/div><\/div><\/div><\/div>","protected":false},"excerpt":{"rendered":"\u0645\u0646\u062a\u062c SEPHORA COLLECTION OUTRAGEOUS INTENSE LIP PLUMPER \u0645\u0646 \u0633\u064a\u0641\u0648\u0631\u0627 \u0643\u0648\u0644\u064a\u0643\u0634\u0646 \u0647\u0648 \u0645\u0644\u0645\u0639 \u0634\u0641\u0627\u0647 \u0628\u062a\u0623\u062b\u064a\u0631 \u0627\u0644\u062a\u0646\u0641\u064a\u062e \u0627\u0644\u0641\u0648\u0631\u064a. \u062a\u0631\u0643\u064a\u0628\u062a\u0647 \u0627\u0644\u0645\u0628\u062a\u0643\u0631\u0629 \u062a\u0639\u0637\u064a \u0625\u062d\u0633\u0627\u0633\u0627\u064b \u0628\u0648\u062e\u0632 \u062e\u0641\u064a\u0641 \u064a\u062d\u0641\u0651\u0632 \u0627\u0644\u0634\u0641\u0627\u0647 \u0648\u064a\u0645\u0646\u062d\u0647\u0627 \u062d\u062c\u0645\u0627\u064b \u0645\u0645\u062a\u0644\u0626\u0627\u064b \u0637\u0628\u064a\u0639\u064a\u0627\u064b. \u064a\u0645\u0646\u062d \u0627\u0644\u0634\u0641\u0627\u0647 \u0644\u0645\u0639\u0627\u0646\u0627\u064b \u0645\u0631\u0622\u0629 \u062c\u0630\u0627\u0628\u0627\u064b \u0648\u064a\u063a\u0630\u0651\u064a\u0647\u0627 \u0641\u064a \u0627\u0644\u0648\u0642\u062a \u0630\u0627\u062a\u0647. \u0645\u0644\u0645\u0633 \u063a\u064a\u0631 \u0644\u0632\u062c \u0645\u0631\u064a\u062d. \u0645\u062a\u0648\u0641\u0651\u0631 \u0628\u062f\u0631\u062c\u0627\u062a \u0645\u062a\u0646\u0648\u0651\u0639\u0629. \u062a\u0637\u0628\u064a\u0642 \u0633\u0647\u0644 \u0628\u0641\u0631\u0634\u0627\u0629 \u0627\u0644\u0627\u0633\u0641\u0646\u062c\u0629. \u0645\u062b\u0627\u0644\u064a \u0643\u0645\u0644\u0645\u0639 \u0645\u0641\u0631\u062f \u0623\u0648 \u0641\u0648\u0642 \u0623\u062d\u0645\u0631 \u0627\u0644\u0634\u0641\u0627\u0647. [...]","protected":false},"featured_media":22552,"template":"","meta":[],"pwb-brand":[221],"product_brand":[],"product_cat":[1178,1180],"product_tag":[],"class_list":{"0":"post-22550","1":"product","2":"type-product","3":"status-publish","4":"has-post-thumbnail","6":"pwb-brand-sephora","7":"product_cat-lips-plump-makeup","8":"product_cat-lips-gloss-makeup","10":"first","11":"instock","12":"shipping-taxable","13":"purchasable","14":"product-type-variable","15":"has-default-attributes","16":"wvs-archive-product-wrapper"},"brands":[{"id":221,"name":"Sephora","slug":"sephora"}],"_links":{"self":[{"href":"https:\/\/gopinkish.com\/fr\/wp-json\/wp\/v2\/product\/22550","targetHints":{"allow":["GET"]}}],"collection":[{"href":"https:\/\/gopinkish.com\/fr\/wp-json\/wp\/v2\/product"}],"about":[{"href":"https:\/\/gopinkish.com\/fr\/wp-json\/wp\/v2\/types\/product"}],"wp:featuredmedia":[{"embeddable":true,"href":"https:\/\/gopinkish.com\/fr\/wp-json\/wp\/v2\/media\/22552"}],"wp:attachment":[{"href":"https:\/\/gopinkish.com\/fr\/wp-json\/wp\/v2\/media?parent=22550"}],"wp:term":[{"taxonomy":"pwb-brand","embeddable":true,"href":"https:\/\/gopinkish.com\/fr\/wp-json\/wp\/v2\/pwb-brand?post=22550"},{"taxonomy":"product_brand","embeddable":true,"href":"https:\/\/gopinkish.com\/fr\/wp-json\/wp\/v2\/product_brand?post=22550"},{"taxonomy":"product_cat","embeddable":true,"href":"https:\/\/gopinkish.com\/fr\/wp-json\/wp\/v2\/product_cat?post=22550"},{"taxonomy":"product_tag","embeddable":true,"href":"https:\/\/gopinkish.com\/fr\/wp-json\/wp\/v2\/product_tag?post=22550"}],"curies":[{"name":"wp","href":"https:\/\/api.w.org\/{rel}","templated":true}]}}