{"id":22541,"date":"2025-01-01T10:59:36","date_gmt":"2025-01-01T09:59:36","guid":{"rendered":"https:\/\/gopinkish.com\/?post_type=product&#038;p=22541"},"modified":"2026-04-29T20:13:44","modified_gmt":"2026-04-29T19:13:44","slug":"8718951570672","status":"publish","type":"product","link":"https:\/\/gopinkish.com\/fr\/produit\/8718951570672\/","title":{"rendered":"Bain de bouche au fluor et bain de bouche antibact\u00e9rien"},"content":{"rendered":"<p>Le bain de bouche Colgate Blacks Complete Care, con\u00e7u avec la technologie FreshFX, procure une sensation de fra\u00eecheur qui dure 10 fois plus longtemps qu'un simple brossage. Il contient du fluor et combat les bact\u00e9ries.<\/p>","protected":false},"excerpt":{"rendered":"<p>Le bain de bouche Colgate Blacks Complete Care, con\u00e7u avec la technologie FreshFX, procure une sensation de fra\u00eecheur qui dure 10 fois plus longtemps qu'un simple brossage. Il contient du fluor et combat les bact\u00e9ries.<\/p>","protected":false},"featured_media":22543,"template":"","meta":[],"pwb-brand":[705],"product_brand":[],"product_cat":[1133],"product_tag":[],"class_list":{"0":"post-22541","1":"product","2":"type-product","3":"status-publish","4":"has-post-thumbnail","6":"pwb-brand-colgate","7":"product_cat-mouth-wash","9":"first","10":"instock","11":"shipping-taxable","12":"purchasable","13":"product-type-variable","14":"has-default-attributes","15":"wvs-archive-product-wrapper"},"brands":[{"id":705,"name":"Colgate","slug":"colgate"}],"_links":{"self":[{"href":"https:\/\/gopinkish.com\/fr\/wp-json\/wp\/v2\/product\/22541","targetHints":{"allow":["GET"]}}],"collection":[{"href":"https:\/\/gopinkish.com\/fr\/wp-json\/wp\/v2\/product"}],"about":[{"href":"https:\/\/gopinkish.com\/fr\/wp-json\/wp\/v2\/types\/product"}],"wp:featuredmedia":[{"embeddable":true,"href":"https:\/\/gopinkish.com\/fr\/wp-json\/wp\/v2\/media\/22543"}],"wp:attachment":[{"href":"https:\/\/gopinkish.com\/fr\/wp-json\/wp\/v2\/media?parent=22541"}],"wp:term":[{"taxonomy":"pwb-brand","embeddable":true,"href":"https:\/\/gopinkish.com\/fr\/wp-json\/wp\/v2\/pwb-brand?post=22541"},{"taxonomy":"product_brand","embeddable":true,"href":"https:\/\/gopinkish.com\/fr\/wp-json\/wp\/v2\/product_brand?post=22541"},{"taxonomy":"product_cat","embeddable":true,"href":"https:\/\/gopinkish.com\/fr\/wp-json\/wp\/v2\/product_cat?post=22541"},{"taxonomy":"product_tag","embeddable":true,"href":"https:\/\/gopinkish.com\/fr\/wp-json\/wp\/v2\/product_tag?post=22541"}],"curies":[{"name":"wp","href":"https:\/\/api.w.org\/{rel}","templated":true}]}}