{"id":22528,"date":"2025-01-29T10:27:33","date_gmt":"2025-01-29T09:27:33","guid":{"rendered":"https:\/\/gopinkish.com\/?post_type=product&#038;p=22528"},"modified":"2025-08-03T20:53:58","modified_gmt":"2025-08-03T19:53:58","slug":"6977382911061","status":"publish","type":"product","link":"https:\/\/gopinkish.com\/fr\/produit\/6977382911061\/","title":{"rendered":"Primaire stabilisant \u00e0 l'extrait de fruit et aux AHA"},"content":{"rendered":"<p style=\"text-align: justify;\">N'h\u00e9sitez pas \u00e0 appliquer un maquillage de base, car vous n'allez nulle part ! Ce primer sans silicone a une texture gel rafra\u00eechissante qui laisse votre peau douce et hydrat\u00e9e. Formul\u00e9 \u00e0 base d'extraits de fruits et d'acides alpha-hydroxy, ce primer maintient le maquillage en place pendant des heures et convient \u00e0 votre type de peau.<\/p>\n<p dir=\"ltr\" style=\"text-align: center;\">\ud83c\uddec\ud83c\udde7 Sheglam Good Grip Hydrating Primer (Primer hydratant)<br \/>\n\ud83c\uddeb\ud83c\uddf7 Sheglam Base Hydratante Good Grip<\/p>","protected":false},"excerpt":{"rendered":"<p>\u0644\u0627 \u062a\u062a\u0631\u062f\u062f\u064a \u0641\u064a \u0648\u0636\u0639 \u0627\u0644\u0645\u0643\u064a\u0627\u062c \u0627\u0644\u0623\u0633\u0627\u0633\u064a\u060c \u0644\u0623\u0646\u0643 \u0644\u0646 \u062a\u0630\u0647\u0628\u064a \u0625\u0644\u0649 \u0623\u064a \u0645\u0643\u0627\u0646! \u064a\u062a\u0645\u064a\u0632 \u0627\u0644\u0628\u0631\u0627\u064a\u0645\u0631 \u0627\u0644\u062e\u0627\u0644\u064a \u0645\u0646 \u0627\u0644\u0633\u064a\u0644\u064a\u0643\u0648\u0646 \u0628\u0642\u0648\u0627\u0645 \u062c\u0644 \u0645\u0646\u0639\u0634 \u064a\u062c\u0639\u0644 \u0628\u0634\u0631\u062a\u0643 \u0646\u0627\u0639\u0645\u0629 \u0648\u0631\u0637\u0628\u0629. \u062a\u0645 \u062a\u0631\u0643\u064a\u0628\u0647 \u0628\u0645\u0633\u062a\u062e\u0644\u0635 \u0627\u0644\u0641\u0627\u0643\u0647\u0629 \u0648\u0623\u062d\u0645\u0627\u0636 \u0623\u0644\u0641\u0627 \u0647\u064a\u062f\u0631\u0648\u0643\u0633\u064a\u060c \u064a\u062d\u0627\u0641\u0638 \u0647\u0630\u0627 \u0627\u0644\u0628\u0631\u0627\u064a\u0645\u0631 \u0639\u0644\u0649 \u062b\u0628\u0627\u062a \u0627\u0644\u0645\u0643\u064a\u0627\u062c \u0644\u0633\u0627\u0639\u0627\u062a \u0637\u0648\u064a\u0644\u0629 \u0648\u0647\u0648 \u0645\u0646\u0627\u0633\u0628 \u0644\u0628\u0634\u0631\u062a\u0643. \ud83c\uddec\ud83c\udde7 Sheglam Good Grip Hydrating Primer \ud83c\uddeb\ud83c\uddf7 Sheglam Base Hydratante Good Grip<\/p>","protected":false},"featured_media":22529,"template":"","meta":[],"pwb-brand":[709],"product_brand":[],"product_cat":[1174],"product_tag":[],"class_list":{"0":"post-22528","1":"product","2":"type-product","3":"status-publish","4":"has-post-thumbnail","6":"pwb-brand-sheglam","7":"product_cat-base-primer-makeup","9":"first","10":"instock","11":"shipping-taxable","12":"purchasable","13":"product-type-variable","14":"has-default-attributes","15":"wvs-archive-product-wrapper"},"brands":[{"id":709,"name":"Sheglam","slug":"sheglam"}],"_links":{"self":[{"href":"https:\/\/gopinkish.com\/fr\/wp-json\/wp\/v2\/product\/22528","targetHints":{"allow":["GET"]}}],"collection":[{"href":"https:\/\/gopinkish.com\/fr\/wp-json\/wp\/v2\/product"}],"about":[{"href":"https:\/\/gopinkish.com\/fr\/wp-json\/wp\/v2\/types\/product"}],"wp:featuredmedia":[{"embeddable":true,"href":"https:\/\/gopinkish.com\/fr\/wp-json\/wp\/v2\/media\/22529"}],"wp:attachment":[{"href":"https:\/\/gopinkish.com\/fr\/wp-json\/wp\/v2\/media?parent=22528"}],"wp:term":[{"taxonomy":"pwb-brand","embeddable":true,"href":"https:\/\/gopinkish.com\/fr\/wp-json\/wp\/v2\/pwb-brand?post=22528"},{"taxonomy":"product_brand","embeddable":true,"href":"https:\/\/gopinkish.com\/fr\/wp-json\/wp\/v2\/product_brand?post=22528"},{"taxonomy":"product_cat","embeddable":true,"href":"https:\/\/gopinkish.com\/fr\/wp-json\/wp\/v2\/product_cat?post=22528"},{"taxonomy":"product_tag","embeddable":true,"href":"https:\/\/gopinkish.com\/fr\/wp-json\/wp\/v2\/product_tag?post=22528"}],"curies":[{"name":"wp","href":"https:\/\/api.w.org\/{rel}","templated":true}]}}