{"id":22479,"date":"2025-01-29T09:07:41","date_gmt":"2025-01-29T08:07:41","guid":{"rendered":"https:\/\/gopinkish.com\/?post_type=product&#038;p=22479"},"modified":"2025-04-30T18:38:37","modified_gmt":"2025-04-30T17:38:37","slug":"8809968130239","status":"publish","type":"product","link":"https:\/\/gopinkish.com\/fr\/produit\/8809968130239\/","title":{"rendered":"Lait de riz rajeunissant pour une peau \u00e9clatante et hydrat\u00e9e"},"content":{"rendered":"<p style=\"text-align: justify;\">Sous la dynastie Joseon, l'eau de son de riz, connue sous le nom de megamsu, \u00e9tait utilis\u00e9e pour embellir la peau, tout comme le tonique ou l'essence aujourd'hui. Le lait de riz reconstituant modernise cette tradition pour tirer le meilleur parti des soins de la peau. L'extrait de riz riche en nutriments et les acides amin\u00e9s de riz p\u00e9n\u00e8trent en profondeur pour hydrater et adoucir la peau s\u00e8che et rugueuse. Ce tonique pr\u00e9sente une formule unique \u00e0 double couche : Une couche hydratante infus\u00e9e d'extrait de riz pour l'hydratation et une couche poudr\u00e9e pour le contr\u00f4le du s\u00e9bum. Il aide \u00e0 apaiser les peaux sensibles et \u00e0 cr\u00e9er une texture plus lisse, ce qui en fait le choix id\u00e9al pour un teint radieux.<\/p>\n<p style=\"text-align: justify;\"><strong>Hydratation profonde de l'int\u00e9rieur et protection antioxydante : <\/strong>Formul\u00e9 avec de l'extrait de riz et des acides amin\u00e9s de riz, ce tonique renforce les effets antioxydants et hydratants, offrant une hydratation en profondeur qui pr\u00e9vient la s\u00e9cheresse interne et maintient votre peau confortable et hydrat\u00e9e tout au long de la journ\u00e9e.<\/p>\n<p style=\"text-align: justify;\"><strong>Formule rafra\u00eechissante \u00e0 double couche :<\/strong> Sa formule unique \u00e0 double couche comprend une couche hydratante infus\u00e9e d'extrait de riz et une couche poudr\u00e9e pour le contr\u00f4le du s\u00e9bum. Cette combinaison permet d'obtenir un fini non gras et rafra\u00eechissant. La poudre de contr\u00f4le du s\u00e9bum aide \u00e0 absorber le s\u00e9bum et \u00e0 soigner les pores, ce qui en fait un produit utile pour les peaux rouges ou sujettes \u00e0 l'acn\u00e9.<\/p>\n<p style=\"text-align: justify;\"><strong>Un tonique quotidien polyvalent pour toutes les saisons : <\/strong>Adapt\u00e9 aux quatre saisons, ce tonique quotidien associe les propri\u00e9t\u00e9s hydratantes profondes rappelant l'eau d'extrait de ginseng \u00e0 la sensation rafra\u00eechissante d'un tonique \u00e0 la prune verte. Adapt\u00e9 aux diff\u00e9rents types de peau, il r\u00e9pond aux besoins changeants de votre peau tout au long de l'ann\u00e9e.<\/p>\n<p style=\"text-align: justify;\"><strong>Les principaux ingr\u00e9dients :<\/strong><\/p>\n<p style=\"text-align: justify;\">Extrait de riz : Riche en vitamines, min\u00e9raux et antioxydants, l'extrait de riz aide \u00e0 restaurer la sant\u00e9 naturelle de la peau, la rendant claire et \u00e9clatante.<\/p>\n<p style=\"text-align: justify;\">Acide amin\u00e9 de riz : Extrait dans des conditions optimales de cellules et d'ongles de riz, cet ingr\u00e9dient augmente la teneur en acides amin\u00e9s, ce qui favorise les effets antioxydants et hydratants.<\/p>\n<p style=\"text-align: justify;\">Poudre de contr\u00f4le de l'huile : Cet ingr\u00e9dient aide \u00e0 absorber le s\u00e9bum, \u00e0 soigner les pores, \u00e0 affiner la peau et \u00e0 apaiser les peaux sensibles et rougies tout en les gardant hydrat\u00e9es.<\/p>","protected":false},"excerpt":{"rendered":"<p>\u062e\u0644\u0627\u0644 \u0639\u0647\u062f \u0633\u0644\u0627\u0644\u0629 \u062c\u0648\u0633\u0648\u0646\u060c \u0643\u0627\u0646 \u064a\u062a\u0645 \u0627\u0633\u062a\u062e\u062f\u0627\u0645 \u0645\u0627\u0621 \u0646\u062e\u0627\u0644\u0629 \u0627\u0644\u0623\u0631\u0632 \u0627\u0644\u0645\u0639\u0631\u0648\u0641 \u0628\u0627\u0633\u0645 \u0645\u064a\u062c\u0627\u0645\u0633\u0648 \u0644\u062a\u062c\u0645\u064a\u0644 \u0627\u0644\u0628\u0634\u0631\u0629\u060c \u062a\u0645\u0627\u0645\u064b\u0627 \u0645\u062b\u0644 \u0627\u0644\u062a\u0648\u0646\u0631 \u0623\u0648 \u0627\u0644\u062c\u0648\u0647\u0631 \u0627\u0644\u064a\u0648\u0645. \u064a\u0639\u0645\u0644 \u062d\u0644\u064a\u0628 \u0627\u0644\u0623\u0631\u0632 \u0627\u0644\u0645\u062c\u062f\u062f \u0639\u0644\u0649 \u062a\u062d\u062f\u064a\u062b \u0647\u0630\u0627 \u0627\u0644\u062a\u0642\u0644\u064a\u062f \u0644\u062a\u062d\u0642\u064a\u0642 \u0623\u0642\u0635\u0649 \u0627\u0633\u062a\u0641\u0627\u062f\u0629 \u0645\u0646 \u0627\u0644\u0639\u0646\u0627\u064a\u0629 \u0628\u0627\u0644\u0628\u0634\u0631\u0629. \u064a\u062a\u063a\u0644\u063a\u0644 \u0645\u0633\u062a\u062e\u0644\u0635 \u0627\u0644\u0623\u0631\u0632 \u0627\u0644\u063a\u0646\u064a \u0628\u0627\u0644\u0645\u063a\u0630\u064a\u0627\u062a \u0648\u0623\u062d\u0645\u0627\u0636 \u0627\u0644\u0623\u0631\u0632 \u0627\u0644\u0623\u0645\u064a\u0646\u064a\u0629 \u0628\u0639\u0645\u0642 \u0644\u062a\u0631\u0637\u064a\u0628 \u0648\u062a\u0646\u0639\u064a\u0645 \u0627\u0644\u0628\u0634\u0631\u0629 \u0627\u0644\u062c\u0627\u0641\u0629 \u0648\u0627\u0644\u062e\u0634\u0646\u0629. \u064a\u062a\u0645\u064a\u0632 \u0647\u0630\u0627 \u0627\u0644\u062a\u0648\u0646\u0631 \u0628\u062a\u0631\u0643\u064a\u0628\u0629 \u0645\u0632\u062f\u0648\u062c\u0629 \u0627\u0644\u0637\u0628\u0642\u0627\u062a [&hellip;]<\/p>\n","protected":false},"featured_media":22498,"template":"","meta":[],"pwb-brand":[762],"product_brand":[],"product_cat":[1121,1231,1122],"product_tag":[697,763],"class_list":{"0":"post-22479","1":"product","2":"type-product","3":"status-publish","4":"has-post-thumbnail","6":"pwb-brand-beautyofjoseon","7":"product_cat-face-moist","8":"product_cat-daily-face-care","9":"product_cat-face-toner","10":"product_tag-moisturizing","11":"product_tag-763","13":"first","14":"outofstock","15":"shipping-taxable","16":"product-type-variable","17":"has-default-attributes","18":"wvs-archive-product-wrapper"},"brands":[{"id":762,"name":"Beauty of Joseon","slug":"beautyofjoseon"}],"_links":{"self":[{"href":"https:\/\/gopinkish.com\/fr\/wp-json\/wp\/v2\/product\/22479","targetHints":{"allow":["GET"]}}],"collection":[{"href":"https:\/\/gopinkish.com\/fr\/wp-json\/wp\/v2\/product"}],"about":[{"href":"https:\/\/gopinkish.com\/fr\/wp-json\/wp\/v2\/types\/product"}],"wp:featuredmedia":[{"embeddable":true,"href":"https:\/\/gopinkish.com\/fr\/wp-json\/wp\/v2\/media\/22498"}],"wp:attachment":[{"href":"https:\/\/gopinkish.com\/fr\/wp-json\/wp\/v2\/media?parent=22479"}],"wp:term":[{"taxonomy":"pwb-brand","embeddable":true,"href":"https:\/\/gopinkish.com\/fr\/wp-json\/wp\/v2\/pwb-brand?post=22479"},{"taxonomy":"product_brand","embeddable":true,"href":"https:\/\/gopinkish.com\/fr\/wp-json\/wp\/v2\/product_brand?post=22479"},{"taxonomy":"product_cat","embeddable":true,"href":"https:\/\/gopinkish.com\/fr\/wp-json\/wp\/v2\/product_cat?post=22479"},{"taxonomy":"product_tag","embeddable":true,"href":"https:\/\/gopinkish.com\/fr\/wp-json\/wp\/v2\/product_tag?post=22479"}],"curies":[{"name":"wp","href":"https:\/\/api.w.org\/{rel}","templated":true}]}}