{"id":22384,"date":"2024-11-18T03:02:09","date_gmt":"2024-11-18T02:02:09","guid":{"rendered":"https:\/\/gopinkish.com\/?post_type=product&#038;p=22384"},"modified":"2025-09-16T09:03:15","modified_gmt":"2025-09-16T08:03:15","slug":"8901314118264","status":"publish","type":"product","link":"https:\/\/gopinkish.com\/fr\/produit\/8901314118264\/","title":{"rendered":"Brosse \u00e0 dents profil\u00e9e \u00e0 360\u00b0 pour un nettoyage en profondeur (paquet de 3)"},"content":{"rendered":"<p style=\"text-align: justify;\">La brosse \u00e0 dents Colgate 360\u00b0 Surround pr\u00e9sente un design profil\u00e9 unique pour un nettoyage en profondeur et une action douce. Elle \u00e9limine trois fois plus de germes que les brosses \u00e0 dents ordinaires. La brosse est con\u00e7ue pour nettoyer les parties de la bouche que les autres brosses \u00e0 dents plates peuvent manquer.<\/p>\n<p style=\"text-align: justify;\">Des poils sp\u00e9ciaux entourent les dents pour un nettoyage en profondeur des deux c\u00f4t\u00e9s des dents et le long de la ligne gingivale, tandis que le nettoyeur de serpentin et le nettoyeur de joues et de langue nettoient plus que les dents. Le manche ergonomique de la brosse permet une prise en main confortable pendant le brossage. Colgate est la premi\u00e8re marque de brosse \u00e0 dents en Inde, utilis\u00e9e et recommand\u00e9e par les dentistes.<\/p>\n<p dir=\"ltr\" style=\"text-align: center;\">\ud83c\uddec\ud83c\udde7 Brosse \u00e0 dents Colgate 360 Whole Mouth Clean<br \/>\n\ud83c\uddeb\ud83c\uddf7 Brosse \u00e0 Dents Colgate 360 Nettoyage Complet<\/p>","protected":false},"excerpt":{"rendered":"<p>\u062a\u062a\u0645\u064a\u0632 \u0641\u0631\u0634\u0627\u0629 \u0627\u0644\u0623\u0633\u0646\u0627\u0646 \u0643\u0648\u0644\u062c\u064a\u062a 360\u00b0 \u0633\u064a\u0631\u0648\u0646\u062f \u0628\u062a\u0635\u0645\u064a\u0645 \u0645\u062d\u064a\u0637\u064a \u0641\u0631\u064a\u062f \u0645\u0646 \u0646\u0648\u0639\u0647 \u0644\u0644\u062a\u0646\u0638\u064a\u0641 \u0627\u0644\u0639\u0645\u064a\u0642 \u0648\u0627\u0644\u0639\u0645\u0644 \u0627\u0644\u0644\u0637\u064a\u0641. \u062a\u0648\u0641\u0631 \u0625\u0632\u0627\u0644\u0629 \u0644\u0644\u062c\u0631\u0627\u062b\u064a\u0645 3x \u0645\u0642\u0627\u0631\u0646\u0629 \u0628\u0641\u0631\u0634 \u0627\u0644\u0623\u0633\u0646\u0627\u0646 \u0627\u0644\u0639\u0627\u062f\u064a\u0629. \u062a\u0645 \u062a\u0635\u0645\u064a\u0645 \u0627\u0644\u0641\u0631\u0634\u0627\u0629 \u0644\u062a\u0646\u0638\u064a\u0641 \u0623\u062c\u0632\u0627\u0621 \u0645\u0646 \u0627\u0644\u0641\u0645 \u0642\u062f \u062a\u0641\u0648\u062a\u0647\u0627 \u0641\u0631\u0634 \u0627\u0644\u0623\u0633\u0646\u0627\u0646 \u0627\u0644\u0645\u0633\u0637\u062d\u0629 \u0627\u0644\u0623\u062e\u0631\u0649. \u062a\u062d\u064a\u0637 \u0627\u0644\u0634\u0639\u064a\u0631\u0627\u062a \u0627\u0644\u062e\u0627\u0635\u0629 \u0628\u0627\u0644\u0623\u0633\u0646\u0627\u0646 \u0644\u062a\u0648\u0641\u064a\u0631 \u062a\u0646\u0638\u064a\u0641 \u0639\u0645\u064a\u0642 \u0639\u0644\u0649 \u062c\u0627\u0646\u0628\u064a \u0627\u0644\u0623\u0633\u0646\u0627\u0646 \u0648\u0639\u0644\u0649 \u0637\u0648\u0644 \u062e\u0637 \u0627\u0644\u0644\u062b\u0629\u060c \u0628\u064a\u0646\u0645\u0627 \u064a\u0639\u0645\u0644 \u0627\u0644\u0645\u0646\u0638\u0641 \u0627\u0644\u0645\u0644\u0641\u0648\u0641 \u0648\u0645\u0646\u0638\u0641 [&hellip;]<\/p>\n","protected":false},"featured_media":22389,"template":"","meta":[],"pwb-brand":[705],"product_brand":[],"product_cat":[1132],"product_tag":[],"class_list":{"0":"post-22384","1":"product","2":"type-product","3":"status-publish","4":"has-post-thumbnail","6":"pwb-brand-colgate","7":"product_cat-tooth-brush","9":"first","10":"instock","11":"shipping-taxable","12":"purchasable","13":"product-type-variable","14":"has-default-attributes","15":"wvs-archive-product-wrapper"},"brands":[{"id":705,"name":"Colgate","slug":"colgate"}],"_links":{"self":[{"href":"https:\/\/gopinkish.com\/fr\/wp-json\/wp\/v2\/product\/22384","targetHints":{"allow":["GET"]}}],"collection":[{"href":"https:\/\/gopinkish.com\/fr\/wp-json\/wp\/v2\/product"}],"about":[{"href":"https:\/\/gopinkish.com\/fr\/wp-json\/wp\/v2\/types\/product"}],"wp:featuredmedia":[{"embeddable":true,"href":"https:\/\/gopinkish.com\/fr\/wp-json\/wp\/v2\/media\/22389"}],"wp:attachment":[{"href":"https:\/\/gopinkish.com\/fr\/wp-json\/wp\/v2\/media?parent=22384"}],"wp:term":[{"taxonomy":"pwb-brand","embeddable":true,"href":"https:\/\/gopinkish.com\/fr\/wp-json\/wp\/v2\/pwb-brand?post=22384"},{"taxonomy":"product_brand","embeddable":true,"href":"https:\/\/gopinkish.com\/fr\/wp-json\/wp\/v2\/product_brand?post=22384"},{"taxonomy":"product_cat","embeddable":true,"href":"https:\/\/gopinkish.com\/fr\/wp-json\/wp\/v2\/product_cat?post=22384"},{"taxonomy":"product_tag","embeddable":true,"href":"https:\/\/gopinkish.com\/fr\/wp-json\/wp\/v2\/product_tag?post=22384"}],"curies":[{"name":"wp","href":"https:\/\/api.w.org\/{rel}","templated":true}]}}