{"id":22265,"date":"2025-01-11T19:52:00","date_gmt":"2025-01-11T18:52:00","guid":{"rendered":"https:\/\/gopinkish.com\/?post_type=product&#038;p=22265"},"modified":"2026-03-05T14:21:01","modified_gmt":"2026-03-05T13:21:01","slug":"8809640734427","status":"publish","type":"product","link":"https:\/\/gopinkish.com\/fr\/produit\/8809640734427\/","title":{"rendered":"Mousse nettoyante pour un nettoyage en profondeur des pores"},"content":{"rendered":"<p style=\"text-align: justify;\">Mousse nettoyante \u00e0 l'extrait de feuille de c\u0153ur, con\u00e7ue pour nettoyer les pores en profondeur et exfolier en douceur les cellules mortes de la peau.<\/p>\n<p style=\"text-align: justify;\"><strong>Type de peau :<\/strong> Huileux, Mixte<\/p>\n<p style=\"text-align: justify;\"><strong>Avantages :<\/strong> Nettoyage en profondeur des pores, exfoliation en douceur, finition fra\u00eeche et hydratante<\/p>\n<p style=\"text-align: justify;\"><strong>La texture :<\/strong> Mousse l\u00e9g\u00e8re<\/p>\n<p style=\"text-align: justify;\"><strong>R\u00e9sultats des tests :<\/strong> 99,5% nettoyage des pores apr\u00e8s la premi\u00e8re utilisation<\/p>\n<p dir=\"ltr\" style=\"text-align: center;\">\ud83c\uddec\ud83c\udde7 Anua Heartletle Quercetinol Pore Deep Cleansing Foam (mousse nettoyante en profondeur pour les pores)<br \/>\n\ud83c\uddeb\ud83c\uddf7 Mousse Nettoyante Anua Heartle Quercetinol Pores Profonds<\/p>","protected":false},"excerpt":{"rendered":"<p>\u0631\u063a\u0648\u0629 \u062a\u0646\u0638\u064a\u0641 \u0645\u0643\u0648\u0646\u0629 \u0645\u0646 \u0645\u0633\u062a\u062e\u0644\u0635 \u0623\u0648\u0631\u0627\u0642 \u0627\u0644\u0642\u0644\u0628\u060c \u0645\u0635\u0645\u0645\u0629 \u0644\u062a\u0648\u0641\u064a\u0631 \u062a\u0646\u0638\u064a\u0641 \u0639\u0645\u064a\u0642 \u0644\u0644\u0645\u0633\u0627\u0645 \u0648\u062a\u0642\u0634\u064a\u0631 \u062e\u0644\u0627\u064a\u0627 \u0627\u0644\u062c\u0644\u062f \u0627\u0644\u0645\u064a\u062a\u0629 \u0628\u0644\u0637\u0641. \u0646\u0648\u0639 \u0627\u0644\u0628\u0634\u0631\u0629: \u062f\u0647\u0646\u064a\u0629\u060c \u0645\u062e\u062a\u0644\u0637\u0629 \u0627\u0644\u0641\u0648\u0627\u0626\u062f: \u062a\u0646\u0638\u064a\u0641 \u0639\u0645\u064a\u0642 \u0644\u0644\u0645\u0633\u0627\u0645\u060c \u062a\u0642\u0634\u064a\u0631 \u0644\u0637\u064a\u0641\u060c \u0644\u0645\u0633\u0629 \u0646\u0647\u0627\u0626\u064a\u0629 \u0645\u0646\u0639\u0634\u0629 \u0648\u0645\u0631\u0637\u0628\u0629 \u0627\u0644\u0645\u0644\u0645\u0633: \u0631\u063a\u0648\u0629 \u062e\u0641\u064a\u0641\u0629 \u0646\u062a\u0627\u0626\u062c \u0627\u0644\u0627\u062e\u062a\u0628\u0627\u0631: \u062a\u0646\u0638\u064a\u0641 \u0627\u0644\u0645\u0633\u0627\u0645 \u0628\u0646\u0633\u0628\u0629 99.5% \u0628\u0639\u062f \u0627\u0644\u0627\u0633\u062a\u062e\u062f\u0627\u0645 \u0627\u0644\u0623\u0648\u0644 \ud83c\uddec\ud83c\udde7 Anua Heartleaf Quercetinol Pore Deep Cleansing Foam \ud83c\uddeb\ud83c\uddf7 Mousse Nettoyante Anua [&hellip;]<\/p>\n","protected":false},"featured_media":22266,"template":"","meta":[],"pwb-brand":[1244],"product_brand":[],"product_cat":[1231,1120,1119],"product_tag":[673,689,695,699,763],"class_list":{"0":"post-22265","1":"product","2":"type-product","3":"status-publish","4":"has-post-thumbnail","6":"pwb-brand-anua","7":"product_cat-daily-face-care","8":"product_cat-face-exfo","9":"product_cat-face-wash","10":"product_tag-pores","11":"product_tag-oily","12":"product_tag-mixedskin","13":"product_tag-exfoliator","14":"product_tag-763","16":"first","17":"outofstock","18":"shipping-taxable","19":"product-type-variable","20":"has-default-attributes","21":"wvs-archive-product-wrapper"},"brands":[{"id":1244,"name":"Anua","slug":"anua"}],"_links":{"self":[{"href":"https:\/\/gopinkish.com\/fr\/wp-json\/wp\/v2\/product\/22265","targetHints":{"allow":["GET"]}}],"collection":[{"href":"https:\/\/gopinkish.com\/fr\/wp-json\/wp\/v2\/product"}],"about":[{"href":"https:\/\/gopinkish.com\/fr\/wp-json\/wp\/v2\/types\/product"}],"wp:featuredmedia":[{"embeddable":true,"href":"https:\/\/gopinkish.com\/fr\/wp-json\/wp\/v2\/media\/22266"}],"wp:attachment":[{"href":"https:\/\/gopinkish.com\/fr\/wp-json\/wp\/v2\/media?parent=22265"}],"wp:term":[{"taxonomy":"pwb-brand","embeddable":true,"href":"https:\/\/gopinkish.com\/fr\/wp-json\/wp\/v2\/pwb-brand?post=22265"},{"taxonomy":"product_brand","embeddable":true,"href":"https:\/\/gopinkish.com\/fr\/wp-json\/wp\/v2\/product_brand?post=22265"},{"taxonomy":"product_cat","embeddable":true,"href":"https:\/\/gopinkish.com\/fr\/wp-json\/wp\/v2\/product_cat?post=22265"},{"taxonomy":"product_tag","embeddable":true,"href":"https:\/\/gopinkish.com\/fr\/wp-json\/wp\/v2\/product_tag?post=22265"}],"curies":[{"name":"wp","href":"https:\/\/api.w.org\/{rel}","templated":true}]}}