{"id":22259,"date":"2025-01-11T19:12:46","date_gmt":"2025-01-11T18:12:46","guid":{"rendered":"https:\/\/gopinkish.com\/?post_type=product&#038;p=22259"},"modified":"2025-08-04T05:26:42","modified_gmt":"2025-08-04T04:26:42","slug":"769915233520","status":"publish","type":"product","link":"https:\/\/gopinkish.com\/fr\/produit\/769915233520\/","title":{"rendered":"S\u00e9rum exfoliant pour le corps pour les peaux sujettes aux imperfections"},"content":{"rendered":"<p style=\"text-align: justify;\">Un s\u00e9rum exfoliant pour le corps destin\u00e9 aux peaux sujettes aux imperfections afin de minimiser l'apparence des pores, de lisser les irr\u00e9gularit\u00e9s de la texture et d'\u00e9quilibrer l'apparence des couleurs in\u00e9gales.<\/p>\n<p style=\"text-align: justify;\">Le s\u00e9rum corporel \u00e0 l'acide salicylique 0,5% est con\u00e7u pour les peaux sujettes aux taches afin de cibler les irr\u00e9gularit\u00e9s structurelles pour une peau plus claire et plus lisse. La formule fournit une exfoliation au niveau de la surface gr\u00e2ce \u00e0 l'inclusion de l'acide salicylique 0.5%, qui aide \u00e0 encourager l'\u00e9limination naturelle des peaux mortes. Les avantages de l'acide salicylique pour la peau incluent sa nature lipophile, ce qui signifie qu'il peut exfolier pour aider \u00e0 nettoyer la peau de la salet\u00e9 et des d\u00e9bris qui peuvent obstruer les pores, aidant ainsi \u00e0 minimiser l'apparence de la congestion des pores.<\/p>\n<p style=\"text-align: justify;\">Ce s\u00e9rum corporel \u00e0 l'acide salicylique a \u00e9t\u00e9 sp\u00e9cialement test\u00e9 pour une utilisation sur le corps. Il est dot\u00e9 d'un embout applicateur qui permet de distribuer la formule avec pr\u00e9cision pour cibler les zones sp\u00e9cifiques sujettes aux taches.<\/p>\n<p style=\"text-align: justify;\">Les tests montrent que :<br \/>\n- Aide \u00e0 assainir l'apparence de la peau du corps sujette aux imperfections en 4 semaines<br \/>\n- Exfolie pour aider \u00e0 nettoyer la peau de la salet\u00e9 et des d\u00e9bris qui peuvent obstruer les pores.<br \/>\n- Minimise l'apparition d'irr\u00e9gularit\u00e9s tactiles<br \/>\n- Lisse l'apparence de la texture de la peau sujette aux imperfections<\/p>\n<p style=\"text-align: justify;\"><strong>Convient \u00e0 tous les types de peau<\/strong><\/p>\n<p dir=\"ltr\" style=\"text-align: center;\">\ud83c\uddec\ud83c\udde7 The Ordinary Acide salicylique 0.5% S\u00e9rum pour le corps<br \/>\n\ud83c\uddeb\ud83c\uddf7 S\u00e9rum Corporel \u00e0 l'Acide Salicylique 0,5 % The Ordinary<\/p>","protected":false},"excerpt":{"rendered":"<p>\u0645\u0635\u0644 \u0645\u0642\u0634\u0631 \u0644\u0644\u062c\u0633\u0645 \u0644\u0644\u0628\u0634\u0631\u0629 \u0627\u0644\u0645\u0639\u0631\u0636\u0629 \u0644\u0644\u0634\u0648\u0627\u0626\u0628 \u0644\u0644\u0645\u0633\u0627\u0639\u062f\u0629 \u0641\u064a \u062a\u0642\u0644\u064a\u0644 \u0638\u0647\u0648\u0631 \u0627\u0644\u0645\u0633\u0627\u0645 \u0648\u062a\u0646\u0639\u064a\u0645 \u0627\u0644\u0645\u0644\u0645\u0633 \u063a\u064a\u0631 \u0627\u0644\u0645\u062a\u0633\u0627\u0648\u064a \u0648\u0645\u0648\u0627\u0632\u0646\u0629 \u0645\u0638\u0647\u0631 \u0627\u0644\u0644\u0648\u0646 \u063a\u064a\u0631 \u0627\u0644\u0645\u062a\u0633\u0627\u0648\u064a. \u062a\u0645 \u062a\u0635\u0645\u064a\u0645 \u0645\u0635\u0644 \u0627\u0644\u062c\u0633\u0645 \u0628\u062d\u0645\u0636 \u0627\u0644\u0633\u0627\u0644\u064a\u0633\u064a\u0644\u064a\u0643 \u0628\u0646\u0633\u0628\u0629 0.5% \u0644\u0644\u0628\u0634\u0631\u0629 \u0627\u0644\u0645\u0639\u0631\u0636\u0629 \u0644\u0644\u0628\u0642\u0639 \u0644\u0627\u0633\u062a\u0647\u062f\u0627\u0641 \u0627\u0644\u0645\u062e\u0627\u0644\u0641\u0627\u062a \u0627\u0644\u0628\u0646\u064a\u0648\u064a\u0629 \u0644\u0644\u062d\u0635\u0648\u0644 \u0639\u0644\u0649 \u0628\u0634\u0631\u0629 \u0623\u0643\u062b\u0631 \u0648\u0636\u0648\u062d\u064b\u0627 \u0648\u0646\u0639\u0648\u0645\u0629. \u062a\u0648\u0641\u0631 \u0627\u0644\u062a\u0631\u0643\u064a\u0628\u0629 \u062a\u0642\u0634\u064a\u0631\u064b\u0627 \u0639\u0644\u0649 \u0645\u0633\u062a\u0648\u0649 \u0627\u0644\u0633\u0637\u062d \u0645\u0646 \u062e\u0644\u0627\u0644 \u062a\u0636\u0645\u064a\u0646 \u062d\u0645\u0636 \u0627\u0644\u0633\u0627\u0644\u064a\u0633\u064a\u0644\u064a\u0643 \u0628\u0646\u0633\u0628\u0629 0.5%\u060c \u0645\u0645\u0627 \u064a\u0633\u0627\u0639\u062f [&hellip;]<\/p>\n","protected":false},"featured_media":22263,"template":"","meta":[],"pwb-brand":[241],"product_brand":[],"product_cat":[1136],"product_tag":[699,683],"class_list":{"0":"post-22259","1":"product","2":"type-product","3":"status-publish","4":"has-post-thumbnail","6":"pwb-brand-the_ordinary","7":"product_cat-body-exfo","8":"product_tag-exfoliator","9":"product_tag-acne","11":"first","12":"instock","13":"shipping-taxable","14":"purchasable","15":"product-type-variable","16":"has-default-attributes","17":"wvs-archive-product-wrapper"},"brands":[{"id":241,"name":"The Ordinary","slug":"lordinaire"}],"_links":{"self":[{"href":"https:\/\/gopinkish.com\/fr\/wp-json\/wp\/v2\/product\/22259","targetHints":{"allow":["GET"]}}],"collection":[{"href":"https:\/\/gopinkish.com\/fr\/wp-json\/wp\/v2\/product"}],"about":[{"href":"https:\/\/gopinkish.com\/fr\/wp-json\/wp\/v2\/types\/product"}],"wp:featuredmedia":[{"embeddable":true,"href":"https:\/\/gopinkish.com\/fr\/wp-json\/wp\/v2\/media\/22263"}],"wp:attachment":[{"href":"https:\/\/gopinkish.com\/fr\/wp-json\/wp\/v2\/media?parent=22259"}],"wp:term":[{"taxonomy":"pwb-brand","embeddable":true,"href":"https:\/\/gopinkish.com\/fr\/wp-json\/wp\/v2\/pwb-brand?post=22259"},{"taxonomy":"product_brand","embeddable":true,"href":"https:\/\/gopinkish.com\/fr\/wp-json\/wp\/v2\/product_brand?post=22259"},{"taxonomy":"product_cat","embeddable":true,"href":"https:\/\/gopinkish.com\/fr\/wp-json\/wp\/v2\/product_cat?post=22259"},{"taxonomy":"product_tag","embeddable":true,"href":"https:\/\/gopinkish.com\/fr\/wp-json\/wp\/v2\/product_tag?post=22259"}],"curies":[{"name":"wp","href":"https:\/\/api.w.org\/{rel}","templated":true}]}}