{"id":22033,"date":"2025-01-04T01:55:23","date_gmt":"2025-01-04T00:55:23","guid":{"rendered":"https:\/\/gopinkish.com\/?post_type=product&#038;p=22033"},"modified":"2026-04-06T13:32:09","modified_gmt":"2026-04-06T12:32:09","slug":"609332816831","status":"publish","type":"product","link":"https:\/\/gopinkish.com\/fr\/produit\/609332816831\/","title":{"rendered":"Rouge \u00e0 l\u00e8vres l\u00e9ger et longue tenue"},"content":{"rendered":"<p style=\"text-align: justify;\">Vos l\u00e8vres en valent la peine : Une couleur riche et durable, une brillance flatteuse et une tenue confortable. Cette teinture pour les l\u00e8vres, l\u00e9g\u00e8re et durable, apporte une touche de couleur et de brillance en un seul passage (plus satur\u00e9e qu'un baume \u00e0 l\u00e8vres, moins pigment\u00e9e qu'un rouge \u00e0 l\u00e8vres). La formule longue dur\u00e9e et modulable est r\u00e9sistante au transfert et laisse les l\u00e8vres fra\u00eeches.<\/p>\n<p style=\"text-align: justify;\">Un rouge \u00e0 l\u00e8vres longue dur\u00e9e qui donne aux l\u00e8vres une couleur brillante et l\u00e9g\u00e8re.<\/p>\n<p style=\"text-align: justify;\"><strong>Caract\u00e9ristiques :<br \/>\n<\/strong>- Un rouge \u00e0 l\u00e8vres longue dur\u00e9e avec un fini unique, de la brillance au pigment.<br \/>\n- Application d'une seule touche<br \/>\n- Formule confortable, longue dur\u00e9e et r\u00e9sistante au transfert<br \/>\n- Couleur transparente avec un soup\u00e7on de brillance<\/p>\n<p dir=\"ltr\" style=\"text-align: center;\">\ud83c\uddec\ud83c\udde7 e.l.f. Vernis \u00e0 l\u00e8vres brillant<br \/>\n\ud83c\uddeb\ud83c\uddf7 Encre \u00e0 L\u00e8vres Brillante e.l.f.<\/p>","protected":false},"excerpt":{"rendered":"<p>\u0634\u0641\u0627\u0647\u0643 \u062a\u0633\u062a\u062d\u0642 \u0643\u0644 \u0647\u0630\u0627: \u0644\u0648\u0646 \u063a\u0646\u064a \u064a\u0628\u0642\u0649 \u062b\u0627\u0628\u062a\u064b\u0627\u060c \u0648\u0644\u0645\u0639\u0627\u0646\u064b\u0627 \u062c\u0630\u0627\u0628\u064b\u0627\u060c \u0648\u0627\u0631\u062a\u062f\u0627\u0621 \u0645\u0631\u064a\u062d. \u062a\u0645\u0646\u062d \u0635\u0628\u063a\u0629 \u0627\u0644\u0634\u0641\u0627\u0647 \u0627\u0644\u062e\u0641\u064a\u0641\u0629 \u0627\u0644\u0648\u0632\u0646 \u0648\u0637\u0648\u064a\u0644\u0629 \u0627\u0644\u0623\u0645\u062f \u0644\u0645\u0633\u0629 \u0634\u0641\u0627\u0641\u0629 \u0645\u0646 \u0627\u0644\u0644\u0648\u0646 \u0648\u0627\u0644\u0644\u0645\u0639\u0627\u0646 \u0628\u0644\u0645\u0633\u0629 \u0648\u0627\u062d\u062f\u0629 (\u0641\u0643\u0631\u064a: \u0623\u0643\u062b\u0631 \u062a\u0634\u0628\u0639\u064b\u0627 \u0645\u0646 \u0628\u0644\u0633\u0645 \u0627\u0644\u0634\u0641\u0627\u0647\u060c \u0648\u0623\u0642\u0644 \u062a\u0635\u0628\u063a\u064b\u0627 \u0645\u0646 \u0623\u062d\u0645\u0631 \u0627\u0644\u0634\u0641\u0627\u0647). \u0627\u0644\u062a\u0631\u0643\u064a\u0628\u0629 \u0637\u0648\u064a\u0644\u0629 \u0627\u0644\u0623\u0645\u062f \u0648\u0627\u0644\u0642\u0627\u0628\u0644\u0629 \u0644\u0644\u0628\u0646\u0627\u0621 \u0645\u0642\u0627\u0648\u0645\u0629 \u0644\u0644\u0627\u0646\u062a\u0642\u0627\u0644 \u0648\u062a\u062a\u0631\u0643 \u0627\u0644\u0634\u0641\u0627\u0647 \u062a\u0628\u062f\u0648 \u0648\u062a\u0634\u0639\u0631 \u0628\u0627\u0644\u0627\u0646\u062a\u0639\u0627\u0634. \u0635\u0628\u063a\u0629 \u0634\u0641\u0627\u0647 \u062a\u062f\u0648\u0645 \u0637\u0648\u064a\u0644\u0627\u064b \u062a\u0645\u0646\u062d \u0627\u0644\u0634\u0641\u0627\u0647 [&hellip;]<\/p>\n","protected":false},"featured_media":22044,"template":"","meta":[],"pwb-brand":[1063],"product_brand":[],"product_cat":[1180],"product_tag":[],"class_list":{"0":"post-22033","1":"product","2":"type-product","3":"status-publish","4":"has-post-thumbnail","6":"pwb-brand-elf","7":"product_cat-lips-gloss-makeup","9":"first","10":"instock","11":"shipping-taxable","12":"purchasable","13":"product-type-variable","14":"has-default-attributes","15":"wvs-archive-product-wrapper"},"brands":[{"id":1063,"name":"e.l.f.","slug":"elfe"}],"_links":{"self":[{"href":"https:\/\/gopinkish.com\/fr\/wp-json\/wp\/v2\/product\/22033","targetHints":{"allow":["GET"]}}],"collection":[{"href":"https:\/\/gopinkish.com\/fr\/wp-json\/wp\/v2\/product"}],"about":[{"href":"https:\/\/gopinkish.com\/fr\/wp-json\/wp\/v2\/types\/product"}],"wp:featuredmedia":[{"embeddable":true,"href":"https:\/\/gopinkish.com\/fr\/wp-json\/wp\/v2\/media\/22044"}],"wp:attachment":[{"href":"https:\/\/gopinkish.com\/fr\/wp-json\/wp\/v2\/media?parent=22033"}],"wp:term":[{"taxonomy":"pwb-brand","embeddable":true,"href":"https:\/\/gopinkish.com\/fr\/wp-json\/wp\/v2\/pwb-brand?post=22033"},{"taxonomy":"product_brand","embeddable":true,"href":"https:\/\/gopinkish.com\/fr\/wp-json\/wp\/v2\/product_brand?post=22033"},{"taxonomy":"product_cat","embeddable":true,"href":"https:\/\/gopinkish.com\/fr\/wp-json\/wp\/v2\/product_cat?post=22033"},{"taxonomy":"product_tag","embeddable":true,"href":"https:\/\/gopinkish.com\/fr\/wp-json\/wp\/v2\/product_tag?post=22033"}],"curies":[{"name":"wp","href":"https:\/\/api.w.org\/{rel}","templated":true}]}}