{"id":22012,"date":"2025-01-03T23:39:29","date_gmt":"2025-01-03T22:39:29","guid":{"rendered":"https:\/\/gopinkish.com\/?post_type=product&#038;p=22012"},"modified":"2025-05-03T04:03:08","modified_gmt":"2025-05-03T03:03:08","slug":"609332834774","status":"publish","type":"product","link":"https:\/\/gopinkish.com\/fr\/produit\/609332834774\/","title":{"rendered":"Gommage au sucre lissant et hydratant pour les l\u00e8vres"},"content":{"rendered":"<p style=\"text-align: justify;\">Bonjour, l\u00e8vres en sucre ! Nous avons rendu notre gommage au sucre nourrissant pour les l\u00e8vres encore plus doux avec un nouvel emballage, une formule am\u00e9lior\u00e9e et de nouveaux parfums d\u00e9licieux ! Parfait pour pr\u00e9parer vos l\u00e8vres, ce gommage les d\u00e9barrasse des peaux s\u00e8ches et mortes et les impr\u00e8gne d'huiles pour leur donner une texture lisse et agr\u00e9able \u00e0 embrasser. Avec des l\u00e8vres exfoli\u00e9es, votre rouge \u00e0 l\u00e8vres glissera facilement, para\u00eetra plus lisse et durera plus longtemps.<\/p>\n<p style=\"text-align: justify;\">Le populaire gommage au sucre pour les l\u00e8vres qui \u00e9limine en douceur les peaux s\u00e8ches et mortes - maintenant dans une nouvelle formule et un nouvel emballage am\u00e9lior\u00e9s pour des l\u00e8vres plus lisses et plus douces.<\/p>\n<p style=\"text-align: justify;\"><strong>Caract\u00e9ristiques :<\/strong><\/p>\n<p style=\"text-align: justify;\">Formule et emballage nouveaux et am\u00e9lior\u00e9s pour des l\u00e8vres plus lisses<br \/>\nAdoucit et hydrate les l\u00e8vres<br \/>\nInfus\u00e9 d'huiles nourrissantes pour aider \u00e0 hydrater vos l\u00e8vres<br \/>\nDisponible en sept d\u00e9licieux parfums<\/p>\n<p style=\"text-align: justify;\"><strong>Les principaux ingr\u00e9dients :<\/strong><br \/>\nSucre - adoucit les l\u00e8vres<br \/>\nVitamine E - hydrate et nourrit les l\u00e8vres<br \/>\nHuile de jojoba<br \/>\nBeurre de karit\u00e9<br \/>\nHuile d'avocat<\/p>","protected":false},"excerpt":{"rendered":"<p>\u0645\u0631\u062d\u0628\u064b\u0627\u060c \u0634\u0641\u0627\u0647 \u0627\u0644\u0633\u0643\u0631: \u0644\u0642\u062f \u062c\u0639\u0644\u0646\u0627 \u0645\u0642\u0634\u0631 \u0627\u0644\u0634\u0641\u0627\u0647 \u0627\u0644\u0645\u063a\u0630\u064a \u0628\u0627\u0644\u0633\u0643\u0631 \u0623\u0643\u062b\u0631 \u062d\u0644\u0627\u0648\u0629 \u0628\u0639\u0628\u0648\u0629 \u062c\u062f\u064a\u062f\u0629 \u0648\u062a\u0631\u0643\u064a\u0628\u0629 \u0645\u062d\u0633\u0646\u0629 \u0648\u0631\u0648\u0627\u0626\u062d \u062c\u062f\u064a\u062f\u0629 \u0644\u0630\u064a\u0630\u0629! \u0627\u0644\u0637\u0631\u064a\u0642\u0629 \u0627\u0644\u0645\u062b\u0627\u0644\u064a\u0629 \u0644\u062a\u062d\u0636\u064a\u0631 \u0634\u0641\u062a\u064a\u0643\u060c \u064a\u0632\u064a\u0644 \u0645\u0642\u0634\u0631 \u0627\u0644\u0634\u0641\u0627\u0647 \u0647\u0630\u0627 \u0627\u0644\u062c\u0644\u062f \u0627\u0644\u062c\u0627\u0641 \u0648\u0627\u0644\u0645\u064a\u062a \u0645\u0646 \u0634\u0641\u062a\u064a\u0643 \u0648\u064a\u063a\u0645\u0631\u0647\u0645\u0627 \u0628\u0627\u0644\u0632\u064a\u0648\u062a \u0644\u0644\u062d\u0635\u0648\u0644 \u0639\u0644\u0649 \u0645\u0644\u0645\u0633 \u0646\u0627\u0639\u0645 \u0648\u0642\u0627\u0628\u0644 \u0644\u0644\u062a\u0642\u0628\u064a\u0644. \u0645\u0639 \u0627\u0644\u0634\u0641\u0627\u0647 \u0627\u0644\u0645\u0642\u0634\u0631\u0629\u060c \u0633\u064a\u0646\u0632\u0644\u0642 \u0623\u062d\u0645\u0631 \u0627\u0644\u0634\u0641\u0627\u0647 \u0628\u0633\u0647\u0648\u0644\u0629 \u0648\u064a\u0628\u062f\u0648 \u0623\u0643\u062b\u0631 \u0646\u0639\u0648\u0645\u0629 \u0648\u064a\u0628\u0642\u0649 \u0644\u0641\u062a\u0631\u0629 \u0623\u0637\u0648\u0644. \u0645\u0642\u0634\u0631 \u0627\u0644\u0634\u0641\u0627\u0647 \u0627\u0644\u0634\u0647\u064a\u0631 [&hellip;]<\/p>\n","protected":false},"featured_media":22022,"template":"","meta":[],"pwb-brand":[1063],"product_brand":[],"product_cat":[1177],"product_tag":[],"class_list":{"0":"post-22012","1":"product","2":"type-product","3":"status-publish","4":"has-post-thumbnail","6":"pwb-brand-elf","7":"product_cat-lips-balm-makeup","9":"first","10":"instock","11":"shipping-taxable","12":"purchasable","13":"product-type-variable","14":"has-default-attributes","15":"wvs-archive-product-wrapper"},"brands":[{"id":1063,"name":"e.l.f.","slug":"elfe"}],"_links":{"self":[{"href":"https:\/\/gopinkish.com\/fr\/wp-json\/wp\/v2\/product\/22012","targetHints":{"allow":["GET"]}}],"collection":[{"href":"https:\/\/gopinkish.com\/fr\/wp-json\/wp\/v2\/product"}],"about":[{"href":"https:\/\/gopinkish.com\/fr\/wp-json\/wp\/v2\/types\/product"}],"wp:featuredmedia":[{"embeddable":true,"href":"https:\/\/gopinkish.com\/fr\/wp-json\/wp\/v2\/media\/22022"}],"wp:attachment":[{"href":"https:\/\/gopinkish.com\/fr\/wp-json\/wp\/v2\/media?parent=22012"}],"wp:term":[{"taxonomy":"pwb-brand","embeddable":true,"href":"https:\/\/gopinkish.com\/fr\/wp-json\/wp\/v2\/pwb-brand?post=22012"},{"taxonomy":"product_brand","embeddable":true,"href":"https:\/\/gopinkish.com\/fr\/wp-json\/wp\/v2\/product_brand?post=22012"},{"taxonomy":"product_cat","embeddable":true,"href":"https:\/\/gopinkish.com\/fr\/wp-json\/wp\/v2\/product_cat?post=22012"},{"taxonomy":"product_tag","embeddable":true,"href":"https:\/\/gopinkish.com\/fr\/wp-json\/wp\/v2\/product_tag?post=22012"}],"curies":[{"name":"wp","href":"https:\/\/api.w.org\/{rel}","templated":true}]}}