{"id":22004,"date":"2025-07-31T01:52:39","date_gmt":"2025-07-31T00:52:39","guid":{"rendered":"https:\/\/gopinkish.com\/?post_type=product&#038;p=22004"},"modified":"2026-04-23T19:44:36","modified_gmt":"2026-04-23T18:44:36","slug":"609332820043","status":"publish","type":"product","link":"https:\/\/gopinkish.com\/fr\/produit\/609332820043\/","title":{"rendered":"Huile \u00e0 l\u00e8vres nourrissante et hydratante aux couleurs magnifiques"},"content":{"rendered":"<p style=\"text-align: justify;\">Trempez vos l\u00e8vres dans une couche transparente de couleur ultra-brillante gr\u00e2ce \u00e0 cette huile \u00e0 l\u00e8vres teint\u00e9e rafra\u00eechissante. L'applicateur ultra-doux offre une formule confortable et non collante, enrichie d'huiles nourrissantes et d'un parfum de menthe rafra\u00eechissant.<\/p>\n<p style=\"text-align: justify;\">Une huile \u00e0 l\u00e8vres rose super brillante qui nourrit, hydrate et rehausse la couleur naturelle de vos l\u00e8vres !<\/p>\n<p style=\"text-align: justify;\"><strong>Caract\u00e9ristiques :<\/strong><\/p>\n<p style=\"text-align: justify;\">- Huile \u00e0 l\u00e8vres hydratante et non collante avec un fini ultra-brillant.<br \/>\n- Un distributeur surdimensionn\u00e9, doux et \u00e9pousant les l\u00e8vres<br \/>\n- Infus\u00e9 d'ingr\u00e9dients aimant les l\u00e8vres pour les nourrir<br \/>\n- Couleur transparente<br \/>\n- Parfum frais de menthe<br \/>\n- Peut \u00eatre port\u00e9 seul ou sur le rouge \u00e0 l\u00e8vres<\/p>\n<p style=\"text-align: justify;\"><strong>Ingr\u00e9dients :<\/strong><\/p>\n<p style=\"text-align: justify;\">Squalane<br \/>\nHuile d'abricot<br \/>\nHuile d'avocat<br \/>\nHuile de jojoba<br \/>\nHuile de grenade<\/p>\n<p dir=\"ltr\" style=\"text-align: center;\">\ud83c\uddec\ud83c\udde7 e.l.f. Huile \u00e0 l\u00e8vres teint\u00e9e Glow Reviver - Nourrissante, fini ultra-brillant<br \/>\n\ud83c\uddeb\ud83c\uddf7 Huile \u00e0 L\u00e8vres Teint\u00e9e e.l.f. Glow Reviver - Nourrissante, Fini Ultra-Brillant<\/p>","protected":false},"excerpt":{"rendered":"<p>\u0627\u063a\u0645\u0631\u064a \u0634\u0641\u062a\u064a\u0643 \u0628\u0637\u0628\u0642\u0629 \u0634\u0641\u0627\u0641\u0629 \u0645\u0646 \u0627\u0644\u0644\u0648\u0646 \u0634\u062f\u064a\u062f \u0627\u0644\u0644\u0645\u0639\u0627\u0646 \u0645\u0639 \u0632\u064a\u062a \u0627\u0644\u0634\u0641\u0627\u0647 \u0627\u0644\u0645\u0644\u0648\u0646 \u0627\u0644\u0645\u0646\u0639\u0634 \u0647\u0630\u0627. \u062a\u0645\u0646\u062d\u0643 \u0623\u062f\u0627\u0629 \u0627\u0644\u062a\u0637\u0628\u064a\u0642 \u0641\u0627\u0626\u0642\u0629 \u0627\u0644\u0646\u0639\u0648\u0645\u0629 \u062a\u0631\u0643\u064a\u0628\u0629 \u0645\u0631\u064a\u062d\u0629 \u0648\u063a\u064a\u0631 \u0644\u0632\u062c\u0629 \u063a\u0646\u064a\u0629 \u0628\u0627\u0644\u0632\u064a\u0648\u062a \u0627\u0644\u0645\u063a\u0630\u064a\u0629 \u0648\u0631\u0627\u0626\u062d\u0629 \u0627\u0644\u0646\u0639\u0646\u0627\u0639 \u0627\u0644\u0645\u0646\u0639\u0634\u0629. \u0632\u064a\u062a \u0634\u0641\u0627\u0647 \u0648\u0631\u062f\u064a \u0644\u0627\u0645\u0639 \u0644\u0644\u063a\u0627\u064a\u0629 \u064a\u063a\u0630\u064a \u0648\u064a\u0631\u0637\u0628 \u0648\u064a\u0639\u0632\u0632 \u0644\u0648\u0646 \u0634\u0641\u062a\u064a\u0643 \u0627\u0644\u0637\u0628\u064a\u0639\u064a! \u0627\u0644\u0645\u0645\u064a\u0632\u0627\u062a: &#8211; \u0632\u064a\u062a \u0634\u0641\u0627\u0647 \u063a\u064a\u0631 \u0644\u0632\u062c \u0648\u0645\u0631\u0637\u0628 \u0628\u0644\u0645\u0633\u0629 \u0646\u0647\u0627\u0626\u064a\u0629 \u0634\u062f\u064a\u062f\u0629 \u0627\u0644\u0644\u0645\u0639\u0627\u0646 &#8211; \u0623\u062f\u0627\u0629 \u062a\u0648\u0632\u064a\u0639 \u0643\u0628\u064a\u0631\u0629 [&hellip;]<\/p>\n","protected":false},"featured_media":22003,"template":"","meta":[],"pwb-brand":[1063],"product_brand":[],"product_cat":[1177,1180],"product_tag":[],"class_list":{"0":"post-22004","1":"product","2":"type-product","3":"status-publish","4":"has-post-thumbnail","6":"pwb-brand-elf","7":"product_cat-lips-balm-makeup","8":"product_cat-lips-gloss-makeup","10":"first","11":"instock","12":"shipping-taxable","13":"purchasable","14":"product-type-variable","15":"has-default-attributes","16":"wvs-archive-product-wrapper"},"brands":[{"id":1063,"name":"e.l.f.","slug":"elfe"}],"_links":{"self":[{"href":"https:\/\/gopinkish.com\/fr\/wp-json\/wp\/v2\/product\/22004","targetHints":{"allow":["GET"]}}],"collection":[{"href":"https:\/\/gopinkish.com\/fr\/wp-json\/wp\/v2\/product"}],"about":[{"href":"https:\/\/gopinkish.com\/fr\/wp-json\/wp\/v2\/types\/product"}],"wp:featuredmedia":[{"embeddable":true,"href":"https:\/\/gopinkish.com\/fr\/wp-json\/wp\/v2\/media\/22003"}],"wp:attachment":[{"href":"https:\/\/gopinkish.com\/fr\/wp-json\/wp\/v2\/media?parent=22004"}],"wp:term":[{"taxonomy":"pwb-brand","embeddable":true,"href":"https:\/\/gopinkish.com\/fr\/wp-json\/wp\/v2\/pwb-brand?post=22004"},{"taxonomy":"product_brand","embeddable":true,"href":"https:\/\/gopinkish.com\/fr\/wp-json\/wp\/v2\/product_brand?post=22004"},{"taxonomy":"product_cat","embeddable":true,"href":"https:\/\/gopinkish.com\/fr\/wp-json\/wp\/v2\/product_cat?post=22004"},{"taxonomy":"product_tag","embeddable":true,"href":"https:\/\/gopinkish.com\/fr\/wp-json\/wp\/v2\/product_tag?post=22004"}],"curies":[{"name":"wp","href":"https:\/\/api.w.org\/{rel}","templated":true}]}}