{"id":21898,"date":"2024-12-29T15:09:34","date_gmt":"2024-12-29T14:09:34","guid":{"rendered":"https:\/\/gopinkish.com\/?post_type=product&#038;p=21898"},"modified":"2026-04-20T15:01:16","modified_gmt":"2026-04-20T14:01:16","slug":"8809640734595","status":"publish","type":"product","link":"https:\/\/gopinkish.com\/fr\/produit\/8809640734595\/","title":{"rendered":"Un s\u00e9rum \u00e9claircissant efficace \u00e0 base de r\u00e9tinol et de niacinamide pour att\u00e9nuer les ridules et am\u00e9liorer l'hyperpigmentation."},"content":{"rendered":"<p style=\"text-align: justify;\">Ceci est la version renouvel\u00e9e de Nano Retinol 0.3% + Niacin Renewing Serum. Seuls le titre et l'emballage du produit ont \u00e9t\u00e9 modifi\u00e9s.<\/p>\n<p style=\"text-align: justify;\"><strong>Avantages :<\/strong><\/p>\n<p style=\"text-align: justify;\">- Un puissant s\u00e9rum \u00e9claircissant enrichi en r\u00e9tinol et en niacinamide pour lisser les ridules et am\u00e9liorer l'hyperpigmentation, tout en restaurant l'\u00e9lasticit\u00e9 de la peau.<br \/>\n- Enrichi de 8 peptides pour amplifier l'effet hydratant et r\u00e9duire davantage les rides, tout en minimisant l'apparence des pores et en renfor\u00e7ant le rel\u00e2chement cutan\u00e9.<br \/>\n- Sa formule hydratante et apaisante contient des ingr\u00e9dients tels que l'huile de feuilles de th\u00e9ier, l'huile de graines de Caraba Giannensis et des c\u00e9ramides.<br \/>\nTest d'irritation cutan\u00e9e r\u00e9alis\u00e9, convient aux peaux sensibles.<\/p>\n<p style=\"text-align: justify;\"><strong>Comment l'utiliser ?<\/strong><br \/>\n1. Lors de votre routine de soin du soir, appliquez moins de la moiti\u00e9 de la quantit\u00e9 de s\u00e9rum que vous utiliseriez normalement.<br \/>\n2. Si vous l'utilisez le matin, appliquez ensuite une quantit\u00e9 g\u00e9n\u00e9reuse de cr\u00e8me solaire.<br \/>\n3. Pendant les deux premi\u00e8res semaines d'utilisation, utilisez le produit un jour sur deux pour permettre \u00e0 votre peau de s'y habituer progressivement.<\/p>\n<p dir=\"ltr\" style=\"text-align: center;\">\ud83c\uddec\ud83c\udde7 Anua Retinol 0.3% + Niacin Renewing Serum<br \/>\n\ud83c\uddeb\ud83c\uddf7 S\u00e9rum R\u00e9g\u00e9n\u00e9rant Anua au R\u00e9tinol 0,3 % et Niacine<\/p>","protected":false},"excerpt":{"rendered":"<p><span style=\"color: #ff0000;\"><strong>Date d'expiration du produit : mars 2026<\/strong><\/span><\/p>","protected":false},"featured_media":21904,"template":"","meta":[],"pwb-brand":[1244],"product_brand":[],"product_cat":[1227,1123,1230],"product_tag":[685,1013,671,763],"class_list":{"0":"post-21898","1":"product","2":"type-product","3":"status-publish","4":"has-post-thumbnail","6":"pwb-brand-anua","7":"product_cat-face-renew","8":"product_cat-face-bright","9":"product_cat-face-serum","10":"product_tag-brightening","11":"product_tag-1013","12":"product_tag-pigmentation","13":"product_tag-korean-product-2","15":"first","16":"instock","17":"shipping-taxable","18":"purchasable","19":"product-type-variable","20":"has-default-attributes","21":"wvs-archive-product-wrapper"},"brands":[{"id":1244,"name":"Anua","slug":"anua"}],"_links":{"self":[{"href":"https:\/\/gopinkish.com\/fr\/wp-json\/wp\/v2\/product\/21898","targetHints":{"allow":["GET"]}}],"collection":[{"href":"https:\/\/gopinkish.com\/fr\/wp-json\/wp\/v2\/product"}],"about":[{"href":"https:\/\/gopinkish.com\/fr\/wp-json\/wp\/v2\/types\/product"}],"wp:featuredmedia":[{"embeddable":true,"href":"https:\/\/gopinkish.com\/fr\/wp-json\/wp\/v2\/media\/21904"}],"wp:attachment":[{"href":"https:\/\/gopinkish.com\/fr\/wp-json\/wp\/v2\/media?parent=21898"}],"wp:term":[{"taxonomy":"pwb-brand","embeddable":true,"href":"https:\/\/gopinkish.com\/fr\/wp-json\/wp\/v2\/pwb-brand?post=21898"},{"taxonomy":"product_brand","embeddable":true,"href":"https:\/\/gopinkish.com\/fr\/wp-json\/wp\/v2\/product_brand?post=21898"},{"taxonomy":"product_cat","embeddable":true,"href":"https:\/\/gopinkish.com\/fr\/wp-json\/wp\/v2\/product_cat?post=21898"},{"taxonomy":"product_tag","embeddable":true,"href":"https:\/\/gopinkish.com\/fr\/wp-json\/wp\/v2\/product_tag?post=21898"}],"curies":[{"name":"wp","href":"https:\/\/api.w.org\/{rel}","templated":true}]}}