{"id":21723,"date":"2024-12-21T21:46:30","date_gmt":"2024-12-21T20:46:30","guid":{"rendered":"https:\/\/gopinkish.com\/?post_type=product&#038;p=21723"},"modified":"2025-03-05T21:36:42","modified_gmt":"2025-03-05T20:36:42","slug":"8800256112227","status":"publish","type":"product","link":"https:\/\/gopinkish.com\/fr\/produit\/8800256112227\/","title":{"rendered":"Cr\u00e8me g\u00e9lifi\u00e9e au collag\u00e8ne et au niacinamide pour att\u00e9nuer les rides et am\u00e9liorer l'\u00e9lasticit\u00e9."},"content":{"rendered":"<p style=\"text-align: justify;\">\u062a\u062e\u0644\u0635\u064a \u0645\u0646 \u0639\u0644\u0627\u0645\u0627\u062a \u0627\u0644\u0634\u064a\u062e\u0648\u062e\u0629 \u0628\u0627\u0633\u062a\u062e\u062f\u0627\u0645 \u0647\u0630\u0627 \u0627\u0644\u0643\u0631\u064a\u0645 \u0627\u0644\u062c\u0644 \u0627\u0644\u0645\u0639\u0632\u0632 \u0628\u0627\u0644\u0643\u0648\u0644\u0627\u062c\u064a\u0646 \u0648\u0627\u0644\u0625\u064a\u0644\u0627\u0633\u062a\u064a\u0646 \u0644\u062a\u062d\u0633\u064a\u0646 \u0645\u0631\u0648\u0646\u0629 \u0627\u0644\u062c\u0644\u062f \u0648\u062a\u0642\u0644\u064a\u0644 \u0627\u0644\u062a\u062c\u0627\u0639\u064a\u062f. \u064a\u0633\u0627\u0639\u062f \u0627\u0644\u0646\u064a\u0627\u0633\u064a\u0646\u0627\u0645\u064a\u062f \u0648\u0645\u0633\u062a\u062e\u0644\u0635 \u0627\u0644\u062a\u0648\u062a \u0627\u0644\u0623\u0632\u0631\u0642 \u0639\u0644\u0649 \u062a\u0639\u0632\u064a\u0632 \u0625\u0634\u0631\u0627\u0642\u0629 \u0627\u0644\u0628\u0634\u0631\u0629\u060c \u0628\u064a\u0646\u0645\u0627 \u064a\u0639\u0645\u0644 \u062d\u0645\u0636 \u0627\u0644\u0647\u064a\u0627\u0644\u0648\u0631\u0648\u0646\u064a\u0643 \u0648\u0627\u0644\u0633\u0643\u0648\u0627\u0644\u064a\u0646 \u0639\u0644\u0649 \u062a\u0642\u0648\u064a\u0629 \u062d\u0627\u062c\u0632 \u0627\u0644\u0631\u0637\u0648\u0628\u0629 \u0641\u064a \u0627\u0644\u062c\u0644\u062f. \u062a\u0645 \u062a\u0631\u0643\u064a\u0628 \u0627\u0644\u0643\u0631\u064a\u0645 \u0628\u062f\u0648\u0646 \u0645\u0648\u0627\u062f \u0645\u0644\u0648\u0646\u0629 \u0635\u0646\u0627\u0639\u064a\u0629\u060c \u0648\u064a\u0623\u062a\u064a \u0627\u0644\u0644\u0648\u0646 \u0627\u0644\u0648\u0631\u062f\u064a \u0644\u0644\u0643\u0631\u064a\u0645 \u0645\u0646 \u0645\u0643\u0648\u0646\u0627\u062a \u063a\u0646\u064a\u0629 \u0628\u0627\u0644\u0641\u064a\u062a\u0627\u0645\u064a\u0646\u0627\u062a.<\/p>\n<p style=\"text-align: justify;\">\u0643\u0631\u064a\u0645 \u0647\u0644\u0627\u0645 \u0627\u0644\u0643\u0648\u0644\u0627\u062c\u064a\u0646 \u0627\u0644\u0634\u0641\u0627\u0641 \u0627\u0644\u0630\u064a \u064a\u0648\u0641\u0631 \u0641\u0648\u0627\u0626\u062f \u0645\u0636\u0627\u062f\u0629 \u0644\u0644\u0634\u064a\u062e\u0648\u062e\u0629 \u0644\u062a\u0639\u0632\u064a\u0632 \u0645\u0644\u0627\u0645\u062d \u0627\u0644\u0648\u062c\u0647\u060c \u0648\u062a\u0639\u0632\u064a\u0632 \u0627\u0644\u062a\u0645\u0627\u0633\u0643\u060c \u0648\u0627\u0644\u062d\u0635\u0648\u0644 \u0639\u0644\u0649 \u0628\u0634\u0631\u0629 \u0645\u0635\u0642\u0648\u0644\u0629 \u0648\u0645\u062a\u0648\u0647\u062c\u0629. \u0628\u0639\u062f \u0627\u0644\u0627\u0633\u062a\u062e\u062f\u0627\u0645 \u0645\u0628\u0627\u0634\u0631\u0629\u060c \u064a\u0633\u062a\u0639\u064a\u062f \u0627\u0644\u062c\u0644\u062f \u0625\u0634\u0631\u0627\u0642\u0647 \u0627\u0644\u062f\u0627\u062e\u0644\u064a \u0627\u0644\u0637\u0628\u064a\u0639\u064a \u0628\u062a\u0623\u062b\u064a\u0631 &#8220;\u062a\u0648\u0647\u062c \u0627\u0644\u0632\u062c\u0627\u062c \u0627\u0644\u0643\u0648\u0631\u064a&#8221; \u0627\u0644\u0645\u0634\u062f\u0648\u062f \u0648\u0627\u0644\u0645\u0634\u0631\u0642 \u0648\u0627\u0644\u0645\u0643\u062b\u0641.<\/p>\n<p style=\"text-align: justify;\">Test\u00e9 par des dermatologues<br \/>\n\u063a\u064a\u0631 \u0645\u0632\u0639\u062c<br \/>\n\u062e\u0627\u0644\u064a \u0645\u0646 \u0627\u0644\u0633\u064a\u0644\u064a\u0643\u0648\u0646<br \/>\n\u062f\u0631\u062c\u0629 \u0627\u0644\u062d\u0645\u0648\u0636\u0629 5.69-7.69<br \/>\n\u0628\u062f\u0648\u0646 \u0623\u0644\u0648\u0627\u0646 \u0635\u0646\u0627\u0639\u064a\u0629<\/p>","protected":false},"excerpt":{"rendered":"<p>\u062a\u062e\u0644\u0635\u064a \u0645\u0646 \u0639\u0644\u0627\u0645\u0627\u062a \u0627\u0644\u0634\u064a\u062e\u0648\u062e\u0629 \u0628\u0627\u0633\u062a\u062e\u062f\u0627\u0645 \u0647\u0630\u0627 \u0627\u0644\u0643\u0631\u064a\u0645 \u0627\u0644\u062c\u0644 \u0627\u0644\u0645\u0639\u0632\u0632 \u0628\u0627\u0644\u0643\u0648\u0644\u0627\u062c\u064a\u0646 \u0648\u0627\u0644\u0625\u064a\u0644\u0627\u0633\u062a\u064a\u0646 \u0644\u062a\u062d\u0633\u064a\u0646 \u0645\u0631\u0648\u0646\u0629 \u0627\u0644\u062c\u0644\u062f \u0648\u062a\u0642\u0644\u064a\u0644 \u0627\u0644\u062a\u062c\u0627\u0639\u064a\u062f. \u064a\u0633\u0627\u0639\u062f \u0627\u0644\u0646\u064a\u0627\u0633\u064a\u0646\u0627\u0645\u064a\u062f \u0648\u0645\u0633\u062a\u062e\u0644\u0635 \u0627\u0644\u062a\u0648\u062a \u0627\u0644\u0623\u0632\u0631\u0642 \u0639\u0644\u0649 \u062a\u0639\u0632\u064a\u0632 \u0625\u0634\u0631\u0627\u0642\u0629 \u0627\u0644\u0628\u0634\u0631\u0629\u060c \u0628\u064a\u0646\u0645\u0627 \u064a\u0639\u0645\u0644 \u062d\u0645\u0636 \u0627\u0644\u0647\u064a\u0627\u0644\u0648\u0631\u0648\u0646\u064a\u0643 \u0648\u0627\u0644\u0633\u0643\u0648\u0627\u0644\u064a\u0646 \u0639\u0644\u0649 \u062a\u0642\u0648\u064a\u0629 \u062d\u0627\u062c\u0632 \u0627\u0644\u0631\u0637\u0648\u0628\u0629 \u0641\u064a \u0627\u0644\u062c\u0644\u062f. \u062a\u0645 \u062a\u0631\u0643\u064a\u0628 \u0627\u0644\u0643\u0631\u064a\u0645 \u0628\u062f\u0648\u0646 \u0645\u0648\u0627\u062f \u0645\u0644\u0648\u0646\u0629 \u0635\u0646\u0627\u0639\u064a\u0629\u060c \u0648\u064a\u0623\u062a\u064a \u0627\u0644\u0644\u0648\u0646 \u0627\u0644\u0648\u0631\u062f\u064a \u0644\u0644\u0643\u0631\u064a\u0645 \u0645\u0646 \u0645\u0643\u0648\u0646\u0627\u062a \u063a\u0646\u064a\u0629 \u0628\u0627\u0644\u0641\u064a\u062a\u0627\u0645\u064a\u0646\u0627\u062a. \u0643\u0631\u064a\u0645 \u0647\u0644\u0627\u0645 \u0627\u0644\u0643\u0648\u0644\u0627\u062c\u064a\u0646 \u0627\u0644\u0634\u0641\u0627\u0641 [&hellip;]<\/p>\n","protected":false},"featured_media":21728,"template":"","meta":[],"pwb-brand":[1393],"product_brand":[],"product_cat":[1227],"product_tag":[672,1013,763],"class_list":{"0":"post-21723","1":"product","2":"type-product","3":"status-publish","4":"has-post-thumbnail","6":"pwb-brand-medicube","7":"product_cat-face-renew","8":"product_tag-wrinkles","9":"product_tag-1013","10":"product_tag-korean-product-2","12":"first","13":"outofstock","14":"shipping-taxable","15":"product-type-variable","16":"has-default-attributes","17":"wvs-archive-product-wrapper"},"brands":[{"id":1393,"name":"MediCube","slug":"medicube"}],"_links":{"self":[{"href":"https:\/\/gopinkish.com\/fr\/wp-json\/wp\/v2\/product\/21723","targetHints":{"allow":["GET"]}}],"collection":[{"href":"https:\/\/gopinkish.com\/fr\/wp-json\/wp\/v2\/product"}],"about":[{"href":"https:\/\/gopinkish.com\/fr\/wp-json\/wp\/v2\/types\/product"}],"wp:featuredmedia":[{"embeddable":true,"href":"https:\/\/gopinkish.com\/fr\/wp-json\/wp\/v2\/media\/21728"}],"wp:attachment":[{"href":"https:\/\/gopinkish.com\/fr\/wp-json\/wp\/v2\/media?parent=21723"}],"wp:term":[{"taxonomy":"pwb-brand","embeddable":true,"href":"https:\/\/gopinkish.com\/fr\/wp-json\/wp\/v2\/pwb-brand?post=21723"},{"taxonomy":"product_brand","embeddable":true,"href":"https:\/\/gopinkish.com\/fr\/wp-json\/wp\/v2\/product_brand?post=21723"},{"taxonomy":"product_cat","embeddable":true,"href":"https:\/\/gopinkish.com\/fr\/wp-json\/wp\/v2\/product_cat?post=21723"},{"taxonomy":"product_tag","embeddable":true,"href":"https:\/\/gopinkish.com\/fr\/wp-json\/wp\/v2\/product_tag?post=21723"}],"curies":[{"name":"wp","href":"https:\/\/api.w.org\/{rel}","templated":true}]}}