{"id":21654,"date":"2024-12-06T03:20:37","date_gmt":"2024-12-06T02:20:37","guid":{"rendered":"https:\/\/gopinkish.com\/?post_type=product&#038;p=21654"},"modified":"2025-06-14T12:04:13","modified_gmt":"2025-06-14T11:04:13","slug":"3600531379766","status":"publish","type":"product","link":"https:\/\/gopinkish.com\/fr\/produit\/3600531379766\/","title":{"rendered":"Fond de teint mousse avec un primer facile \u00e0 m\u00e9langer et un \u00e9cran solaire"},"content":{"rendered":"<p>\u0643\u0631\u064a\u0645 \u0623\u0633\u0627\u0633 \u063a\u064a\u0631 \u0644\u0627\u0645\u0639 2 \u0641\u064a 1 + \u0628\u0631\u0627\u064a\u0645\u0631 \u064a\u0646\u062f\u0645\u062c\u0627\u0646 \u0628\u0633\u0647\u0648\u0644\u0629 \u0644\u0644\u062d\u0635\u0648\u0644 \u0639\u0644\u0649 \u0645\u0638\u0647\u0631 \u0637\u0628\u064a\u0639\u064a \u0648\u0646\u062a\u064a\u062c\u0629 \u0645\u062a\u0633\u0627\u0648\u064a\u0629. \u0645\u0639 \u0648\u0642\u0627\u064a\u0629 \u0645\u0646 \u0627\u0644\u0634\u0645\u0633.<\/p>\n<p>&#8211; \u062a\u063a\u0637\u064a\u0629 \u063a\u064a\u0631 \u0644\u0627\u0645\u0639\u0629 \u0645\u0639 \u0645\u0644\u0645\u0633 \u062e\u0641\u064a\u0641<br \/>\n&#8211; \u062a\u0631\u0643\u064a\u0628\u0629 \u0645\u062e\u0641\u0648\u0642\u0629<br \/>\n&#8211; \u0628\u0648\u0644\u064a\u0645\u0631\u0627\u062a \u0627\u0644\u0633\u064a\u0644\u064a\u0643\u0648\u0646 \u0644\u0644\u0645\u0633\u0627\u0639\u062f\u0629 \u0641\u064a \u0645\u0646\u0639 \u0627\u0644\u062a\u0643\u062a\u0644<br \/>\n&#8211; \u062a\u0645\u062a\u0632\u062c \u0628\u0633\u0647\u0648\u0644\u0629 \u0644\u0625\u0636\u0641\u0627\u0621 \u0646\u062a\u064a\u062c\u0629 \u0646\u0627\u0639\u0645\u0629 \u0648\u0637\u0628\u064a\u0639\u064a\u0629 \u0648\u0645\u0648\u062d\u062f\u0629 \u0627\u0644\u0644\u0648\u0646<\/p>\n<p>&nbsp;<\/p>\n<p>.<\/p>","protected":false},"excerpt":{"rendered":"<p>\u0643\u0631\u064a\u0645 \u0623\u0633\u0627\u0633 \u063a\u064a\u0631 \u0644\u0627\u0645\u0639 2 \u0641\u064a 1 + \u0628\u0631\u0627\u064a\u0645\u0631 \u064a\u0646\u062f\u0645\u062c\u0627\u0646 \u0628\u0633\u0647\u0648\u0644\u0629 \u0644\u0644\u062d\u0635\u0648\u0644 \u0639\u0644\u0649 \u0645\u0638\u0647\u0631 \u0637\u0628\u064a\u0639\u064a \u0648\u0646\u062a\u064a\u062c\u0629 \u0645\u062a\u0633\u0627\u0648\u064a\u0629. \u0645\u0639 \u0648\u0642\u0627\u064a\u0629 \u0645\u0646 \u0627\u0644\u0634\u0645\u0633. &#8211; \u062a\u063a\u0637\u064a\u0629 \u063a\u064a\u0631 \u0644\u0627\u0645\u0639\u0629 \u0645\u0639 \u0645\u0644\u0645\u0633 \u062e\u0641\u064a\u0641 &#8211; \u062a\u0631\u0643\u064a\u0628\u0629 \u0645\u062e\u0641\u0648\u0642\u0629 &#8211; \u0628\u0648\u0644\u064a\u0645\u0631\u0627\u062a \u0627\u0644\u0633\u064a\u0644\u064a\u0643\u0648\u0646 \u0644\u0644\u0645\u0633\u0627\u0639\u062f\u0629 \u0641\u064a \u0645\u0646\u0639 \u0627\u0644\u062a\u0643\u062a\u0644 &#8211; \u062a\u0645\u062a\u0632\u062c \u0628\u0633\u0647\u0648\u0644\u0629 \u0644\u0625\u0636\u0641\u0627\u0621 \u0646\u062a\u064a\u062c\u0629 \u0646\u0627\u0639\u0645\u0629 \u0648\u0637\u0628\u064a\u0639\u064a\u0629 \u0648\u0645\u0648\u062d\u062f\u0629 \u0627\u0644\u0644\u0648\u0646 &nbsp; .<\/p>","protected":false},"featured_media":21655,"template":"","meta":[],"pwb-brand":[238],"product_brand":[],"product_cat":[1175,1174],"product_tag":[],"class_list":{"0":"post-21654","1":"product","2":"type-product","3":"status-publish","4":"has-post-thumbnail","6":"pwb-brand-maybelline-new-york","7":"product_cat-foundation-makeup","8":"product_cat-base-primer-makeup","10":"first","11":"outofstock","12":"shipping-taxable","13":"product-type-variable","14":"has-default-attributes","15":"wvs-archive-product-wrapper"},"brands":[{"id":238,"name":"Maybelline New York","slug":"maybelline-new-york"}],"_links":{"self":[{"href":"https:\/\/gopinkish.com\/fr\/wp-json\/wp\/v2\/product\/21654","targetHints":{"allow":["GET"]}}],"collection":[{"href":"https:\/\/gopinkish.com\/fr\/wp-json\/wp\/v2\/product"}],"about":[{"href":"https:\/\/gopinkish.com\/fr\/wp-json\/wp\/v2\/types\/product"}],"wp:featuredmedia":[{"embeddable":true,"href":"https:\/\/gopinkish.com\/fr\/wp-json\/wp\/v2\/media\/21655"}],"wp:attachment":[{"href":"https:\/\/gopinkish.com\/fr\/wp-json\/wp\/v2\/media?parent=21654"}],"wp:term":[{"taxonomy":"pwb-brand","embeddable":true,"href":"https:\/\/gopinkish.com\/fr\/wp-json\/wp\/v2\/pwb-brand?post=21654"},{"taxonomy":"product_brand","embeddable":true,"href":"https:\/\/gopinkish.com\/fr\/wp-json\/wp\/v2\/product_brand?post=21654"},{"taxonomy":"product_cat","embeddable":true,"href":"https:\/\/gopinkish.com\/fr\/wp-json\/wp\/v2\/product_cat?post=21654"},{"taxonomy":"product_tag","embeddable":true,"href":"https:\/\/gopinkish.com\/fr\/wp-json\/wp\/v2\/product_tag?post=21654"}],"curies":[{"name":"wp","href":"https:\/\/api.w.org\/{rel}","templated":true}]}}