{"id":21513,"date":"2024-12-17T02:11:09","date_gmt":"2024-12-17T01:11:09","guid":{"rendered":"https:\/\/gopinkish.com\/?post_type=product&#038;p=21513"},"modified":"2025-01-30T20:57:50","modified_gmt":"2025-01-30T19:57:50","slug":"8411300721397","status":"publish","type":"product","link":"https:\/\/gopinkish.com\/fr\/produit\/8411300721397\/","title":{"rendered":"Correcteur enrichi en caf\u00e9ine avec une couvrance confortable et \u00e9claircissante"},"content":{"rendered":"<p style=\"text-align: justify;\">Une texture onctueuse et une couvrance parfaite : Sa formule hydratante dissimule les cernes et les imperfections sans laisser de marques ni de traces physiques. Elle s'estompe facilement pour une couvrance confortable et \u00e9clatante tout au long de la journ\u00e9e. Un applicateur parfait : L'embout souple et flexible permet de pr\u00e9lever la juste quantit\u00e9 de produit et de l'appliquer avec pr\u00e9cision.<br \/>\nR\u00e9sultat : Cernes, poches et imperfections sont dissimul\u00e9s pour un fini uniforme et imperceptible. D\u00e8s 7 jours, la formule enrichie en caf\u00e9ine et autres actifs adoucit le contour de l'\u0153il et att\u00e9nue visiblement les cernes. D\u00e8s 28 jours, les poches sous les yeux sont r\u00e9duites.<\/p>\n<p style=\"text-align: justify;\">Ce correcteur enrichi en caf\u00e9ine s'estompe facilement pour une couvrance confortable et \u00e9clatante tout au long de la journ\u00e9e.<\/p>\n<p style=\"text-align: justify;\">Sa formule hydratante dissimule les cernes et les imperfections sans laisser de traces ni d'impact physique. Le correcteur r\u00e9duit visiblement les cernes d\u00e8s 7 jours et les poches d\u00e8s 28 jours.<\/p>","protected":false},"excerpt":{"rendered":"<p>\u0642\u0648\u0627\u0645 \u0646\u0627\u0639\u0645 \u0648\u062a\u063a\u0637\u064a\u0629 \u0645\u062b\u0627\u0644\u064a\u0629: \u062a\u0631\u0643\u064a\u0628\u062a\u0647 \u0627\u0644\u0645\u0631\u0637\u0628\u0629 \u062a\u062e\u0641\u064a \u0627\u0644\u0647\u0627\u0644\u0627\u062a \u0627\u0644\u0633\u0648\u062f\u0627\u0621 \u0648\u0627\u0644\u0634\u0648\u0627\u0626\u0628 \u062f\u0648\u0646 \u062a\u0631\u0643 \u0639\u0644\u0627\u0645\u0627\u062a \u0623\u0648 \u062a\u0623\u062b\u064a\u0631 \u0645\u0627\u062f\u064a. \u064a\u062a\u0644\u0627\u0634\u0649 \u0628\u0633\u0647\u0648\u0644\u0629 \u0644\u062a\u063a\u0637\u064a\u0629 \u0645\u0631\u064a\u062d\u0629 \u0648\u0645\u0634\u0631\u0642\u0629 \u0637\u0648\u0627\u0644 \u0627\u0644\u064a\u0648\u0645. \u0623\u062f\u0627\u0629 \u062a\u0637\u0628\u064a\u0642 \u0645\u062b\u0627\u0644\u064a\u0629: \u064a\u0633\u0645\u062d \u0644\u0643 \u0637\u0631\u0641\u0647 \u0627\u0644\u0646\u0627\u0639\u0645 \u0648\u0627\u0644\u0645\u0631\u0646 \u0628\u0623\u062e\u0630 \u0627\u0644\u0643\u0645\u064a\u0629 \u0627\u0644\u0645\u0646\u0627\u0633\u0628\u0629 \u0645\u0646 \u0627\u0644\u0645\u0646\u062a\u062c \u0648\u062a\u0637\u0628\u064a\u0642\u0647 \u0628\u062f\u0642\u0629. \u0627\u0644\u0646\u062a\u064a\u062c\u0629: \u064a\u062a\u0645 \u0625\u062e\u0641\u0627\u0621 \u0627\u0644\u0647\u0627\u0644\u0627\u062a \u0627\u0644\u0633\u0648\u062f\u0627\u0621 \u0648\u0627\u0644\u0627\u0646\u062a\u0641\u0627\u062e\u0627\u062a \u0648\u0627\u0644\u0634\u0648\u0627\u0626\u0628 \u0644\u0644\u062d\u0635\u0648\u0644 \u0639\u0644\u0649 \u0644\u0645\u0633\u0629 \u0646\u0647\u0627\u0626\u064a\u0629 \u0645\u0648\u062d\u062f\u0629 \u063a\u064a\u0631 \u0645\u062d\u0633\u0648\u0633\u0629. \u0645\u0646 7 \u0623\u064a\u0627\u0645\u060c [&hellip;]<\/p>\n","protected":false},"featured_media":21515,"template":"","meta":[],"pwb-brand":[239],"product_brand":[],"product_cat":[1173],"product_tag":[],"class_list":{"0":"post-21513","1":"product","2":"type-product","3":"status-publish","4":"has-post-thumbnail","6":"pwb-brand-loreal","7":"product_cat-concealer-makeup","9":"first","10":"outofstock","11":"shipping-taxable","12":"product-type-variable","13":"has-default-attributes","14":"wvs-archive-product-wrapper"},"brands":[{"id":239,"name":"L'Or\u00e9al Paris","slug":"loreal"}],"_links":{"self":[{"href":"https:\/\/gopinkish.com\/fr\/wp-json\/wp\/v2\/product\/21513","targetHints":{"allow":["GET"]}}],"collection":[{"href":"https:\/\/gopinkish.com\/fr\/wp-json\/wp\/v2\/product"}],"about":[{"href":"https:\/\/gopinkish.com\/fr\/wp-json\/wp\/v2\/types\/product"}],"wp:featuredmedia":[{"embeddable":true,"href":"https:\/\/gopinkish.com\/fr\/wp-json\/wp\/v2\/media\/21515"}],"wp:attachment":[{"href":"https:\/\/gopinkish.com\/fr\/wp-json\/wp\/v2\/media?parent=21513"}],"wp:term":[{"taxonomy":"pwb-brand","embeddable":true,"href":"https:\/\/gopinkish.com\/fr\/wp-json\/wp\/v2\/pwb-brand?post=21513"},{"taxonomy":"product_brand","embeddable":true,"href":"https:\/\/gopinkish.com\/fr\/wp-json\/wp\/v2\/product_brand?post=21513"},{"taxonomy":"product_cat","embeddable":true,"href":"https:\/\/gopinkish.com\/fr\/wp-json\/wp\/v2\/product_cat?post=21513"},{"taxonomy":"product_tag","embeddable":true,"href":"https:\/\/gopinkish.com\/fr\/wp-json\/wp\/v2\/product_tag?post=21513"}],"curies":[{"name":"wp","href":"https:\/\/api.w.org\/{rel}","templated":true}]}}