{"id":21468,"date":"2024-12-17T00:04:06","date_gmt":"2024-12-16T23:04:06","guid":{"rendered":"https:\/\/gopinkish.com\/?post_type=product&#038;p=21468"},"modified":"2026-04-04T14:54:51","modified_gmt":"2026-04-04T13:54:51","slug":"071249674673","status":"publish","type":"product","link":"https:\/\/gopinkish.com\/fr\/produit\/071249674673\/","title":{"rendered":"Blush poudre au fini doux"},"content":{"rendered":"<p style=\"text-align: justify;\">Demandez plus de poudre longue tenue d'Infallible, maintenant sous forme de fard \u00e0 joues. La texture l\u00e9g\u00e8re et duveteuse de la poudre offre une couvrance modulable et une couleur audacieuse. Cette poudre donne un fini mat, doux et lisse, qui ne se transf\u00e8re pas. R\u00e9siste \u00e0 l'eau, \u00e0 la chaleur et \u00e0 la transpiration.<\/p>\n<p style=\"text-align: justify;\">Disponible en quatre teintes \u00e9tonnantes qui illuminent une vari\u00e9t\u00e9 de tons de peau. Il s'applique en douceur et n'obstrue pas les pores. Fard \u00e0 joues audacieux. Soyez incomparable !<\/p>\n<p dir=\"ltr\" style=\"text-align: center;\">\ud83c\uddec\ud83c\udde7 L'Or\u00e9al Paris Infallible 24H Fresh Wear Blush Powder<br \/>\n\ud83c\uddeb\ud83c\uddf7 Fard \u00e0 Joues Poudre L'Or\u00e9al Paris Infallible 24H<\/p>","protected":false},"excerpt":{"rendered":"<p>\u0627\u0637\u0644\u0628\u064a \u0627\u0644\u0645\u0632\u064a\u062f \u0645\u0646 \u0628\u0648\u062f\u0631\u0629 Infallible \u0627\u0644\u062a\u064a \u062a\u062f\u0648\u0645 \u0637\u0648\u064a\u0644\u0627\u064b \u0627\u0644\u0622\u0646 \u062a\u0623\u062a\u064a\u0643 \u0639\u0644\u0649 \u0634\u0643\u0644 \u0623\u062d\u0645\u0631 \u062e\u062f\u0648\u062f. \u064a\u0645\u0646\u062d\u0643 \u0642\u0648\u0627\u0645 \u0627\u0644\u0628\u0648\u062f\u0631\u0629 \u0627\u0644\u062e\u0641\u064a\u0641 \u0648\u0627\u0644\u0631\u0641\u064a\u0639 \u062a\u063a\u0637\u064a\u0629 \u0642\u0627\u0628\u0644\u0629 \u0644\u0644\u0628\u0646\u0627\u0621 \u0648\u0644\u0648\u0646\u064b\u0627 \u062c\u0631\u064a\u0626\u064b\u0627. \u062a\u0645\u0646\u062d\u0643 \u0647\u0630\u0627 \u0627\u0644\u0628\u0648\u062f\u0631\u0629 \u0644\u0645\u0633\u0629 \u0646\u0647\u0627\u0626\u064a\u0629 \u063a\u064a\u0631 \u0644\u0627\u0645\u0639\u0629 \u0648\u0646\u0627\u0639\u0645\u0629 \u0648\u0644\u0627 \u062a\u0646\u062a\u0642\u0644. \u0645\u0642\u0627\u0648\u0645\u0629 \u0644\u0644\u0645\u0627\u0621 \u0648\u0627\u0644\u062d\u0631\u0627\u0631\u0629 \u0648\u0627\u0644\u0639\u0631\u0642. \u0645\u062a\u0648\u0641\u0631\u0629 \u0628\u0623\u0631\u0628\u0639\u0629 \u0638\u0644\u0627\u0644 \u0645\u0630\u0647\u0644\u0629 \u062a\u0636\u0641\u064a \u0627\u0644\u062d\u064a\u0648\u064a\u0629 \u0639\u0644\u0649 \u0645\u062c\u0645\u0648\u0639\u0629 \u0645\u062a\u0646\u0648\u0639\u0629 \u0645\u0646 \u062f\u0631\u062c\u0627\u062a \u0627\u0644\u0628\u0634\u0631\u0629. \u064a\u062a\u0645 \u0648\u0636\u0639\u0647\u0627 \u0628\u0633\u0644\u0627\u0633\u0629 \u0648\u0644\u0627 \u062a\u0633\u062f [&hellip;]<\/p>\n","protected":false},"featured_media":21472,"template":"","meta":[],"pwb-brand":[239],"product_brand":[],"product_cat":[1169],"product_tag":[],"class_list":{"0":"post-21468","1":"product","2":"type-product","3":"status-publish","4":"has-post-thumbnail","6":"pwb-brand-loreal","7":"product_cat-blush-makeup","9":"first","10":"outofstock","11":"shipping-taxable","12":"product-type-variable","13":"has-default-attributes","14":"wvs-archive-product-wrapper"},"brands":[{"id":239,"name":"L'Or\u00e9al Paris","slug":"loreal"}],"_links":{"self":[{"href":"https:\/\/gopinkish.com\/fr\/wp-json\/wp\/v2\/product\/21468","targetHints":{"allow":["GET"]}}],"collection":[{"href":"https:\/\/gopinkish.com\/fr\/wp-json\/wp\/v2\/product"}],"about":[{"href":"https:\/\/gopinkish.com\/fr\/wp-json\/wp\/v2\/types\/product"}],"wp:featuredmedia":[{"embeddable":true,"href":"https:\/\/gopinkish.com\/fr\/wp-json\/wp\/v2\/media\/21472"}],"wp:attachment":[{"href":"https:\/\/gopinkish.com\/fr\/wp-json\/wp\/v2\/media?parent=21468"}],"wp:term":[{"taxonomy":"pwb-brand","embeddable":true,"href":"https:\/\/gopinkish.com\/fr\/wp-json\/wp\/v2\/pwb-brand?post=21468"},{"taxonomy":"product_brand","embeddable":true,"href":"https:\/\/gopinkish.com\/fr\/wp-json\/wp\/v2\/product_brand?post=21468"},{"taxonomy":"product_cat","embeddable":true,"href":"https:\/\/gopinkish.com\/fr\/wp-json\/wp\/v2\/product_cat?post=21468"},{"taxonomy":"product_tag","embeddable":true,"href":"https:\/\/gopinkish.com\/fr\/wp-json\/wp\/v2\/product_tag?post=21468"}],"curies":[{"name":"wp","href":"https:\/\/api.w.org\/{rel}","templated":true}]}}